{"id":11997,"date":"2020-10-30T15:21:20","date_gmt":"2020-10-30T15:21:20","guid":{"rendered":"https:\/\/www.inedit.com\/?page_id=11997"},"modified":"2024-09-30T22:41:08","modified_gmt":"2024-09-30T22:41:08","slug":"neostampa-delta-2","status":"publish","type":"page","link":"https:\/\/www.inedit.com\/es\/neostampa-delta-2\/","title":{"rendered":"neoStampa Delta"},"content":{"rendered":"<div class=\"wpb-content-wrapper\"><p>[vc_section full_width=\u00bbstretch_row\u00bb parallax=\u00bbcontent-moving-fade\u00bb parallax_image=\u00bb12006&#8243;][vc_row][vc_column][vc_empty_space height=\u00bb100px\u00bb][vc_empty_space height=\u00bb100px\u00bb][vc_column_text]<\/p>\n<p style=\"text-align: center; line-height: 45px;\"><span style=\"color: #ffffff; font-size: 65px;\"><em>neoStampa<\/em><\/span><\/p>\n<p>&nbsp;<\/p>\n<p style=\"text-align: center;\"><strong><span style=\"font-size: 200px; color: #ffffff;\"><em>Delta<\/em><\/span><\/strong><\/p>\n<p>[\/vc_column_text][vc_empty_space height=\u00bb100px\u00bb][vc_empty_space height=\u00bb100px\u00bb][\/vc_column][\/vc_row][\/vc_section][vc_row full_width=\u00bbstretch_row\u00bb css=\u00bb.vc_custom_1620140259867{background-color: #c2e3f9 !important;background-position: center !important;background-repeat: no-repeat !important;background-size: cover !important;}\u00bb][vc_column][vc_empty_space height=\u00bb60px\u00bb][vc_column_text]<strong><span style=\"color: #808080; font-size: 18px;\">Nuevas aplicaciones de neoStampa Delta:<\/span><\/strong>[\/vc_column_text][vc_row_inner][vc_column_inner width=\u00bb1\/3&#8243;][vc_icon icon_fontawesome=\u00bbfas fa-volleyball-ball\u00bb color=\u00bbwhite\u00bb background_style=\u00bbrounded\u00bb background_color=\u00bbcustom\u00bb align=\u00bbcenter\u00bb custom_background_color=\u00bb#1c78bf\u00bb link=\u00bburl:https%3A%2F%2Fwww.inedit.com%2Fes%2Fneostampa-delta-sportwears%2F|title:neoStampa%20Delta%20Sportwears||\u00bb][vc_column_text]<\/p>\n<p style=\"text-align: center;\"><span style=\"font-size: 18px; color: #808080;\"><strong>Moda deportiva<\/strong><\/span><\/p>\n<p>[\/vc_column_text][\/vc_column_inner][vc_column_inner width=\u00bb1\/3&#8243;][vc_icon icon_fontawesome=\u00bbfas fa-tshirt\u00bb color=\u00bbwhite\u00bb background_style=\u00bbrounded\u00bb background_color=\u00bbcustom\u00bb align=\u00bbcenter\u00bb custom_background_color=\u00bb#1c78bf\u00bb link=\u00bburl:https%3A%2F%2Fwww.inedit.com%2Fes%2F13296-2%2F|title:neoStampa%20Delta%20%E2%80%93%20DTG||\u00bb][vc_column_text]<\/p>\n<p style=\"text-align: center;\"><span style=\"font-size: 18px; color: #808080;\"><strong>DTG \/ DTF<\/strong><\/span><\/p>\n<p>[\/vc_column_text][\/vc_column_inner][vc_column_inner width=\u00bb1\/3&#8243;][vc_icon icon_fontawesome=\u00bbfas fa-film\u00bb color=\u00bbwhite\u00bb background_style=\u00bbrounded\u00bb background_color=\u00bbcustom\u00bb align=\u00bbcenter\u00bb custom_background_color=\u00bb#1c78bf\u00bb link=\u00bburl:https%3A%2F%2Fwww.inedit.com%2Fes%2Fneostampa-delta-film%2F|title:neoStampa%20Delta%20%E2%80%93%20Film||\u00bb][vc_column_text]<\/p>\n<p style=\"text-align: center;\"><span style=\"font-size: 18px; color: #808080;\"><strong>Serigraf\u00eda<\/strong><\/span><\/p>\n<p>[\/vc_column_text][\/vc_column_inner][\/vc_row_inner][\/vc_column][\/vc_row][vc_row][vc_column][vc_empty_space height=\u00bb100px\u00bb][vc_column_text]<\/p>\n<h3 style=\"text-align: center;\"><span style=\"font-size: 40px; color: #333333;\">Imprime colores superando tus l\u00edmites<\/span><\/h3>\n<p>[\/vc_column_text][vc_column_text css=\u00bb.vc_custom_1604415960676{margin-right: 50px !important;margin-left: 50px !important;}\u00bb]<\/p>\n<p style=\"text-align: center;\"><span style=\"font-size: 16px;\">neoStampa es el Rip Software de referencia en la impresi\u00f3n digital p<\/span><span style=\"font-size: 16px;\">or su capacidad de reproducir colores independientemente del substrato, tinta o m\u00e1quina que se utilize.\u00a0<\/span><\/p>\n<p style=\"text-align: center;\"><span style=\"font-size: 16px;\"> neoStampa Delta llega para dar un paso m\u00e1s. Ahora podr\u00e1s imprimir cualquier tipo de archivo PDF gracias a la incorporaci\u00f3n del nuevo motor Mako\u00ae de Global Graphics\u00ae. Adem\u00e1s, hemos mejorado el rendimiento, pudiendo rasterizar los archivos hasta 5 veces m\u00e1s r\u00e1pido.\u00a0 neoStampa Delta tambi\u00e9n incluye un modo DTG con una calibraci\u00f3n r\u00e1pida y precisa para obtener los mejores resultados. \u00bfQuieres saber m\u00e1s? Te lo ense\u00f1amos a continuaci\u00f3n.\u00a0<\/span><\/p>\n<p>[\/vc_column_text][vc_video link=\u00bbhttps:\/\/youtu.be\/yMNRTmWASwk\u00bb][\/vc_column][\/vc_row][vc_section full_width=\u00bbstretch_row\u00bb css=\u00bb.vc_custom_1604048898266{background-color: #f4f7f9 !important;}\u00bb][vc_row][vc_column][vc_raw_html css=\u00bb\u00bb]JTNDZGl2JTIwY2xhc3MlM0QlMjdzay13dy1saW5rZWRpbi1wYWdlLXBvc3QlMjclMjBkYXRhLWVtYmVkLWlkJTNEJTI3MjU0Njk2NTIlMjclM0UlM0MlMkZkaXYlM0UlM0NzY3JpcHQlMjBzcmMlM0QlMjdodHRwcyUzQSUyRiUyRndpZGdldHMuc29jaWFibGVraXQuY29tJTJGbGlua2VkaW4tcGFnZS1wb3N0cyUyRndpZGdldC5qcyUyNyUyMGRlZmVyJTNFJTNDJTJGc2NyaXB0JTNF[\/vc_raw_html][\/vc_column][\/vc_row][vc_row][vc_column width=\u00bb2\/3&#8243;][vc_empty_space height=\u00bb100px\u00bb][vc_column_text css=\u00bb.vc_custom_1604316477706{margin-right: 50px !important;margin-left: 50px !important;}\u00bb]<\/p>\n<h3 style=\"text-align: left;\"><span style=\"font-size: 40px; color: #333333;\">Imprime cualquier archivo PDF<\/span><\/h3>\n<p>[\/vc_column_text][vc_column_text css=\u00bb.vc_custom_1604316496673{margin-right: 50px !important;margin-left: 50px !important;}\u00bb]<\/p>\n<p style=\"text-align: left;\"><span style=\"font-size: 20px;\"><strong>Imprime PDF m\u00e1s r\u00e1pido, reproduce colores y consigue degradados m\u00e1s suaves.<\/strong><\/span><\/p>\n<p>[\/vc_column_text][vc_column_text css=\u00bb.vc_custom_1621244475225{margin-right: 50px !important;margin-left: 50px !important;}\u00bb]<\/p>\n<p style=\"text-align: left;\"><span style=\"font-size: 20px;\"><span style=\"font-size: 16px;\">neoStampa Delta incorpora el motor PDF Mako\u00ae de Global Graphics\u00ae. Ahora neoStampa es compatible con todos los est\u00e1ndares de PDF\/X garantizado la reproducci\u00f3n exacta del dise\u00f1o. Eso significa que a partir de ahora podr\u00e1s imprimir cualquier archivo con formato PDF, con una rasterizaci\u00f3n m\u00e1s r\u00e1pida y respetando los colores que ves en pantalla. Adem\u00e1s, con neoStampa Delta podr\u00e1s imprimir degradados mucho m\u00e1s suaves, tanto con tintas normales como con tintas fl\u00faor.<\/span> <\/span><\/p>\n<p>[\/vc_column_text][vc_single_image image=\u00bb12010&#8243; img_size=\u00bb720&#215;499&#8243;][\/vc_column][vc_column width=\u00bb1\/3&#8243;][\/vc_column][\/vc_row][vc_row][vc_column width=\u00bb1\/2&#8243;][vc_empty_space height=\u00bb100px\u00bb][vc_column_text css=\u00bb.vc_custom_1604048490677{margin-right: 50px !important;margin-left: 50px !important;}\u00bb]<\/p>\n<p style=\"text-align: left;\"><span style=\"font-size: 20px;\"><strong>Prep\u00e1rate para nuevas aplicaciones<\/strong><\/span><\/p>\n<p>[\/vc_column_text][vc_column_text css=\u00bb.vc_custom_1604416090156{margin-right: 50px !important;margin-left: 50px !important;}\u00bb]<\/p>\n<p style=\"text-align: left;\">Abre tu mente a nuevos mercados. La incorporaci\u00f3n del nuevo motor PDF permite que ahora con neoStampa se pueda conseguir los mejores resultados en todas las aplicaciones de impresi\u00f3n digital que te puedas imaginar: Moda deportiva, Publicidad, Film, Cer\u00e1mica y mucho m\u00e1s.<\/p>\n<p>[\/vc_column_text][\/vc_column][vc_column width=\u00bb1\/2&#8243; css=\u00bb.vc_custom_1604652477219{margin-top: -200px !important;}\u00bb offset=\u00bbvc_hidden-xs\u00bb][vc_single_image image=\u00bb12000&#8243; img_size=\u00bblarge\u00bb alignment=\u00bbright\u00bb css=\u00bb.vc_custom_1604414101989{margin-top: -100px !important;}\u00bb][\/vc_column][\/vc_row][\/vc_section][vc_section full_width=\u00bbstretch_row\u00bb css=\u00bb.vc_custom_1604327690067{background-color: #eaf3f9 !important;}\u00bb][vc_row][vc_column width=\u00bb1\/2&#8243;][vc_empty_space height=\u00bb100px\u00bb][vc_column_text css=\u00bb.vc_custom_1604048983142{margin-right: 50px !important;margin-left: 50px !important;}\u00bb]<\/p>\n<h3 style=\"text-align: left;\"><span style=\"font-size: 40px; color: #333333;\">Llega el modo DTG<\/span><\/h3>\n<p>[\/vc_column_text][vc_column_text css=\u00bb.vc_custom_1604049008548{margin-right: 50px !important;margin-left: 50px !important;}\u00bb]<\/p>\n<p style=\"text-align: left;\"><span style=\"font-size: 20px;\"><strong>Calibraci\u00f3n r\u00e1pida y ahorro de<br \/>\nhasta un 50% de tinta, sin afectar al resultado<\/strong><\/span>[\/vc_column_text][vc_column_text css=\u00bb.vc_custom_1604049299518{margin-right: 50px !important;margin-left: 50px !important;}\u00bb]<\/p>\n<p style=\"text-align: left;\"><span style=\"font-size: 20px;\"><span style=\"font-size: 16px;\">neoStampa Delta incorpora un nuevo m\u00f3dulo para DTG con el que podr\u00e1s ahorrar tinta y tiempo. Calibra tus impresoras en solo 2 pasos, obteniendo resultados en menos de 30 minutos y f\u00e1cilmente.<br \/>\nAdem\u00e1s, podr\u00e1s ahorrar hasta un 50% de tinta blanca usando neoStampa Delta, gracias al sistema avanzado de auto-ajuste del blanco bajo las areas semi-transparentes del dibujo.<br \/>\nEl modo DTG incluye caracter\u00edsitcas especialmente dise\u00f1adas para obtener los mejores resultados en tus impresiones como el sistema de Choke Avanzado, Efecto Highlight e interpretaci\u00f3n del canal de transperencias. <\/span><\/span>[\/vc_column_text][\/vc_column][vc_column width=\u00bb1\/2&#8243;][vc_empty_space height=\u00bb150px\u00bb][vc_single_image image=\u00bb12112&#8243; img_size=\u00bb720&#215;499&#8243;][\/vc_column][\/vc_row][vc_row][vc_column][vc_single_image image=\u00bb12008&#8243; img_size=\u00bbfull\u00bb alignment=\u00bbcenter\u00bb][\/vc_column][\/vc_row][\/vc_section][vc_section full_width=\u00bbstretch_row\u00bb css=\u00bb.vc_custom_1604407543788{background-color: #d4eaf9 !important;}\u00bb][vc_row][vc_column width=\u00bb2\/3&#8243;][vc_empty_space height=\u00bb100px\u00bb][vc_column_text css=\u00bb.vc_custom_1604309160777{margin-right: 50px !important;margin-left: 50px !important;}\u00bb]<\/p>\n<h3 style=\"text-align: left;\"><span style=\"font-size: 40px; color: #333333;\">Todo bajo control<\/span><\/h3>\n<p>[\/vc_column_text][vc_column_text css=\u00bb.vc_custom_1604309274284{margin-right: 50px !important;margin-left: 50px !important;}\u00bb]<\/p>\n<p style=\"text-align: left;\"><span style=\"font-family: SohoGothicPro-Bold;\"><span style=\"font-size: 20px;\"><b>Con el nuevo centro de control organiza tus colas de impresi\u00f3n, conoce los costes de tus trabajos y exporta informes peri\u00f3dicos.\u00a0<\/b><\/span><\/span><\/p>\n<p>[\/vc_column_text][vc_column_text css=\u00bb.vc_custom_1604309645744{margin-right: 50px !important;margin-left: 50px !important;}\u00bb]<\/p>\n<p style=\"text-align: left;\">En el nuevo centro de control podr\u00e1s encontrar dos paneles para obtener informaci\u00f3n de tus trabajos. Por un lado, tendr\u00e1s una pantalla de gesti\u00f3n de tus colas de impresi\u00f3n, con la que podr\u00e1s estar al d\u00eda de la producci\u00f3n de la marca, organizar los trabajos y parar o empezar la producci\u00f3n en cualquier momento, desde cualquier sitio.<\/p>\n<p>Por otro lado, tenemos el nuevo control de costes. <span style=\"font-weight: 400;\">\u00a0 Ahora podr\u00e1s ver <\/span>en tiempo real <span style=\"font-weight: 400;\">los metros imprimidos, la velocidad y el gasto de tinta, de cada una de tus impresoras. Puedes escoger en qu\u00e9 rango de fechas quieres ver los datos y personalizar el precio de las tintas obteniendo as\u00ed el coste real de tus trabajos. Despu\u00e9s, podr\u00e1s exportar un PDF peri\u00f3dico con todos los datos.\u00a0<\/span>[\/vc_column_text][vc_column_text]<div style=\"width: 1140px;\" class=\"wp-video\"><!--[if lt IE 9]><script>document.createElement('video');<\/script><![endif]-->\n<video class=\"wp-video-shortcode\" id=\"video-11997-1\" width=\"1140\" height=\"662\" autoplay preload=\"metadata\" controls=\"controls\"><source type=\"video\/mp4\" src=\"https:\/\/www.inedit.com\/wp-content\/uploads\/2020\/11\/Video-4_3.mp4?_=1\" \/><a href=\"https:\/\/www.inedit.com\/wp-content\/uploads\/2020\/11\/Video-4_3.mp4\">https:\/\/www.inedit.com\/wp-content\/uploads\/2020\/11\/Video-4_3.mp4<\/a><\/video><\/div>[\/vc_column_text][\/vc_column][vc_column width=\u00bb1\/3&#8243;][\/vc_column][\/vc_row][vc_row full_width=\u00bbstretch_row\u00bb css=\u00bb.vc_custom_1604408785597{background-color: #c2e3f9 !important;}\u00bb][vc_column][vc_row_inner gap=\u00bb35&#8243;][vc_column_inner width=\u00bb1\/2&#8243;][vc_empty_space height=\u00bb50px\u00bb][vc_column_text]<span style=\"font-size: 20px;\"><strong>neoStampa para Film<\/strong><\/span>[\/vc_column_text][vc_column_text]neoStampa Delta incluye un m\u00f3dulo para la impresi\u00f3n de film para flexo offset y serigraf\u00eda.Personaliza tus tramas seleccionando el angulo, la forma del punto, lineatura y resoluci\u00f3n. Tambi\u00e9n disponemos de un c\u00e1lculo autom\u00e1tico para suprimir el efecto moir\u00e9 en la superposici\u00f3n de fotolitos. Con neoStampa puedes modificar el cabezal con el que quieres imprimir el negro.[\/vc_column_text][vc_empty_space height=\u00bb10px\u00bb][vc_single_image image=\u00bb12102&#8243; img_size=\u00bb414&#215;360&#8243; alignment=\u00bbcenter\u00bb][\/vc_column_inner][vc_column_inner width=\u00bb1\/2&#8243;][vc_empty_space height=\u00bb50px\u00bb][vc_column_text]<span style=\"font-size: 20px;\"><strong>Imprime en Cer\u00e1mica<\/strong><\/span>[\/vc_column_text][vc_column_text]Con neoStampa i el plug-in para Adobe\u00ae Photoshop\u00ae <strong>Fine tunning\u00a0<\/strong>obt\u00e9n los mejores resultados de color en el momento de producci\u00f3n. Con Fine Tunning podr\u00e1s modificar el color de cada canal de tu impresora en el momento de la producci\u00f3n, consiguiendo as\u00ed siempre los resultados deseados sin depender del departamento de dise\u00f1o.[\/vc_column_text][vc_empty_space height=\u00bb40px\u00bb][vc_column_text]<div style=\"width: 1140px;\" class=\"wp-video\"><video class=\"wp-video-shortcode\" id=\"video-11997-2\" width=\"1140\" height=\"711\" autoplay preload=\"metadata\" controls=\"controls\"><source type=\"video\/mp4\" src=\"https:\/\/www.inedit.com\/wp-content\/uploads\/2020\/11\/Fine-Tuning-1.mp4?_=2\" \/><a href=\"https:\/\/www.inedit.com\/wp-content\/uploads\/2020\/11\/Fine-Tuning-1.mp4\">https:\/\/www.inedit.com\/wp-content\/uploads\/2020\/11\/Fine-Tuning-1.mp4<\/a><\/video><\/div>[\/vc_column_text][\/vc_column_inner][\/vc_row_inner][vc_row_inner][vc_column_inner width=\u00bb1\/2&#8243;][vc_empty_space height=\u00bb140px\u00bb][vc_column_text]<span style=\"font-size: 20px;\"><strong>Igualaci\u00f3n de colores<\/strong><\/span>[\/vc_column_text][vc_column_text]Con neoStampa Delta sigue obteniendo los mejores resultados de color. In\u00e8dit se caracteriza por trabajar con perfiles de salida ICC RGB. Este es la base de la gesti\u00f3n de color de In\u00e8dit desde siempre. Obt\u00e9n el mismo resultado, des de el dise\u00f1o en pantalla hasta la impresi\u00f3n f\u00edsica. Esto tambi\u00e9n te permitir\u00e1 obtener siempre los mismos colores, independientemente del substrato, la tinta o la impresora utilizada.[\/vc_column_text][\/vc_column_inner][vc_column_inner width=\u00bb1\/2&#8243;][vc_empty_space height=\u00bb130px\u00bb][vc_single_image image=\u00bb12122&#8243; img_size=\u00bb500&#215;519&#8243;][\/vc_column_inner][\/vc_row_inner][\/vc_column][\/vc_row][vc_row full_width=\u00bbstretch_row\u00bb css=\u00bb.vc_custom_1604415557726{background-image: url(https:\/\/www.inedit.com\/wp-content\/uploads\/2020\/10\/web-nSDelta_Portada-fons.png?id=12006) !important;}\u00bb][vc_column][vc_column_text]<\/p>\n<p style=\"text-align: center;\"><span style=\"color: #ffffff; font-size: 30px;\"><em>neoStampa <\/em><em>Delta<\/em><em>. <\/em><\/span><\/p>\n<p style=\"text-align: center;\"><span style=\"color: #ffffff; font-size: 30px;\"><em>Imprime colores superando tus l\u00edmites<\/em><\/span><\/p>\n<p>[\/vc_column_text][vc_column_text]<\/p>\n<p style=\"text-align: center;\"><span style=\"color: #ffffff; font-size: 18px;\">\u00bfQuieres probar neoStampa Delta? Descarga el software y consigue 30 d\u00edas de prueba gratuitos<\/span><\/p>\n<p>[\/vc_column_text][vc_row_inner][vc_column_inner width=\u00bb1\/3&#8243;][\/vc_column_inner][vc_column_inner width=\u00bb1\/3&#8243;][vc_btn title=\u00bbDescarga neoStampa Delta\u00bb color=\u00bbwarning\u00bb size=\u00bblg\u00bb link=\u00bburl:https%3A%2F%2Fwww.inedit.com%2Fes%2Fdescarga-producto%2Fneostampa-rip-software-for-digital-printing%2F|title:neoStampa%20Delta\u00bb][\/vc_column_inner][vc_column_inner width=\u00bb1\/3&#8243;][\/vc_column_inner][\/vc_row_inner][\/vc_column][\/vc_row][\/vc_section]<\/p>\n<\/div>","protected":false},"excerpt":{"rendered":"<p>[vc_section full_width=\u00bbstretch_row\u00bb parallax=\u00bbcontent-moving-fade\u00bb parallax_image=\u00bb12006&#8243;][vc_row][vc_column][vc_empty_space height=\u00bb100px\u00bb][vc_empty_space height=\u00bb100px\u00bb][vc_column_text] neoStampa &nbsp; Delta [\/vc_column_text][vc_empty_space height=\u00bb100px\u00bb][vc_empty_space height=\u00bb100px\u00bb][\/vc_column][\/vc_row][\/vc_section][vc_row full_width=\u00bbstretch_row\u00bb css=\u00bb.vc_custom_1620140259867{background-color: #c2e3f9 !important;background-position: center !important;background-repeat: no-repeat !important;background-size: cover !important;}\u00bb][vc_column][vc_empty_space height=\u00bb60px\u00bb][vc_column_text]Nuevas aplicaciones de neoStampa Delta:[\/vc_column_text][vc_row_inner][vc_column_inner width=\u00bb1\/3&#8243;][vc_icon icon_fontawesome=\u00bbfas fa-volleyball-ball\u00bb color=\u00bbwhite\u00bb background_style=\u00bbrounded\u00bb background_color=\u00bbcustom\u00bb align=\u00bbcenter\u00bb custom_background_color=\u00bb#1c78bf\u00bb link=\u00bburl:https%3A%2F%2Fwww.inedit.com%2Fes%2Fneostampa-delta-sportwears%2F|title:neoStampa%20Delta%20Sportwears||\u00bb][vc_column_text] Moda deportiva [\/vc_column_text][\/vc_column_inner][vc_column_inner width=\u00bb1\/3&#8243;][vc_icon icon_fontawesome=\u00bbfas fa-tshirt\u00bb color=\u00bbwhite\u00bb background_style=\u00bbrounded\u00bb background_color=\u00bbcustom\u00bb align=\u00bbcenter\u00bb custom_background_color=\u00bb#1c78bf\u00bb link=\u00bburl:https%3A%2F%2Fwww.inedit.com%2Fes%2F13296-2%2F|title:neoStampa%20Delta%20%E2%80%93%20DTG||\u00bb][vc_column_text] DTG \/ DTF [\/vc_column_text][\/vc_column_inner][vc_column_inner width=\u00bb1\/3&#8243;][vc_icon icon_fontawesome=\u00bbfas fa-film\u00bb [&hellip;]<\/p>\n","protected":false},"author":2,"featured_media":0,"parent":0,"menu_order":0,"comment_status":"closed","ping_status":"closed","template":"","meta":{"_acf_changed":false,"_monsterinsights_skip_tracking":false,"_monsterinsights_sitenote_active":false,"_monsterinsights_sitenote_note":"","_monsterinsights_sitenote_category":0,"footnotes":""},"class_list":["post-11997","page","type-page","status-publish","hentry"],"acf":[],"_links":{"self":[{"href":"https:\/\/www.inedit.com\/es\/wp-json\/wp\/v2\/pages\/11997","targetHints":{"allow":["GET"]}}],"collection":[{"href":"https:\/\/www.inedit.com\/es\/wp-json\/wp\/v2\/pages"}],"about":[{"href":"https:\/\/www.inedit.com\/es\/wp-json\/wp\/v2\/types\/page"}],"author":[{"embeddable":true,"href":"https:\/\/www.inedit.com\/es\/wp-json\/wp\/v2\/users\/2"}],"replies":[{"embeddable":true,"href":"https:\/\/www.inedit.com\/es\/wp-json\/wp\/v2\/comments?post=11997"}],"version-history":[{"count":76,"href":"https:\/\/www.inedit.com\/es\/wp-json\/wp\/v2\/pages\/11997\/revisions"}],"predecessor-version":[{"id":21720,"href":"https:\/\/www.inedit.com\/es\/wp-json\/wp\/v2\/pages\/11997\/revisions\/21720"}],"wp:attachment":[{"href":"https:\/\/www.inedit.com\/es\/wp-json\/wp\/v2\/media?parent=11997"}],"curies":[{"name":"wp","href":"https:\/\/api.w.org\/{rel}","templated":true}]}}