{"id":13292,"date":"2021-04-30T11:32:20","date_gmt":"2021-04-30T11:32:20","guid":{"rendered":"https:\/\/www.inedit.com\/neostampa-delta-sportwears\/"},"modified":"2021-05-21T13:52:46","modified_gmt":"2021-05-21T13:52:46","slug":"neostampa-delta-sportwears","status":"publish","type":"page","link":"https:\/\/www.inedit.com\/es\/neostampa-delta-sportwears\/","title":{"rendered":"neoStampa Delta Sportwears"},"content":{"rendered":"<div class=\"wpb-content-wrapper\"><p>[vc_row full_width=\u00bbstretch_row_content_no_spaces\u00bb css=\u00bb.vc_custom_1619782015058{background-image: url(https:\/\/www.inedit.com\/wp-content\/uploads\/2021\/04\/Untitled-4-02.png?id=13227) !important;background-position: center !important;background-repeat: no-repeat !important;background-size: cover !important;}\u00bb][vc_column][vc_empty_space height=\u00bb80px\u00bb][vc_column_text]<\/p>\n<p style=\"text-align: center;\"><span style=\"font-size: 35px;\"><strong><span style=\"color: #ffffff;\">neoStampa Delta x Ropa deportiva<\/span><\/strong><\/span><\/p>\n<p>[\/vc_column_text][vc_empty_space height=\u00bb60px\u00bb][\/vc_column][\/vc_row][vc_row][vc_column][vc_empty_space height=\u00bb60px\u00bb][vc_row_inner][vc_column_inner width=\u00bb2\/3&#8243;][vc_single_image image=\u00bb12010&#8243; img_size=\u00bblarge\u00bb alignment=\u00bbright\u00bb][\/vc_column_inner][vc_column_inner width=\u00bb1\/3&#8243;][vc_empty_space height=\u00bb60px\u00bb][vc_empty_space height=\u00bb60px\u00bb][vc_column_text]<span style=\"font-size: 26px;\"><strong>Impresi\u00f3n de ropa deportiva<\/strong><\/span>[\/vc_column_text][vc_column_text]La impresi\u00f3n de ropa deportiva requiere precisi\u00f3n en la gesti\u00f3n del color para poder reproducir los mismos resultados en diferentes trabajos y mantener la uniformidad. Es caracter\u00edstico de este tipo de producci\u00f3n trabajar con archivos PDF, utilizar colores fluorescentes y muchos degradados. neoStampa Delta ha sido especialmente dise\u00f1ada para satisfacer estas necesidades.[\/vc_column_text][\/vc_column_inner][\/vc_row_inner][\/vc_column][\/vc_row][vc_row][vc_column][vc_empty_space height=\u00bb60px\u00bb][vc_empty_space height=\u00bb60px\u00bb][\/vc_column][\/vc_row][vc_row][vc_column width=\u00bb1\/3&#8243;]<div class=\"porto-sicon-box  wpb_custom_943b6e859d764578e2ebb612b424a618 style_1 left-icon\"><div class=\"porto-sicon-left\"><div class=\"porto-just-icon-wrapper porto-sicon-img  porto-icon-46d93fbbd03a80b75d1454644bc82627 porto-u-circle\" style=\"background:#707070;font-size: 40px;\"><img fetchpriority=\"high\" decoding=\"async\" class=\"img-icon\" alt=\"\" src=\"https:\/\/www.inedit.com\/wp-content\/uploads\/2021\/04\/Untitled-4-03.png\" width=\"381\" height=\"367\" \/><\/div><\/div><div class=\"porto-sicon-body\"><div class=\"porto-sicon-header\"><h4 class=\"porto-sicon-title\" style=\"font-weight:light;font-size:15px;line-height:18px;\">Soporte archivos PDF\/X<\/h4><\/div> <!-- header --><div class=\"porto-sicon-description\" style=\"font-size:12px;line-height:20px;color:#636569;\">Consigue los mejores colores utilizando archivos PDF\/X con la integraci\u00f3n de Mako\u00ae de Global Graphics<\/div> <!-- description --><\/div><\/div><!-- porto-sicon-box --><div class=\"porto-sicon-box  wpb_custom_943b6e859d764578e2ebb612b424a618 style_1 left-icon\"><div class=\"porto-sicon-left\"><div class=\"porto-just-icon-wrapper porto-sicon-img  porto-icon-46d93fbbd03a80b75d1454644bc82627 porto-u-circle\" style=\"background:#707070;font-size: 40px;\"><img decoding=\"async\" class=\"img-icon\" alt=\"\" src=\"https:\/\/www.inedit.com\/wp-content\/uploads\/2021\/04\/Untitled-4-05.png\" width=\"380\" height=\"367\" \/><\/div><\/div><div class=\"porto-sicon-body\"><div class=\"porto-sicon-header\"><h4 class=\"porto-sicon-title\" style=\"font-weight:light;font-size:15px;line-height:18px;\">Mejores degradados<\/h4><\/div> <!-- header --><div class=\"porto-sicon-description\" style=\"font-size:12px;line-height:20px;color:#636569;\">Nuevos modos para imprimir degradados m\u00e1s suaves y precisos<\/div> <!-- description --><\/div><\/div><!-- porto-sicon-box --><div class=\"porto-sicon-box  wpb_custom_943b6e859d764578e2ebb612b424a618 style_1 left-icon\"><div class=\"porto-sicon-left\"><div class=\"porto-just-icon-wrapper porto-sicon-img  porto-icon-46d93fbbd03a80b75d1454644bc82627 porto-u-circle\" style=\"background:#707070;font-size: 40px;\"><img decoding=\"async\" class=\"img-icon\" alt=\"\" src=\"https:\/\/www.inedit.com\/wp-content\/uploads\/2021\/04\/Untitled-4-06.png\" width=\"381\" height=\"367\" \/><\/div><\/div><div class=\"porto-sicon-body\"><div class=\"porto-sicon-header\"><h4 class=\"porto-sicon-title\" style=\"font-weight:light;font-size:15px;line-height:18px;\">Librer\u00edas fluor<\/h4><\/div> <!-- header --><div class=\"porto-sicon-description\" style=\"font-size:12px;line-height:20px;color:#636569;\">Integra una biblioteca de colores especial para cargar en su software de dise\u00f1o<\/div> <!-- description --><\/div><\/div><!-- porto-sicon-box --><div class=\"porto-sicon-box  wpb_custom_943b6e859d764578e2ebb612b424a618 style_1 left-icon\"><div class=\"porto-sicon-left\"><div class=\"porto-just-icon-wrapper porto-sicon-img  porto-icon-46d93fbbd03a80b75d1454644bc82627 porto-u-circle\" style=\"background:#707070;font-size: 40px;\"><img loading=\"lazy\" decoding=\"async\" class=\"img-icon\" alt=\"\" src=\"https:\/\/www.inedit.com\/wp-content\/uploads\/2021\/04\/Untitled-4-07.png\" width=\"381\" height=\"367\" \/><\/div><\/div><div class=\"porto-sicon-body\"><div class=\"porto-sicon-header\"><h4 class=\"porto-sicon-title\" style=\"font-weight:light;font-size:15px;line-height:18px;\">Hasta 5 veces m\u00e1s r\u00e1pido<\/h4><\/div> <!-- header --><div class=\"porto-sicon-description\" style=\"font-size:12px;line-height:20px;color:#636569;\">neoStampa Delta ha sido dise\u00f1ada para ripear e imprimir hasta 5 veces m\u00e1s r\u00e1pido que antes<\/div> <!-- description --><\/div><\/div><!-- porto-sicon-box -->[\/vc_column][vc_column width=\u00bb1\/3&#8243;]<div class=\"porto-sicon-box  wpb_custom_943b6e859d764578e2ebb612b424a618 style_1 left-icon\"><div class=\"porto-sicon-left\"><div class=\"porto-just-icon-wrapper porto-sicon-img  porto-icon-46d93fbbd03a80b75d1454644bc82627 porto-u-circle\" style=\"background:#707070;font-size: 40px;\"><img loading=\"lazy\" decoding=\"async\" class=\"img-icon\" alt=\"\" src=\"https:\/\/www.inedit.com\/wp-content\/uploads\/2021\/04\/Untitled-4-08.png\" width=\"380\" height=\"367\" \/><\/div><\/div><div class=\"porto-sicon-body\"><div class=\"porto-sicon-header\"><h4 class=\"porto-sicon-title\" style=\"font-weight:light;font-size:15px;line-height:18px;\">Reproduce colores<\/h4><\/div> <!-- header --><div class=\"porto-sicon-description\" style=\"font-size:12px;line-height:20px;color:#636569;\">Imprimir en la impresora lo que se ve en la pantalla<\/div> <!-- description --><\/div><\/div><!-- porto-sicon-box --><div class=\"porto-sicon-box  wpb_custom_943b6e859d764578e2ebb612b424a618 style_1 left-icon\"><div class=\"porto-sicon-left\"><div class=\"porto-just-icon-wrapper porto-sicon-img  porto-icon-46d93fbbd03a80b75d1454644bc82627 porto-u-circle\" style=\"background:#707070;font-size: 40px;\"><img loading=\"lazy\" decoding=\"async\" class=\"img-icon\" alt=\"\" src=\"https:\/\/www.inedit.com\/wp-content\/uploads\/2021\/04\/Untitled-4-04.png\" width=\"380\" height=\"367\" \/><\/div><\/div><div class=\"porto-sicon-body\"><div class=\"porto-sicon-header\"><h4 class=\"porto-sicon-title\" style=\"font-weight:light;font-size:15px;line-height:18px;\">Tintas planas<\/h4><\/div> <!-- header --><div class=\"porto-sicon-description\" style=\"font-size:12px;line-height:20px;color:#636569;\">Soporte y detecci\u00f3n autom\u00e1tica de colores planos en PDF<\/div> <!-- description --><\/div><\/div><!-- porto-sicon-box --><div class=\"porto-sicon-box  wpb_custom_943b6e859d764578e2ebb612b424a618 style_1 left-icon\"><div class=\"porto-sicon-left\"><div class=\"porto-just-icon-wrapper porto-sicon-img  porto-icon-46d93fbbd03a80b75d1454644bc82627 porto-u-circle\" style=\"background:#707070;font-size: 40px;\"><img loading=\"lazy\" decoding=\"async\" class=\"img-icon\" alt=\"\" src=\"https:\/\/www.inedit.com\/wp-content\/uploads\/2021\/04\/Untitled-4-09.png\" width=\"380\" height=\"367\" \/><\/div><\/div><div class=\"porto-sicon-body\"><div class=\"porto-sicon-header\"><h4 class=\"porto-sicon-title\" style=\"font-weight:light;font-size:15px;line-height:18px;\">Imprime siempre los mismos colores<\/h4><\/div> <!-- header --><div class=\"porto-sicon-description\" style=\"font-size:12px;line-height:20px;color:#636569;\">Imprime siempre los mismos resultados independientemente de la impresora, el momento o el resultado<\/div> <!-- description --><\/div><\/div><!-- porto-sicon-box --><div class=\"porto-sicon-box  wpb_custom_943b6e859d764578e2ebb612b424a618 style_1 left-icon\"><div class=\"porto-sicon-left\"><div class=\"porto-just-icon-wrapper porto-sicon-img  porto-icon-46d93fbbd03a80b75d1454644bc82627 porto-u-circle\" style=\"background:#707070;font-size: 40px;\"><img loading=\"lazy\" decoding=\"async\" class=\"img-icon\" alt=\"\" src=\"https:\/\/www.inedit.com\/wp-content\/uploads\/2021\/04\/Untitled-4-10.png\" width=\"381\" height=\"367\" \/><\/div><\/div><div class=\"porto-sicon-body\"><div class=\"porto-sicon-header\"><h4 class=\"porto-sicon-title\" style=\"font-weight:light;font-size:15px;line-height:18px;\">Centro de Control<\/h4><\/div> <!-- header --><div class=\"porto-sicon-description\" style=\"font-size:12px;line-height:20px;color:#636569;\">Organiza tus colas de impresi\u00f3n y conozca los costes de producci\u00f3n con el nuevo centro de control<\/div> <!-- description --><\/div><\/div><!-- porto-sicon-box -->[\/vc_column][vc_column width=\u00bb1\/3&#8243;][vc_single_image image=\u00bb12000&#8243; img_size=\u00bbfull\u00bb][\/vc_column][\/vc_row][vc_row][vc_column][vc_empty_space height=\u00bb60px\u00bb][vc_empty_space height=\u00bb60px\u00bb][\/vc_column][\/vc_row][vc_row full_width=\u00bbstretch_row_content_no_spaces\u00bb css=\u00bb.vc_custom_1619781984358{background-image: url(https:\/\/www.inedit.com\/wp-content\/uploads\/2021\/04\/Untitled-4-11.png?id=13245) !important;background-position: center !important;background-repeat: no-repeat !important;background-size: cover !important;}\u00bb][vc_column][vc_empty_space height=\u00bb100px\u00bb][vc_column_text]<\/p>\n<p style=\"text-align: center;\"><span style=\"color: #ffffff;\"><strong><span style=\"font-size: 32px;\">Actualiza a neoStampa Delta<\/span><\/strong><\/span><\/p>\n<p>[\/vc_column_text][vc_empty_space height=\u00bb35px\u00bb][vc_single_image image=\u00bb11998&#8243; img_size=\u00bb800&#215;600&#8243; alignment=\u00bbcenter\u00bb][vc_empty_space height=\u00bb35px\u00bb]<div class=\"porto-btn-ctn-center \"><a class=\"porto-btn porto-adjust-bottom-margin porto-btn-large porto-btn-no-hover-bg   wpb_custom_fa51088c2567b780100c1edcf8821d3b  porto-btn-center \" title='neoStampa Delta' rel='' href = \"https:\/\/www.inedit.com\/en\/descarga-item\/neostampa-delta\/\"  data-hover=\"\" data-border-color=\"\" data-bg=\"#fe5000\" data-hover-bg=\"\" data-border-hover=\"\" data-shadow-click=\"none\" data-shadow=\"\" style=\"font-size:20pt;border:none;background: #fe5000;color: #ffffff;\"><span class=\"porto-btn-hover\"><\/span><span class=\"porto-btn-data porto-btn-text \" >Descarga neoStampa Delta<\/span><\/a><\/div>[\/vc_column][\/vc_row]<\/p>\n<\/div>","protected":false},"excerpt":{"rendered":"<p>[vc_row full_width=\u00bbstretch_row_content_no_spaces\u00bb css=\u00bb.vc_custom_1619782015058{background-image: url(https:\/\/www.inedit.com\/wp-content\/uploads\/2021\/04\/Untitled-4-02.png?id=13227) !important;background-position: center !important;background-repeat: no-repeat !important;background-size: cover !important;}\u00bb][vc_column][vc_empty_space height=\u00bb80px\u00bb][vc_column_text] neoStampa Delta x Ropa deportiva [\/vc_column_text][vc_empty_space height=\u00bb60px\u00bb][\/vc_column][\/vc_row][vc_row][vc_column][vc_empty_space height=\u00bb60px\u00bb][vc_row_inner][vc_column_inner width=\u00bb2\/3&#8243;][vc_single_image image=\u00bb12010&#8243; img_size=\u00bblarge\u00bb alignment=\u00bbright\u00bb][\/vc_column_inner][vc_column_inner width=\u00bb1\/3&#8243;][vc_empty_space height=\u00bb60px\u00bb][vc_empty_space height=\u00bb60px\u00bb][vc_column_text]Impresi\u00f3n de ropa deportiva[\/vc_column_text][vc_column_text]La impresi\u00f3n de ropa deportiva requiere precisi\u00f3n en la gesti\u00f3n del color para poder reproducir los mismos resultados en diferentes trabajos y mantener la uniformidad. Es [&hellip;]<\/p>\n","protected":false},"author":2,"featured_media":0,"parent":0,"menu_order":0,"comment_status":"closed","ping_status":"closed","template":"","meta":{"_acf_changed":false,"_monsterinsights_skip_tracking":false,"_monsterinsights_sitenote_active":false,"_monsterinsights_sitenote_note":"","_monsterinsights_sitenote_category":0,"footnotes":""},"class_list":["post-13292","page","type-page","status-publish","hentry"],"acf":[],"_links":{"self":[{"href":"https:\/\/www.inedit.com\/es\/wp-json\/wp\/v2\/pages\/13292","targetHints":{"allow":["GET"]}}],"collection":[{"href":"https:\/\/www.inedit.com\/es\/wp-json\/wp\/v2\/pages"}],"about":[{"href":"https:\/\/www.inedit.com\/es\/wp-json\/wp\/v2\/types\/page"}],"author":[{"embeddable":true,"href":"https:\/\/www.inedit.com\/es\/wp-json\/wp\/v2\/users\/2"}],"replies":[{"embeddable":true,"href":"https:\/\/www.inedit.com\/es\/wp-json\/wp\/v2\/comments?post=13292"}],"version-history":[{"count":4,"href":"https:\/\/www.inedit.com\/es\/wp-json\/wp\/v2\/pages\/13292\/revisions"}],"predecessor-version":[{"id":13769,"href":"https:\/\/www.inedit.com\/es\/wp-json\/wp\/v2\/pages\/13292\/revisions\/13769"}],"wp:attachment":[{"href":"https:\/\/www.inedit.com\/es\/wp-json\/wp\/v2\/media?parent=13292"}],"curies":[{"name":"wp","href":"https:\/\/api.w.org\/{rel}","templated":true}]}}