{"id":13721,"date":"2021-05-19T13:34:27","date_gmt":"2021-05-19T13:34:27","guid":{"rendered":"https:\/\/www.inedit.com\/neocatalog-organize-your-designs\/"},"modified":"2025-08-27T13:03:11","modified_gmt":"2025-08-27T13:03:11","slug":"neocatalog-organize-your-designs","status":"publish","type":"page","link":"https:\/\/www.inedit.com\/es\/neocatalog-organize-your-designs\/","title":{"rendered":"neoCatalog. Organize your designs"},"content":{"rendered":"<div class=\"wpb-content-wrapper\"><p>[vc_row full_width=\u00bbstretch_row\u00bb css_animation=\u00bbfadeIn\u00bb css=\u00bb.vc_custom_1744764327663{padding-top: 120px !important;padding-bottom: 50px !important;background-color: #ededec !important;}\u00bb][vc_column css_animation=\u00bbfadeIn\u00bb][vc_single_image image=\u00bb26712&#8243; img_size=\u00bb100&#215;100&#8243; css=\u00bb\u00bb el_class=\u00bbsvg-size icon-product\u00bb label=\u00bb\u00bb css_params=\u00bb\u00bb][vc_custom_heading text=\u00bbLa soluci\u00f3n definitiva para la organizaci\u00f3n de<br \/>\ntus dise\u00f1os y la gesti\u00f3n total de tu flujo de trabajo.\u00bb font_container=\u00bbtag:h1|text_align:center|color:%23509e2f\u00bb google_fonts=\u00bbfont_family:soho%3Aregular|font_style:400%20regular%3A400%3Anormal\u00bb css_animation=\u00bbfadeIn\u00bb][vc_column_text css_animation=\u00bbfadeIn\u00bb css=\u00bb\u00bb el_class=\u00bbtext-lead\u00bb]<\/p>\n<p style=\"text-align: center;\">neoCatalog te permite organizar y compartir tus dise\u00f1os en l\u00ednea, crear m\u00faltiples variantes de color y generar impactantes simulaciones para visualizar tus creaciones en cualquier modelo u objeto antes de compartirlas o\u00a0enviarlas a producci\u00f3n en s\u00f3lo unos pocos clics.<\/p>\n<p style=\"text-align: center;\">Centraliza los archivos originales de tus dise\u00f1os en neoCatalog y comparte versiones optimizadas en tama\u00f1o y\u00a0peso. Olv\u00eddate as\u00ed de inc\u00f3modos procesos de transferencia de archivos y sorprende a clientes y colaboradores\u00a0con atractivas galer\u00edas en l\u00ednea independientemente de su ubicaci\u00f3n geogr\u00e1fica.<\/p>\n<p style=\"text-align: center;\">Definitivamente, el software de gesti\u00f3n m\u00e1s completo para los profesionales de la industria textil.<\/p>\n<p>[\/vc_column_text][\/vc_column][\/vc_row][vc_row full_width=\u00bbstretch_row\u00bb gap=\u00bb30&#8243; equal_height=\u00bbyes\u00bb content_placement=\u00bbmiddle\u00bb css=\u00bb.vc_custom_1744763768533{background-color: #ededec !important;}\u00bb][vc_column width=\u00bb1\/2&#8243;][vc_single_image image=\u00bb1264&#8243; img_size=\u00bblarge\u00bb][\/vc_column][vc_column width=\u00bb1\/2&#8243;][vc_custom_heading text=\u00bbCat\u00e1logo de im\u00e1genes\u00bb font_container=\u00bbtag:h3|text_align:left|color:%23509e2f\u00bb use_theme_fonts=\u00bbyes\u00bb][vc_column_text el_class=\u00bbtext-lead\u00bb]Con neoCatalog puedes centralizar y organizar tus dise\u00f1os mediante la creaci\u00f3n de galer\u00edas personalizadas y, a su vez, compartirlas en l\u00ednea con clientes o colaboradores independientemente de su ubicaci\u00f3n geogr\u00e1fica.[\/vc_column_text][\/vc_column][\/vc_row][vc_row full_width=\u00bbstretch_row\u00bb gap=\u00bb30&#8243; equal_height=\u00bbyes\u00bb content_placement=\u00bbmiddle\u00bb css=\u00bb.vc_custom_1744763777525{background-color: #ededec !important;}\u00bb][vc_column width=\u00bb1\/2&#8243;][vc_custom_heading text=\u00bbInterfaz atractiva e intuitiva\u00bb font_container=\u00bbtag:h3|text_align:left|color:%23509e2f\u00bb use_theme_fonts=\u00bbyes\u00bb][vc_column_text el_class=\u00bbtext-lead\u00bb]D\u00e9jate sorprender por lo sencillo que resulta trabajar con neoCatalog. Nunca fue tan f\u00e1cil organizar y compartir tus dise\u00f1os y gestionar tu flujo de trabajo. neoCatalog es \u00fanico en su especie.[\/vc_column_text][\/vc_column][vc_column width=\u00bb1\/2&#8243;][vc_single_image image=\u00bb1265&#8243; img_size=\u00bblarge\u00bb alignment=\u00bbright\u00bb][\/vc_column][\/vc_row][vc_row full_width=\u00bbstretch_row\u00bb gap=\u00bb30&#8243; equal_height=\u00bbyes\u00bb content_placement=\u00bbmiddle\u00bb css=\u00bb.vc_custom_1744763827367{background-color: #ededec !important;}\u00bb][vc_column width=\u00bb1\/2&#8243;][vc_single_image image=\u00bb1266&#8243; img_size=\u00bblarge\u00bb][\/vc_column][vc_column width=\u00bb1\/2&#8243;][vc_custom_heading text=\u00bbCreaci\u00f3n de coloridos\u00bb font_container=\u00bbtag:h3|text_align:left|color:%23509e2f\u00bb use_theme_fonts=\u00bbyes\u00bb][vc_column_text el_class=\u00bbtext-lead\u00bb]Carga tus dise\u00f1os en neoCatalog y genera las variantes de color que desees en pocos minutos y sin necesidad de conocimientos t\u00e9cnicos previos. Selecciona los dise\u00f1os que deseas mostrar, crea una galer\u00eda y comp\u00e1rtela con quien tu quieras. \u00bfF\u00e1cil no?[\/vc_column_text][\/vc_column][\/vc_row][vc_row full_width=\u00bbstretch_row\u00bb gap=\u00bb30&#8243; equal_height=\u00bbyes\u00bb content_placement=\u00bbmiddle\u00bb css=\u00bb.vc_custom_1744763915754{margin-bottom: 0px !important;background-color: #ededec !important;}\u00bb][vc_column width=\u00bb1\/2&#8243;][vc_custom_heading text=\u00bbSimulaciones fotoreal\u00edsticas\u00bb font_container=\u00bbtag:h3|text_align:left|color:%23509e2f\u00bb use_theme_fonts=\u00bbyes\u00bb][vc_column_text el_class=\u00bbtext-lead\u00bb]Gracias a esta funcionalidad, tus clientes podr\u00e1n hacerse una idea precisa de c\u00f3mo se ver\u00e1n tus dise\u00f1os en un vestido, camiseta, traje de ba\u00f1o, sof\u00e1, edred\u00f3n, coj\u00edn, foulard\u2026 Ahorrar\u00e1s tiempo y dinero evitando la producci\u00f3n de muestras innecesarias.[\/vc_column_text][\/vc_column][vc_column width=\u00bb1\/2&#8243;][vc_single_image image=\u00bb1267&#8243; img_size=\u00bblarge\u00bb alignment=\u00bbright\u00bb][\/vc_column][\/vc_row][vc_row full_width=\u00bbstretch_row\u00bb equal_height=\u00bbyes\u00bb content_placement=\u00bbtop\u00bb css=\u00bb.vc_custom_1744763844639{padding-top: 40px !important;padding-bottom: 40px !important;background-color: #ededec !important;}\u00bb][vc_column width=\u00bb1\/3&#8243;]<div class=\"porto-sicon-box product-features-icon  wpb_custom_943b6e859d764578e2ebb612b424a618 style_1 top-icon\"><div class=\"porto-sicon-top\"><div class=\"porto-just-icon-wrapper porto-sicon-img  porto-icon-9f5d1cfb45d27d96b50bf473aebba227\" style=\"font-size: 64px;\"><img decoding=\"async\" class=\"img-icon\" alt=\"Digital Printing Workflow\" src=\"https:\/\/www.inedit.com\/wp-content\/uploads\/2018\/06\/icon-neocatalog-01.svg\" width=\"0\" height=\"0\" \/><\/div><\/div><div class=\"porto-sicon-header\"><h3 class=\"porto-sicon-title\" style=\"font-weight:light;\">Control de privilegios<\/h3><\/div> <!-- header --><div class=\"porto-sicon-description\" style=\"font-size:14px;line-height:28px;color:#636569;\">Como administrador, tienes control total sobre los privilegios de acceso de los usuarios en todo momento. T\u00fa decides quien accede a tu cat\u00e1logo, que galer\u00edas compartes y con qu\u00e9 nivel de permisos.<\/div> <!-- description --><\/div><!-- porto-sicon-box -->[\/vc_column][vc_column width=\u00bb1\/3&#8243;]<div class=\"porto-sicon-box product-features-icon  wpb_custom_943b6e859d764578e2ebb612b424a618 style_1 top-icon\"><div class=\"porto-sicon-top\"><div class=\"porto-just-icon-wrapper porto-sicon-img  porto-icon-9f5d1cfb45d27d96b50bf473aebba227\" style=\"font-size: 64px;\"><img decoding=\"async\" class=\"img-icon\" alt=\"Digital Printing Workflow\" src=\"https:\/\/www.inedit.com\/wp-content\/uploads\/2018\/06\/icon-neocatalog-02.svg\" width=\"0\" height=\"0\" \/><\/div><\/div><div class=\"porto-sicon-header\"><h3 class=\"porto-sicon-title\" style=\"font-weight:light;\">B\u00fasqueda por palabras clave<\/h3><\/div> <!-- header --><div class=\"porto-sicon-description\" style=\"font-size:14px;line-height:28px;color:#636569;\">El potente gestor de archivos de neoCatalog te da la posibilidad de organizar de manera eficiente todos tus dise\u00f1os por medio de palabras clave. Encuentra lo que buscas en cuesti\u00f3n de segundos.<\/div> <!-- description --><\/div><!-- porto-sicon-box -->[\/vc_column][vc_column width=\u00bb1\/3&#8243;]<div class=\"porto-sicon-box product-features-icon  wpb_custom_943b6e859d764578e2ebb612b424a618 style_1 top-icon\"><div class=\"porto-sicon-top\"><div class=\"porto-just-icon-wrapper porto-sicon-img  porto-icon-9f5d1cfb45d27d96b50bf473aebba227\" style=\"font-size: 64px;\"><img decoding=\"async\" class=\"img-icon\" alt=\"Digital Printing Workflow\" src=\"https:\/\/www.inedit.com\/wp-content\/uploads\/2018\/06\/icon-neocatalog-03.svg\" width=\"0\" height=\"0\" \/><\/div><\/div><div class=\"porto-sicon-header\"><h3 class=\"porto-sicon-title\" style=\"font-weight:light;\">\u00d3rdenes de trabajo<\/h3><\/div> <!-- header --><div class=\"porto-sicon-description\" style=\"font-size:14px;line-height:28px;color:#636569;\">Con neoCatalog puedes generar \u00f3rdenes de trabajo de forma sencilla y enviarlas directamente al departamento de producci\u00f3n a trav\u00e9s de neoStampa, nuestro RIP para la impresi\u00f3n digital.<\/div> <!-- description --><\/div><!-- porto-sicon-box -->[\/vc_column][vc_column width=\u00bb1\/3&#8243;]<div class=\"porto-sicon-box product-features-icon  wpb_custom_943b6e859d764578e2ebb612b424a618 style_1 top-icon\"><div class=\"porto-sicon-top\"><div class=\"porto-just-icon-wrapper porto-sicon-img  porto-icon-9f5d1cfb45d27d96b50bf473aebba227\" style=\"font-size: 64px;\"><img loading=\"lazy\" decoding=\"async\" class=\"img-icon\" alt=\"Digital Printing Workflow\" src=\"https:\/\/www.inedit.com\/wp-content\/uploads\/2018\/06\/icon-neocatalog-04.svg\" width=\"0\" height=\"0\" \/><\/div><\/div><div class=\"porto-sicon-header\"><h3 class=\"porto-sicon-title\" style=\"font-weight:light;\">nC iOS para iPad &amp; iPhone<\/h3><\/div> <!-- header --><div class=\"porto-sicon-description\" style=\"font-size:14px;line-height:28px;color:#636569;\">neoCatalog te permite gestionar tus dise\u00f1os desde tu ordenador, tablet o tel\u00e9fono m\u00f3vil. Descarga la app de neoCatalog en nuestra web y maneja tu cat\u00e1logo desde tu iPhone o iPad.<\/div> <!-- description --><\/div><!-- porto-sicon-box -->[\/vc_column][vc_column width=\u00bb1\/3&#8243;]<div class=\"porto-sicon-box product-features-icon  wpb_custom_943b6e859d764578e2ebb612b424a618 style_1 top-icon\"><div class=\"porto-sicon-top\"><div class=\"porto-just-icon-wrapper porto-sicon-img  porto-icon-9f5d1cfb45d27d96b50bf473aebba227\" style=\"font-size: 64px;\"><img loading=\"lazy\" decoding=\"async\" class=\"img-icon\" alt=\"Digital Printing Workflow\" src=\"https:\/\/www.inedit.com\/wp-content\/uploads\/2018\/06\/icon-neocatalog-05.svg\" width=\"0\" height=\"0\" \/><\/div><\/div><div class=\"porto-sicon-header\"><h3 class=\"porto-sicon-title\" style=\"font-weight:light;\">Soporte gratuito<\/h3><\/div> <!-- header --><div class=\"porto-sicon-description\" style=\"font-size:14px;line-height:28px;color:#636569;\">Adquiere tu licencia de neoCatalog y disfruta de soporte t\u00e9cnico gratuito durante un a\u00f1o natural desde la fecha de activaci\u00f3n. Al finalizar el primer a\u00f1o, actualiza tu licencia y sigue contando con todo nuestro respaldo.<\/div> <!-- description --><\/div><!-- porto-sicon-box -->[\/vc_column][vc_column width=\u00bb1\/3&#8243;]<div class=\"porto-sicon-box product-features-icon  wpb_custom_943b6e859d764578e2ebb612b424a618 style_1 top-icon\"><div class=\"porto-sicon-top\"><div class=\"porto-just-icon-wrapper porto-sicon-img  porto-icon-9f5d1cfb45d27d96b50bf473aebba227\" style=\"font-size: 64px;\"><img loading=\"lazy\" decoding=\"async\" class=\"img-icon\" alt=\"Digital Printing Workflow\" src=\"https:\/\/www.inedit.com\/wp-content\/uploads\/2018\/06\/icon-neocatalog-06.svg\" width=\"0\" height=\"0\" \/><\/div><\/div><div class=\"porto-sicon-header\"><h3 class=\"porto-sicon-title\" style=\"font-weight:light;\">Soluci\u00f3n integrada<\/h3><\/div> <!-- header --><div class=\"porto-sicon-description\" style=\"font-size:14px;line-height:28px;color:#636569;\">neoCatalog puede trabajar de forma independiente o totalmente integrado con el resto de nuestras soluciones, mejorando significativamente la eficiencia de tu flujo de trabajo.<\/div> <!-- description --><\/div><!-- porto-sicon-box -->[\/vc_column][\/vc_row][vc_row full_width=\u00bbstretch_row\u00bb css=\u00bb.vc_custom_1744763860681{background-color: #ededec !important;}\u00bb][vc_column][vc_column_text css=\u00bb\u00bb]<\/p>\n<h4 class=\"vc_custom_heading\" style=\"text-align: center;\">\u00bfQuieres probar <em>neoCatalog <\/em>gratis durante 30 d\u00edas ?<\/h4>\n<h4 class=\"vc_custom_heading vc_custom_1536069944619\" style=\"text-align: center;\"><\/h4>\n<p>[\/vc_column_text]<div class=\"porto-section\"><section class=\"text-center \">[vc_column_text css=\u00bb.vc_custom_1715624236554{background-position: center !important;background-repeat: no-repeat !important;background-size: contain !important;}\u00bb]<\/p>\n<p style=\"text-align: center;\"><div class=\"frm_forms  with_frm_style frm_style_catalog-2\" id=\"frm_form_32_container\" data-token=\"f1f586e293d40521641359a1f4eafd21\">\n<form enctype=\"multipart\/form-data\" method=\"post\" class=\"frm-show-form  frm_pro_form \" id=\"form_catalog-demo\" data-token=\"f1f586e293d40521641359a1f4eafd21\">\n<div class=\"frm_form_fields \">\n<fieldset>\n<legend class=\"frm_screen_reader\">catalog demo<\/legend>\r\n\r\n<div class=\"frm_fields_container\">\n<input type=\"hidden\" name=\"frm_action\" value=\"create\" \/>\n<input type=\"hidden\" name=\"form_id\" value=\"32\" \/>\n<input type=\"hidden\" name=\"frm_hide_fields_32\" id=\"frm_hide_fields_32\" value=\"\" \/>\n<input type=\"hidden\" name=\"form_key\" value=\"catalog-demo\" \/>\n<input type=\"hidden\" name=\"item_meta[0]\" value=\"\" \/>\n<input type=\"hidden\" id=\"frm_submit_entry_32\" name=\"frm_submit_entry_32\" value=\"d1f427b8ce\" \/><input type=\"hidden\" name=\"_wp_http_referer\" value=\"\/es\/wp-json\/wp\/v2\/pages\/13721\" \/><div id=\"frm_field_310_container\" class=\"frm_form_field form-field  frm_required_field frm_left_container frm12 frm_first\">\r\n    <label for=\"field_36krh\" id=\"field_36krh_label\" class=\"frm_primary_label\">Name\r\n        <span class=\"frm_required\">*<\/span>\r\n    <\/label>\r\n    <input  type=\"text\" id=\"field_36krh\" name=\"item_meta[310]\" value=\"\"  data-reqmsg=\"Este campo no puede estar en blanco.\" aria-required=\"true\" data-invmsg=\"Text is invalid\" aria-invalid=\"false\"   \/>\r\n    \r\n    \r\n<\/div>\n<div id=\"frm_field_312_container\" class=\"frm_form_field form-field  frm_required_field frm_left_container frm12 frm_first\">\r\n    <label for=\"field_bfh9x\" id=\"field_bfh9x_label\" class=\"frm_primary_label\">Email\r\n        <span class=\"frm_required\">*<\/span>\r\n    <\/label>\r\n    <input type=\"email\" id=\"field_bfh9x\" name=\"item_meta[312]\" value=\"\"  data-reqmsg=\"Este campo no puede estar en blanco.\" aria-required=\"true\" data-invmsg=\"Email no es v\u00e1lido\" aria-invalid=\"false\"  \/>\r\n    \r\n    \r\n<\/div>\n<div id=\"frm_field_314_container\" class=\"frm_form_field form-field  frm_required_field frm_left_container\">\r\n    <label for=\"field_xa6q8\" id=\"field_xa6q8_label\" class=\"frm_primary_label\">Company\r\n        <span class=\"frm_required\">*<\/span>\r\n    <\/label>\r\n    <input  type=\"text\" id=\"field_xa6q8\" name=\"item_meta[314]\" value=\"\"  data-reqmsg=\"Este campo no puede estar en blanco.\" aria-required=\"true\" data-invmsg=\"Text is invalid\" aria-invalid=\"false\"   \/>\r\n    \r\n    \r\n<\/div>\n<div id=\"frm_field_315_container\" class=\"frm_form_field form-field  frm_left_container\">\r\n    <label for=\"field_e4192\" id=\"field_e4192_label\" class=\"frm_primary_label\">Please tell us here if you have any other questions, and we'll be in touch shortly.\r\n        <span class=\"frm_required\"><\/span>\r\n    <\/label>\r\n    <textarea name=\"item_meta[315]\" id=\"field_e4192\" rows=\"5\"  data-invmsg=\"Please tell us here if you have any other questions, and we&#039;ll be in touch shortly. no es v\u00e1lido\" aria-invalid=\"false\"  ><\/textarea>\r\n    \r\n    \r\n<\/div>\n<div id=\"frm_field_316_container\" class=\"frm_form_field form-field \">\r\n\t<div class=\"frm_submit\">\r\n\r\n<button class=\"frm_button_submit frm_final_submit\" type=\"submit\"   formnovalidate=\"formnovalidate\">Send<\/button>\r\n\r\n<\/div>\r\n<\/div>\n\t<input type=\"hidden\" name=\"item_key\" value=\"\" \/>\n\t\t\t<div id=\"frm_field_341_container\">\n\t\t\t<label for=\"field_fqz1l\" >\n\t\t\t\tSi eres humano, deja este campo en blanco.\t\t\t<\/label>\n\t\t\t<input  id=\"field_fqz1l\" type=\"text\" class=\"frm_form_field form-field frm_verify\" name=\"item_meta[341]\" value=\"\"  \/>\n\t\t<\/div>\n\t\t<input name=\"frm_state\" type=\"hidden\" value=\"GGYTCTsKYGzz0e1RT9Ch9akSpWu3+rMDKgfZUg73ATV2cQAM+YJiE4z0Ph55nPKg\" \/><\/div>\n<\/fieldset>\n<\/div>\n\n<\/form>\n<\/div>\n<p>[\/vc_column_text]<\/section><\/div>[\/vc_column][\/vc_row][vc_row full_width=\u00bbstretch_row\u00bb gap=\u00bb30&#8243; equal_height=\u00bbyes\u00bb content_placement=\u00bbtop\u00bb css=\u00bb.vc_custom_1747392856303{padding-top: 30px !important;padding-bottom: 0px !important;background-image: url(https:\/\/www.inedit.com\/wp-content\/uploads\/2025\/04\/bg_nc_footer.jpg?id=25514) !important;}\u00bb conditional_render=\u00bb%5B%7B%22value_role%22%3A%22administrator%22%7D%5D\u00bb css_params=\u00bb\u00bb][vc_column][vc_custom_heading text=\u00bbREQUERIMIENTOS T\u00c9CNICOS:\u00bb font_container=\u00bbtag:h3|text_align:left\u00bb use_theme_fonts=\u00bbyes\u00bb css=\u00bb.vc_custom_1747393516070{margin-bottom: 40px !important;padding-bottom: 40px !important;}\u00bb css_params=\u00bb\u00bb][vc_row_inner][vc_column_inner width=\u00bb1\/3&#8243;][vc_column_text css=\u00bb\u00bb css_params=\u00bb\u00bb]<\/p>\n<p class=\"p1\"><strong>Server version<\/strong><\/p>\n<p class=\"p1\"><strong>macOS<\/strong><\/p>\n<p class=\"p1\">Minimum Mojave 10.15.7 or later<\/p>\n<p class=\"p1\">Mac Intel with 64bit support or Apple Silicon processor<\/p>\n<p class=\"p1\">16GB minimum RAM (32GB recommended)<\/p>\n<p class=\"p1\">Network &#8211; Gigabit (10\/100\/1000baseT) Ethernet adapter<\/p>\n<p class=\"p1\">Disk space 512 GB (recommended SSD 2 TB disk)<\/p>\n<p class=\"p1\"><strong>Windows<\/strong><\/p>\n<p class=\"p1\">Windows Server 2019 or later<\/p>\n<p class=\"p1\">Intel(R) Core(TM) i7 or AMD equivalent with 64 bit support<\/p>\n<p class=\"p1\">32GB minimum RAM<\/p>\n<p class=\"p1\">Network &#8211; Gigabit (10\/100\/1000baseT) Ethernet adapter<\/p>\n<p class=\"p1\">Disk space 512 GB (recommended SSD 2 TB disk)<\/p>\n<p>[\/vc_column_text][\/vc_column_inner][vc_column_inner width=\u00bb1\/3&#8243;][vc_column_text css=\u00bb\u00bb css_params=\u00bb\u00bb]<\/p>\n<p data-pm-slice=\"0 0 []\"><strong>Supported Web Browser<\/strong><\/p>\n<p><strong>macOS<\/strong><\/p>\n<p>Safari 6.X<\/p>\n<p>Google Chrome 29.X<\/p>\n<p>Mozilla Firefox 23.X<\/p>\n<p>&nbsp;<\/p>\n<p><strong>Windows<\/strong><\/p>\n<p>Google Chrome 29.X<\/p>\n<p>Mozilla Firefox 23.X<\/p>\n<p>Microsoft Edge 101.0.[\/vc_column_text][\/vc_column_inner][vc_column_inner width=\u00bb1\/3&#8243;][vc_column_text css=\u00bb\u00bb css_params=\u00bb\u00bb]<\/p>\n<p data-pm-slice=\"1 1 []\"><strong>Languages<\/strong><\/p>\n<p>English<\/p>\n<p>Spanish<\/p>\n<p>Catalan<\/p>\n<p>Italian<\/p>\n<p>German<\/p>\n<p>Portuguese<\/p>\n<p>French[\/vc_column_text][\/vc_column_inner][\/vc_row_inner][\/vc_column][\/vc_row]<\/p>\n<\/div>","protected":false},"excerpt":{"rendered":"<p>[vc_row full_width=\u00bbstretch_row\u00bb css_animation=\u00bbfadeIn\u00bb css=\u00bb.vc_custom_1744764327663{padding-top: 120px !important;padding-bottom: 50px !important;background-color: #ededec !important;}\u00bb][vc_column css_animation=\u00bbfadeIn\u00bb][vc_single_image image=\u00bb26712&#8243; img_size=\u00bb100&#215;100&#8243; css=\u00bb\u00bb el_class=\u00bbsvg-size icon-product\u00bb label=\u00bb\u00bb css_params=\u00bb\u00bb][vc_custom_heading text=\u00bbLa soluci\u00f3n definitiva para la organizaci\u00f3n de tus dise\u00f1os y la gesti\u00f3n total de tu flujo de trabajo.\u00bb font_container=\u00bbtag:h1|text_align:center|color:%23509e2f\u00bb google_fonts=\u00bbfont_family:soho%3Aregular|font_style:400%20regular%3A400%3Anormal\u00bb css_animation=\u00bbfadeIn\u00bb][vc_column_text css_animation=\u00bbfadeIn\u00bb css=\u00bb\u00bb el_class=\u00bbtext-lead\u00bb] neoCatalog te permite organizar y compartir tus dise\u00f1os en l\u00ednea, crear m\u00faltiples variantes [&hellip;]<\/p>\n","protected":false},"author":2,"featured_media":0,"parent":0,"menu_order":0,"comment_status":"closed","ping_status":"closed","template":"","meta":{"_acf_changed":false,"_monsterinsights_skip_tracking":false,"_monsterinsights_sitenote_active":false,"_monsterinsights_sitenote_note":"","_monsterinsights_sitenote_category":0,"footnotes":""},"class_list":["post-13721","page","type-page","status-publish","hentry"],"acf":[],"_links":{"self":[{"href":"https:\/\/www.inedit.com\/es\/wp-json\/wp\/v2\/pages\/13721","targetHints":{"allow":["GET"]}}],"collection":[{"href":"https:\/\/www.inedit.com\/es\/wp-json\/wp\/v2\/pages"}],"about":[{"href":"https:\/\/www.inedit.com\/es\/wp-json\/wp\/v2\/types\/page"}],"author":[{"embeddable":true,"href":"https:\/\/www.inedit.com\/es\/wp-json\/wp\/v2\/users\/2"}],"replies":[{"embeddable":true,"href":"https:\/\/www.inedit.com\/es\/wp-json\/wp\/v2\/comments?post=13721"}],"version-history":[{"count":36,"href":"https:\/\/www.inedit.com\/es\/wp-json\/wp\/v2\/pages\/13721\/revisions"}],"predecessor-version":[{"id":26714,"href":"https:\/\/www.inedit.com\/es\/wp-json\/wp\/v2\/pages\/13721\/revisions\/26714"}],"wp:attachment":[{"href":"https:\/\/www.inedit.com\/es\/wp-json\/wp\/v2\/media?parent=13721"}],"curies":[{"name":"wp","href":"https:\/\/api.w.org\/{rel}","templated":true}]}}