{"id":13730,"date":"2021-05-19T13:43:00","date_gmt":"2021-05-19T13:43:00","guid":{"rendered":"https:\/\/www.inedit.com\/neomatch-the-color-management-tool\/"},"modified":"2025-04-25T13:49:43","modified_gmt":"2025-04-25T13:49:43","slug":"neomatch-the-color-management-tool","status":"publish","type":"page","link":"https:\/\/www.inedit.com\/es\/neomatch-the-color-management-tool\/","title":{"rendered":"neoMatch. The color Management tool"},"content":{"rendered":"<div class=\"wpb-content-wrapper\"><p>[vc_row full_width=\u00bbstretch_row\u00bb css=\u00bb.vc_custom_1528992342510{margin-bottom: 0px !important;padding-top: 120px !important;padding-bottom: 50px !important;background-color: #ededec !important;}\u00bb el_class=\u00bbnomargin\u00bb][vc_column][vc_single_image image=\u00bb319&#8243; img_size=\u00bb200&#215;200&#8243; css=\u00bb\u00bb css_animation=\u00bbfadeInDown\u00bb el_class=\u00bbsvg-size icon-product\u00bb][vc_custom_heading text=\u00bbLa herramienta perfecta para lograr la<br \/>\nm\u00e1xima precisi\u00f3n en la calibraci\u00f3n de librer\u00edas de color.\u00bb font_container=\u00bbtag:h2|text_align:center|color:%23636569&#8243; use_theme_fonts=\u00bbyes\u00bb el_class=\u00bbh2_2&#8243;][vc_column_text css=\u00bb\u00bb el_class=\u00bbtext-lead\u00bb]<\/p>\n<p style=\"text-align: center;\">neoMatch genera valores LAB a partir de las mediciones obtenidas con tu espectrofot\u00f3metro X-Rite i1 Pro<br \/>\nu otras referencias importadas (ej. librer\u00edas pantone)<br \/>\nAl imprimir, neoMatch calcula la diferencia de los valores Lab y propone referencias modificadas para lograr colores iguales.<br \/>\nEste proceso produce resultados de gran precisi\u00f3n dentro de la gama de perfiles generados en neoStampa (RIP de impresi\u00f3n) y te da informaci\u00f3n sobre colores que nunca tendr\u00e1n una reproducci\u00f3n impresa precisa.<\/p>\n<p>[\/vc_column_text][\/vc_column][\/vc_row][vc_row full_width=\u00bbstretch_row\u00bb content_placement=\u00bbtop\u00bb css=\u00bb.vc_custom_1528992375829{margin-bottom: 0px !important;padding-top: 50px !important;padding-bottom: 40px !important;background-color: #00a0af !important;}\u00bb el_class=\u00bbcolor-invert\u00bb][vc_column width=\u00bb1\/6&#8243;][vc_single_image image=\u00bb320&#8243; img_size=\u00bb200&#215;200&#8243; el_class=\u00bbsvg-size\u00bb][\/vc_column][vc_column width=\u00bb5\/6&#8243;][vc_custom_heading text=\u00bbFunci\u00f3n Delta Checker\u00bb font_container=\u00bbtag:h2|text_align:left|color:%23ffffff\u00bb use_theme_fonts=\u00bbyes\u00bb][vc_column_text el_class=\u00bbtext-lead text-white\u00bb]Esta \u00fatil funcionalidad de neoMatch te da la posibilidad de comprobar si una calibraci\u00f3n se ha realizado correctamente y si \u00e9sta puede utilizarse para imprimir en distintos sustratos. Adem\u00e1s, con Delta Checker puedes controlar procesos como el lavado o el vaporado, comparando las mediciones proporcionadas antes y despu\u00e9s de cada proceso para detectar aquellas \u00e1reas donde puedan existir imperfecciones.[\/vc_column_text][\/vc_column][\/vc_row][vc_row full_width=\u00bbstretch_row\u00bb equal_height=\u00bbyes\u00bb content_placement=\u00bbtop\u00bb css=\u00bb.vc_custom_1528992397641{margin-top: 0px !important;padding-top: 40px !important;padding-bottom: 40px !important;}\u00bb el_class=\u00bbproduct-features\u00bb][vc_column width=\u00bb1\/3&#8243;]<div class=\"porto-sicon-box product-features-icon  wpb_custom_943b6e859d764578e2ebb612b424a618 style_1 top-icon\"><div class=\"porto-sicon-top\"><div class=\"porto-just-icon-wrapper porto-sicon-img  porto-icon-9f5d1cfb45d27d96b50bf473aebba227\" style=\"font-size: 64px;\"><img decoding=\"async\" class=\"img-icon\" alt=\"Software industria textil- neoMatch\" src=\"https:\/\/www.inedit.com\/wp-content\/uploads\/2018\/04\/productes-icon-neomatch-01.svg\" width=\"0\" height=\"0\" \/><\/div><\/div><div class=\"porto-sicon-header\"><h3 class=\"porto-sicon-title\" style=\"font-weight:light;\">Interfaz sencilla e intuitiva<\/h3><\/div> <!-- header --><\/div><!-- porto-sicon-box -->[\/vc_column][vc_column width=\u00bb1\/3&#8243;]<div class=\"porto-sicon-box product-features-icon  wpb_custom_943b6e859d764578e2ebb612b424a618 style_1 top-icon\"><div class=\"porto-sicon-top\"><div class=\"porto-just-icon-wrapper porto-sicon-img  porto-icon-9f5d1cfb45d27d96b50bf473aebba227\" style=\"font-size: 64px;\"><img decoding=\"async\" class=\"img-icon\" alt=\"Software industria textil- neoMatch\" src=\"https:\/\/www.inedit.com\/wp-content\/uploads\/2018\/04\/productes-icon-neomatch-02.svg\" width=\"0\" height=\"0\" \/><\/div><\/div><div class=\"porto-sicon-header\"><h3 class=\"porto-sicon-title\" style=\"font-weight:light;\">Calibraci\u00f3n precisa de librer\u00edas de color<\/h3><\/div> <!-- header --><\/div><!-- porto-sicon-box -->[\/vc_column][vc_column width=\u00bb1\/3&#8243;]<div class=\"porto-sicon-box product-features-icon  wpb_custom_943b6e859d764578e2ebb612b424a618 style_1 top-icon\"><div class=\"porto-sicon-top\"><div class=\"porto-just-icon-wrapper porto-sicon-img  porto-icon-9f5d1cfb45d27d96b50bf473aebba227\" style=\"font-size: 64px;\"><img decoding=\"async\" class=\"img-icon\" alt=\"Software industria textil- neoMatch\" src=\"https:\/\/www.inedit.com\/wp-content\/uploads\/2018\/04\/productes-icon-neomatch-03.svg\" width=\"0\" height=\"0\" \/><\/div><\/div><div class=\"porto-sicon-header\"><h3 class=\"porto-sicon-title\" style=\"font-weight:light;\">Generaci\u00f3n de los valores LAB de las librer\u00edas<\/h3><\/div> <!-- header --><\/div><!-- porto-sicon-box -->[\/vc_column][vc_column width=\u00bb1\/3&#8243;]<div class=\"porto-sicon-box product-features-icon  wpb_custom_943b6e859d764578e2ebb612b424a618 style_1 top-icon\"><div class=\"porto-sicon-top\"><div class=\"porto-just-icon-wrapper porto-sicon-img  porto-icon-9f5d1cfb45d27d96b50bf473aebba227\" style=\"font-size: 64px;\"><img loading=\"lazy\" decoding=\"async\" class=\"img-icon\" alt=\"Software industria textil- neoMatch\" src=\"https:\/\/www.inedit.com\/wp-content\/uploads\/2018\/04\/productes-icon-neomatch-04.svg\" width=\"0\" height=\"0\" \/><\/div><\/div><div class=\"porto-sicon-header\"><h3 class=\"porto-sicon-title\" style=\"font-weight:light;\">Exportaci\u00f3n de librer\u00edas de color<\/h3><\/div> <!-- header --><\/div><!-- porto-sicon-box -->[\/vc_column][vc_column width=\u00bb1\/3&#8243;]<div class=\"porto-sicon-box product-features-icon  wpb_custom_943b6e859d764578e2ebb612b424a618 style_1 top-icon\"><div class=\"porto-sicon-top\"><div class=\"porto-just-icon-wrapper porto-sicon-img  porto-icon-9f5d1cfb45d27d96b50bf473aebba227\" style=\"font-size: 64px;\"><img loading=\"lazy\" decoding=\"async\" class=\"img-icon\" alt=\"Software industria textil- neoMatch\" src=\"https:\/\/www.inedit.com\/wp-content\/uploads\/2018\/04\/productes-icon-neomatch-05.svg\" width=\"0\" height=\"0\" \/><\/div><\/div><div class=\"porto-sicon-header\"><h3 class=\"porto-sicon-title\" style=\"font-weight:light;\">Generaci\u00f3n de librer\u00edas dentro de un perfil<\/h3><\/div> <!-- header --><\/div><!-- porto-sicon-box -->[\/vc_column][vc_column width=\u00bb1\/3&#8243;]<div class=\"porto-sicon-box product-features-icon  wpb_custom_943b6e859d764578e2ebb612b424a618 style_1 top-icon\"><div class=\"porto-sicon-top\"><div class=\"porto-just-icon-wrapper porto-sicon-img  porto-icon-9f5d1cfb45d27d96b50bf473aebba227\" style=\"font-size: 64px;\"><img loading=\"lazy\" decoding=\"async\" class=\"img-icon\" alt=\"Software industria textil- neoMatch\" src=\"https:\/\/www.inedit.com\/wp-content\/uploads\/2018\/04\/productes-icon-neomatch-06.svg\" width=\"0\" height=\"0\" \/><\/div><\/div><div class=\"porto-sicon-header\"><h3 class=\"porto-sicon-title\" style=\"font-weight:light;\">Soluci\u00f3n integrada con otros productos In\u00e8dit<\/h3><\/div> <!-- header --><\/div><!-- porto-sicon-box -->[\/vc_column][\/vc_row][vc_row full_width=\u00bbstretch_row\u00bb css=\u00bb.vc_custom_1536069288608{padding-top: 50px !important;padding-bottom: 30px !important;background: #ededec url(https:\/\/neocatalog.inedit.com\/wp-content\/uploads\/2018\/06\/bg-slide04.jpg?id=1290) !important;}\u00bb][vc_column width=\u00bb1\/6&#8243;][\/vc_column][vc_column width=\u00bb2\/3&#8243;][vc_custom_heading text=\u00bb\u00bfQuieres probar neoMatch?\u00bb font_container=\u00bbtag:h3|text_align:center\u00bb use_theme_fonts=\u00bbyes\u00bb css_params=\u00bb\u00bb][vc_custom_heading text=\u00bbDesc\u00e1rgalo y prueba gratis durante 30 d\u00edas\u00bb font_container=\u00bbtag:h4|text_align:center\u00bb use_theme_fonts=\u00bbyes\u00bb css=\u00bb.vc_custom_1745588977490{margin-bottom: 40px !important;}\u00bb css_params=\u00bb\u00bb]<div class=\"porto-btn-ctn-center \"><a class=\"porto-btn porto-adjust-bottom-margin porto-btn-large porto-btn-no-hover-bg   wpb_custom_fa51088c2567b780100c1edcf8821d3b  porto-btn-center \"  rel='' href = \"\/es\/acceder\/\"  data-hover=\"\" data-border-color=\"\" data-bg=\"#fe5000\" data-hover-bg=\"\" data-border-hover=\"\" data-shadow-click=\"none\" data-shadow=\"\" style=\"font-size:16PX;border:none;background: #fe5000;color: #ffffff;\"><span class=\"porto-btn-hover\"><\/span><span class=\"porto-btn-data porto-btn-text \" >DESCARGAR NEOMATCH<\/span><\/a><\/div>[\/vc_column][vc_column width=\u00bb1\/6&#8243;][\/vc_column][\/vc_row][vc_row full_width=\u00bbstretch_row\u00bb gap=\u00bb30&#8243; equal_height=\u00bbyes\u00bb content_placement=\u00bbtop\u00bb el_class=\u00bbnomargin color-invers\u00bb css=\u00bb.vc_custom_1528992464833{padding-top: 30px !important;padding-bottom: 0px !important;background-color: #00a0af !important;}\u00bb][vc_column css=\u00bb.vc_custom_1528992638375{margin-bottom: 0px !important;padding-bottom: 0px !important;}\u00bb][vc_custom_heading text=\u00bbREQUERIMIENTOS T\u00c9CNICOS:\u00bb font_container=\u00bbtag:h3|text_align:left\u00bb use_theme_fonts=\u00bbyes\u00bb css=\u00bb.vc_custom_1528992617883{margin-bottom: 10px !important;padding-bottom: 0px !important;}\u00bb][\/vc_column][vc_column width=\u00bb1\/3&#8243;][vc_column_text css=\u00bb\u00bb css_params=\u00bb\u00bb]<\/p>\n<h5>Requisitos m\u00ednimos de equipo<\/h5>\n<p>4GB de RAM (16GB recomendados)<\/p>\n<p>500Gb de disco duro[\/vc_column_text][\/vc_column][vc_column width=\u00bb1\/3&#8243;][vc_column_text css=\u00bb\u00bb css_params=\u00bb\u00bb]<\/p>\n<h5>Sistemas operativos soportados<\/h5>\n<p>Mac OS X 1.9 o superior[\/vc_column_text][\/vc_column][vc_column width=\u00bb1\/3&#8243;][vc_column_text css=\u00bb\u00bb css_params=\u00bb\u00bb]<\/p>\n<h5>Espectrofot\u00f3metros soportados<\/h5>\n<p>X-Rite i1 Pro[\/vc_column_text][\/vc_column][\/vc_row]<\/p>\n<\/div>","protected":false},"excerpt":{"rendered":"<p>[vc_row full_width=\u00bbstretch_row\u00bb css=\u00bb.vc_custom_1528992342510{margin-bottom: 0px !important;padding-top: 120px !important;padding-bottom: 50px !important;background-color: #ededec !important;}\u00bb el_class=\u00bbnomargin\u00bb][vc_column][vc_single_image image=\u00bb319&#8243; img_size=\u00bb200&#215;200&#8243; css=\u00bb\u00bb css_animation=\u00bbfadeInDown\u00bb el_class=\u00bbsvg-size icon-product\u00bb][vc_custom_heading text=\u00bbLa herramienta perfecta para lograr la m\u00e1xima precisi\u00f3n en la calibraci\u00f3n de librer\u00edas de color.\u00bb font_container=\u00bbtag:h2|text_align:center|color:%23636569&#8243; use_theme_fonts=\u00bbyes\u00bb el_class=\u00bbh2_2&#8243;][vc_column_text css=\u00bb\u00bb el_class=\u00bbtext-lead\u00bb] neoMatch genera valores LAB a partir de las mediciones obtenidas con tu espectrofot\u00f3metro X-Rite i1 Pro u [&hellip;]<\/p>\n","protected":false},"author":2,"featured_media":0,"parent":0,"menu_order":0,"comment_status":"closed","ping_status":"closed","template":"","meta":{"_acf_changed":false,"_monsterinsights_skip_tracking":false,"_monsterinsights_sitenote_active":false,"_monsterinsights_sitenote_note":"","_monsterinsights_sitenote_category":0,"footnotes":""},"class_list":["post-13730","page","type-page","status-publish","hentry"],"acf":[],"_links":{"self":[{"href":"https:\/\/www.inedit.com\/es\/wp-json\/wp\/v2\/pages\/13730","targetHints":{"allow":["GET"]}}],"collection":[{"href":"https:\/\/www.inedit.com\/es\/wp-json\/wp\/v2\/pages"}],"about":[{"href":"https:\/\/www.inedit.com\/es\/wp-json\/wp\/v2\/types\/page"}],"author":[{"embeddable":true,"href":"https:\/\/www.inedit.com\/es\/wp-json\/wp\/v2\/users\/2"}],"replies":[{"embeddable":true,"href":"https:\/\/www.inedit.com\/es\/wp-json\/wp\/v2\/comments?post=13730"}],"version-history":[{"count":12,"href":"https:\/\/www.inedit.com\/es\/wp-json\/wp\/v2\/pages\/13730\/revisions"}],"predecessor-version":[{"id":25697,"href":"https:\/\/www.inedit.com\/es\/wp-json\/wp\/v2\/pages\/13730\/revisions\/25697"}],"wp:attachment":[{"href":"https:\/\/www.inedit.com\/es\/wp-json\/wp\/v2\/media?parent=13730"}],"curies":[{"name":"wp","href":"https:\/\/api.w.org\/{rel}","templated":true}]}}