{"id":15208,"date":"2022-01-18T11:57:43","date_gmt":"2022-01-18T11:57:43","guid":{"rendered":"https:\/\/www.inedit.com\/neostampa-thankyou\/"},"modified":"2022-02-16T11:31:46","modified_gmt":"2022-02-16T11:31:46","slug":"neostampa-thankyou","status":"publish","type":"page","link":"https:\/\/www.inedit.com\/es\/neostampa-thankyou\/","title":{"rendered":"neoStampa Thankyou"},"content":{"rendered":"<div class=\"wpb-content-wrapper\"><p>[vc_row full_width=\u00bbstretch_row_content\u00bb content_placement=\u00bbmiddle\u00bb css=\u00bb.vc_custom_1644938461317{background-color: #efd7d3 !important;}\u00bb][vc_column width=\u00bb1\/2&#8243; css=\u00bb.vc_custom_1644939531302{padding-right: 50px !important;padding-left: 250px !important;}\u00bb][vc_empty_space][vc_empty_space][vc_column_text]<strong><span style=\"color: #fe5000;\"><span style=\"font-size: 35px;\">Est\u00e1s a punto de <\/span><\/span><\/strong><\/p>\n<p><strong><span style=\"color: #fe5000;\"><span style=\"font-size: 35px;\">recibir tu descarga!<\/span><\/span><\/strong>[\/vc_column_text][vc_column_text]<span style=\"font-size: 16px;\">Ya est\u00e1 todo listo. Recibir\u00e1s un correo electr\u00f3nico para descargar el software. Recuerda revisar todas tus bandejas de entrada de correo electr\u00f3nico, como spam, promociones o social.<\/span>[\/vc_column_text][vc_btn title=\u00bbGu\u00eda r\u00e1pida para configurar el software\u00bb style=\u00bbcustom\u00bb custom_background=\u00bb#fe5000&#8243; custom_text=\u00bb#ffffff\u00bb shape=\u00bbsquare\u00bb size=\u00bblg\u00bb link=\u00bburl:https%3A%2F%2Fjira.inedit.com%3A8491%2Fdisplay%2FUM%2FInedit%2BQuick%2BStart%2BGuides|target:_blank\u00bb][\/vc_column][vc_column width=\u00bb1\/2&#8243; css=\u00bb.vc_custom_1644938567860{padding-right: 250px !important;}\u00bb][vc_empty_space][vc_empty_space][vc_video link=\u00bbhttps:\/\/youtu.be\/bKdoJHYr_AY\u00bb][\/vc_column][\/vc_row][vc_row full_width=\u00bbstretch_row_content\u00bb content_placement=\u00bbmiddle\u00bb][vc_column width=\u00bb1\/2&#8243; css=\u00bb.vc_custom_1644939531302{padding-right: 50px !important;padding-left: 250px !important;}\u00bb][vc_empty_space][vc_column_text]<span style=\"color: #fe5000;\"><span style=\"font-size: 35px;\">Aprende r\u00e1pido y f\u00e1cil, <\/span><\/span><\/p>\n<p><span style=\"color: #fe5000;\"><span style=\"font-size: 35px;\">reserva una demo personalizada<\/span><\/span>[\/vc_column_text][vc_column_text]Hay un experto en color esper\u00e1ndote. Reserva una demostraci\u00f3n personalizada y gratuita con ellos para configurar el software y adaptarlo a tus necesidades.[\/vc_column_text][vc_btn title=\u00bbReservar una demostraci\u00f3n personalizada\u00bb style=\u00bbcustom\u00bb custom_background=\u00bb#fe5000&#8243; custom_text=\u00bb#ffffff\u00bb shape=\u00bbsquare\u00bb size=\u00bblg\u00bb link=\u00bburl:mailto%3Asales%40inedit.com|target:_blank\u00bb][\/vc_column][vc_column width=\u00bb1\/2&#8243; css=\u00bb.vc_custom_1644938567860{padding-right: 250px !important;}\u00bb][vc_empty_space][vc_single_image image=\u00bb14302&#8243; img_size=\u00bbfull\u00bb][\/vc_column][\/vc_row][vc_row full_width=\u00bbstretch_row_content\u00bb content_placement=\u00bbmiddle\u00bb][vc_column css=\u00bb.vc_custom_1644939531302{padding-right: 50px !important;padding-left: 250px !important;}\u00bb][vc_empty_space][vc_empty_space][vc_column_text]<\/p>\n<p style=\"text-align: center;\"><span style=\"color: #fe5000;\"><span style=\"font-size: 35px;\">Buenas noticias, <\/span><\/span><\/p>\n<p style=\"text-align: center;\"><span style=\"color: #fe5000;\"><span style=\"font-size: 35px;\">si lo prefieres puedes empezar ahora mismo<\/span><\/span><\/p>\n<p>[\/vc_column_text][vc_column_text]<\/p>\n<p style=\"text-align: center;\">Consulta estos recursos \u00fatiles para saber m\u00e1s sobre nuestro software.<\/p>\n<p>[\/vc_column_text][vc_row_inner css=\u00bb.vc_custom_1645011086846{padding-right: 150px !important;}\u00bb][vc_column_inner width=\u00bb1\/3&#8243;][vc_video link=\u00bbhttps:\/\/youtu.be\/tXe3mJtnxbs\u00bb align=\u00bbcenter\u00bb][\/vc_column_inner][vc_column_inner width=\u00bb1\/3&#8243;][vc_video link=\u00bbhttps:\/\/youtu.be\/5rS3MYJPWgI\u00bb align=\u00bbcenter\u00bb][\/vc_column_inner][vc_column_inner width=\u00bb1\/3&#8243;][vc_video link=\u00bbhttps:\/\/youtu.be\/fiNoybRDZl4&#8243; align=\u00bbcenter\u00bb][\/vc_column_inner][\/vc_row_inner][vc_empty_space height=\u00bb55px\u00bb][\/vc_column][\/vc_row]<\/p>\n<\/div>","protected":false},"excerpt":{"rendered":"<p>[vc_row full_width=\u00bbstretch_row_content\u00bb content_placement=\u00bbmiddle\u00bb css=\u00bb.vc_custom_1644938461317{background-color: #efd7d3 !important;}\u00bb][vc_column width=\u00bb1\/2&#8243; css=\u00bb.vc_custom_1644939531302{padding-right: 50px !important;padding-left: 250px !important;}\u00bb][vc_empty_space][vc_empty_space][vc_column_text]Est\u00e1s a punto de recibir tu descarga![\/vc_column_text][vc_column_text]Ya est\u00e1 todo listo. Recibir\u00e1s un correo electr\u00f3nico para descargar el software. Recuerda revisar todas tus bandejas de entrada de correo electr\u00f3nico, como spam, promociones o social.[\/vc_column_text][vc_btn title=\u00bbGu\u00eda r\u00e1pida para configurar el software\u00bb style=\u00bbcustom\u00bb custom_background=\u00bb#fe5000&#8243; custom_text=\u00bb#ffffff\u00bb shape=\u00bbsquare\u00bb size=\u00bblg\u00bb [&hellip;]<\/p>\n","protected":false},"author":2,"featured_media":0,"parent":0,"menu_order":0,"comment_status":"closed","ping_status":"closed","template":"","meta":{"_acf_changed":false,"_monsterinsights_skip_tracking":false,"_monsterinsights_sitenote_active":false,"_monsterinsights_sitenote_note":"","_monsterinsights_sitenote_category":0,"footnotes":""},"class_list":["post-15208","page","type-page","status-publish","hentry"],"acf":[],"_links":{"self":[{"href":"https:\/\/www.inedit.com\/es\/wp-json\/wp\/v2\/pages\/15208","targetHints":{"allow":["GET"]}}],"collection":[{"href":"https:\/\/www.inedit.com\/es\/wp-json\/wp\/v2\/pages"}],"about":[{"href":"https:\/\/www.inedit.com\/es\/wp-json\/wp\/v2\/types\/page"}],"author":[{"embeddable":true,"href":"https:\/\/www.inedit.com\/es\/wp-json\/wp\/v2\/users\/2"}],"replies":[{"embeddable":true,"href":"https:\/\/www.inedit.com\/es\/wp-json\/wp\/v2\/comments?post=15208"}],"version-history":[{"count":4,"href":"https:\/\/www.inedit.com\/es\/wp-json\/wp\/v2\/pages\/15208\/revisions"}],"predecessor-version":[{"id":15414,"href":"https:\/\/www.inedit.com\/es\/wp-json\/wp\/v2\/pages\/15208\/revisions\/15414"}],"wp:attachment":[{"href":"https:\/\/www.inedit.com\/es\/wp-json\/wp\/v2\/media?parent=15208"}],"curies":[{"name":"wp","href":"https:\/\/api.w.org\/{rel}","templated":true}]}}