{"id":15462,"date":"2022-02-22T11:08:27","date_gmt":"2022-02-22T11:08:27","guid":{"rendered":"https:\/\/www.inedit.com\/?page_id=15462"},"modified":"2022-02-22T11:14:42","modified_gmt":"2022-02-22T11:14:42","slug":"politica-de-cookies","status":"publish","type":"page","link":"https:\/\/www.inedit.com\/es\/politica-de-cookies\/","title":{"rendered":"Pol\u00edtica de Cookies"},"content":{"rendered":"<p>[cookie_declaration]<\/p>\n<p class=\"p1\">T\u00e9ngase en cuenta que, si acepta las cookies de terceros, deber\u00e1 eliminarlas desde las opciones del navegador o desde el sistema ofrecido por el propio tercero.<\/p>\n<p class=\"p1\">A continuaci\u00f3n le proporcionamos los enlaces de diversos navegadores, a trav\u00e9s de los cuales podr\u00e1 modificar la configuraci\u00f3n de su navegador sobre el uso de cookies:<\/p>\n<p class=\"p2\"><span class=\"s1\">\u2000 Firefox desde aqu\u00ed: <\/span>http:\/\/support.mozilla.org\/es\/kb\/habilitar-y-deshabilitar-cookies-que-los-sitios-we<\/p>\n<p class=\"p2\"><span class=\"s1\">\u2000 Chrome desde aqu\u00ed: <\/span>http:\/\/support.google.com\/chrome\/bin\/answer.py?hl=es&amp;answer=95647<\/p>\n<p class=\"p2\"><span class=\"s1\">\u2000 Explorer desde aqu\u00ed: <\/span>http:\/\/windows.microsoft.com\/es-es\/internet-explorer\/delete-managecookies#ie=ie-10<\/p>\n<p class=\"p2\"><span class=\"s1\">\u2000 Safari desde aqu\u00ed: <\/span>https:\/\/support.apple.com\/kb\/ph17191?locale=es_ES<\/p>\n<p class=\"p2\"><span class=\"s1\">\u2000 Opera desde aqu\u00ed: <\/span>https:\/\/help.opera.com\/en\/latest\/web-preferences\/#cookies<\/p>\n<p class=\"p1\">Para conocer m\u00e1s informaci\u00f3n sobre el tratamiento de datos personales, le recomendamos visitar nuestro<\/p>\n<p class=\"p1\">apartado \u201cPol\u00edtica de Privacidad\u201d.<\/p>\n","protected":false},"excerpt":{"rendered":"<p>[cookie_declaration] T\u00e9ngase en cuenta que, si acepta las cookies de terceros, deber\u00e1 eliminarlas desde las opciones del navegador o desde el sistema ofrecido por el propio tercero. A continuaci\u00f3n le proporcionamos los enlaces de diversos navegadores, a trav\u00e9s de los cuales podr\u00e1 modificar la configuraci\u00f3n de su navegador sobre el uso de cookies: \u2000 Firefox [&hellip;]<\/p>\n","protected":false},"author":2,"featured_media":0,"parent":0,"menu_order":0,"comment_status":"closed","ping_status":"closed","template":"","meta":{"_acf_changed":false,"_monsterinsights_skip_tracking":false,"_monsterinsights_sitenote_active":false,"_monsterinsights_sitenote_note":"","_monsterinsights_sitenote_category":0,"footnotes":""},"class_list":["post-15462","page","type-page","status-publish","hentry"],"acf":[],"_links":{"self":[{"href":"https:\/\/www.inedit.com\/es\/wp-json\/wp\/v2\/pages\/15462","targetHints":{"allow":["GET"]}}],"collection":[{"href":"https:\/\/www.inedit.com\/es\/wp-json\/wp\/v2\/pages"}],"about":[{"href":"https:\/\/www.inedit.com\/es\/wp-json\/wp\/v2\/types\/page"}],"author":[{"embeddable":true,"href":"https:\/\/www.inedit.com\/es\/wp-json\/wp\/v2\/users\/2"}],"replies":[{"embeddable":true,"href":"https:\/\/www.inedit.com\/es\/wp-json\/wp\/v2\/comments?post=15462"}],"version-history":[{"count":3,"href":"https:\/\/www.inedit.com\/es\/wp-json\/wp\/v2\/pages\/15462\/revisions"}],"predecessor-version":[{"id":15469,"href":"https:\/\/www.inedit.com\/es\/wp-json\/wp\/v2\/pages\/15462\/revisions\/15469"}],"wp:attachment":[{"href":"https:\/\/www.inedit.com\/es\/wp-json\/wp\/v2\/media?parent=15462"}],"curies":[{"name":"wp","href":"https:\/\/api.w.org\/{rel}","templated":true}]}}