{"id":15480,"date":"2022-02-22T12:04:24","date_gmt":"2022-02-22T12:04:24","guid":{"rendered":"https:\/\/www.inedit.com\/social-networks-policy\/"},"modified":"2022-02-22T12:11:16","modified_gmt":"2022-02-22T12:11:16","slug":"social-networks-policy","status":"publish","type":"page","link":"https:\/\/www.inedit.com\/es\/social-networks-policy\/","title":{"rendered":"Social Networks policy"},"content":{"rendered":"<div class=\"wpb-content-wrapper\"><p>[vc_row][vc_column][vc_column_text]<\/p>\n<p class=\"p1\"><b>POL\u00cdTICA DE PRIVACIDAD REDES SOCIALES<\/b><\/p>\n<p class=\"p2\">De conformidad con lo establecido en la normativa vigente y aplicable de protecci\u00f3n de datos de car\u00e1cter personal y la Ley 34\/2002, de 11 de julio, de Servicios de la Sociedad de la Informaci\u00f3n y de Comercio Electr\u00f3nico (LSSI-CE), INEDIT SOFTWARE SL informa a los usuarios, que ha procedido a crear un perfil en las Redes Sociales Facebook, Twitter, Linkedin y YouTube, con la finalidad principal de publicitar sus productos y servicios.<\/p>\n<p class=\"p4\">Datos de INEDIT SOFTWARE SL:<\/p>\n<ul class=\"ul1\">\n<li class=\"li6\">NIF: B60167244<\/li>\n<li class=\"li7\">DIRECCI\u00d3N: C\/ DEL ROCA 6 08394, SANT VICEN\u00c7 DE MONTALT (BARCELONA)<\/li>\n<li class=\"li8\">CORREO ELECTR\u00d3NICO:<span class=\"s14\"> <a href=\"mailto:info@inedit.com\"><span class=\"s15\">info@inedit.com<\/span><\/a><\/span><\/li>\n<li class=\"li9\"><span class=\"s16\">DOMINIO WEB:<\/span><span class=\"s14\"> <a href=\"http:\/\/www.inedit.com\/\"><span class=\"s17\">www.inedit.com<\/span><\/a><\/span><\/li>\n<\/ul>\n<p class=\"p12\">El usuario dispone de un perfil en la misma Red Social y ha decidido unirse a la p\u00e1gina creada por INEDIT SOFTWARE SL, mostrando as\u00ed inter\u00e9s en la informaci\u00f3n que se publicite en la Red. Al unirse a nuestra p\u00e1gina, nos facilita su consentimiento para el tratamiento de aquellos datos personales publicados en su perfil.<\/p>\n<p class=\"p4\">El usuario puede acceder en todo momento a las pol\u00edticas de privacidad de la propia Red Social, as\u00ed como configurar su perfil para garantizar su privacidad.<\/p>\n<p class=\"p15\">INEDIT SOFTWARE SL tiene acceso y trata aquella informaci\u00f3n p\u00fablica del usuario, en especial, su nombre de contacto. Estos datos, s\u00f3lo son utilizados dentro de la propia Red Social. No son incorporados a ning\u00fan sistema de tratamiento.<\/p>\n<p class=\"p16\"><b>Derechos<\/b><b> <\/b><b>de<\/b><b> <\/b><b>los<\/b><b> <\/b><b>interesados<\/b><\/p>\n<p class=\"p4\">En relaci\u00f3n a los derechos de acceso, rectificaci\u00f3n, limitaci\u00f3n de tratamiento, supresi\u00f3n, portabilidad y oposici\u00f3n al tratamiento de sus datos de car\u00e1cter personal, de los que usted dispone y que pueden ser ejercitados ante INEDIT SOFTWARE SL, de acuerdo con el RGPD, debe tener en cuenta los siguientes matices:<\/p>\n<ul class=\"ul1\">\n<li class=\"li4\"><span class=\"s17\"><b>Derecho<\/b><\/span><b> <\/b><span class=\"s17\"><b>de<\/b><\/span><b> <\/b><span class=\"s17\"><b>Acceso<\/b><\/span>: Es el derecho del usuario a obtener informaci\u00f3n sobre sus datos concretos de car\u00e1cter personal y del tratamiento que se haya realizado o realice, as\u00ed como de la informaci\u00f3n disponible sobre el origen de dichos datos y las comunicaciones realizadas o previstas de los mismos.<\/li>\n<li class=\"li19\"><span class=\"s17\"><b>Derecho<\/b><\/span><b> <\/b><span class=\"s17\"><b>de<\/b><\/span><b> <\/b><span class=\"s17\"><b>Rectificaci\u00f3n<\/b><\/span>: Es el derecho del afectado a que se modifiquen los datos que resulten ser inexactos o incompletos. S\u00f3lo podr\u00e1 satisfacerse en relaci\u00f3n a aquella informaci\u00f3n que se encuentre bajo el control de INEDIT SOFTWARE SL, por ejemplo, eliminar comentarios publicados en la propia p\u00e1gina, im\u00e1genes o contenidos web donde consten datos de car\u00e1cter personal del usuario.<\/li>\n<li class=\"li20\"><span class=\"s17\"><b>Derecho<\/b><\/span><b> <\/b><span class=\"s17\"><b>a<\/b><\/span><b> <\/b><span class=\"s17\"><b>la<\/b><\/span><b> <\/b><span class=\"s17\"><b>Limitaci\u00f3n<\/b><\/span><b> <\/b><span class=\"s17\"><b>de<\/b><\/span><b> <\/b><span class=\"s17\"><b>tratamiento<\/b><\/span>: Es el derecho a que se limiten los fines del tratamiento previstos de forma original por el responsable del tratamiento.<\/li>\n<li class=\"li21\"><span class=\"s17\"><b>Derecho<\/b><\/span><b> <\/b><span class=\"s17\"><b>de<\/b><\/span><b> <\/b><span class=\"s17\"><b>Supresi\u00f3n<\/b><\/span>: Es el derecho a suprimir los datos de car\u00e1cter personal del usuario, a excepci\u00f3n de lo previsto en el propio RGPD o en otras normativas aplicables que determinen la obligatoriedad de la conservaci\u00f3n de los mismos, en tiempo y forma.<\/li>\n<li class=\"li19\"><span class=\"s17\"><b>Derecho<\/b><\/span><b> <\/b><span class=\"s17\"><b>de<\/b><\/span><b> <\/b><span class=\"s17\"><b>portabilidad<\/b><\/span>: El derecho a recibir los datos personales que el usuario, haya facilitado, en un formato estructurado, de uso com\u00fan y lectura mec\u00e1nica, y a transmitirlos a otro responsable.<\/li>\n<li class=\"li22\"><span class=\"s17\"><b>Derecho<\/b><\/span><b> <\/b><span class=\"s17\"><b>de<\/b><\/span><b> <\/b><span class=\"s17\"><b>Oposici\u00f3n<\/b><\/span>: Es el derecho del usuario a que no se lleve a cabo el tratamiento de sus datos de car\u00e1cter personal o se cese el tratamiento de los mismos por parte de INEDIT SOFTWARE SL.<\/li>\n<\/ul>\n<p class=\"p1\">INEDIT SOFTWARE SL realizar\u00e1 las siguientes actuaciones:<\/p>\n<ul class=\"ul1\">\n<li class=\"li2\">Acceso a la informaci\u00f3n p\u00fablica del perfil.<\/li>\n<li class=\"li3\">Publicaci\u00f3n en el perfil del usuario de toda aquella informaci\u00f3n ya publicada en la p\u00e1gina de INEDIT SOFTWARE SL.<\/li>\n<li class=\"li4\">Enviar mensajes personales e individuales a trav\u00e9s de los canales de la Red Social.<\/li>\n<li class=\"li3\">Actualizaciones del estado de la p\u00e1gina que se publicar\u00e1n en el perfil del usuario.<\/li>\n<\/ul>\n<p class=\"p6\">El usuario siempre puede controlar sus conexiones, eliminar los contenidos que dejen de interesarle y restringir con qui\u00e9n comparte sus conexiones, para ello deber\u00e1 acceder a su configuraci\u00f3n de privacidad.<\/p>\n<p class=\"p7\"><b>Publicaciones<\/b><\/p>\n<p class=\"p8\">El usuario, una vez unido a la p\u00e1gina de INEDIT SOFTWARE SL, podr\u00e1 publicar en \u00e9sta \u00faltima comentarios, enlaces, im\u00e1genes o fotograf\u00edas o cualquier otro tipo de contenido multimedia soportado por la Red Social. El usuario, en todos los casos, debe ser el titular de los mismos, gozar de los derechos de autor y de propiedad intelectual o contar con el consentimiento de los terceros afectados. Se proh\u00edbe expresamente cualquier publicaci\u00f3n en la p\u00e1gina, ya sean textos, gr\u00e1ficos, fotograf\u00edas, v\u00eddeos, etc. que atenten o sean susceptibles de atentar contra la moral, la \u00e9tica, el buen gusto o el decoro, y\/o que infrinjan, violen o quebranten los derechos de propiedad intelectual o industrial, el derecho a la imagen o la Ley. En estos casos, INEDIT SOFTWARE SL se reserva el derecho a retirar de inmediato el contenido, pudiendo solicitar el bloqueo permanente del usuario.<\/p>\n<p class=\"p10\">INEDIT SOFTWARE SL no se har\u00e1 responsable de los contenidos que libremente ha publicado un usuario.<\/p>\n<p class=\"p10\">El usuario debe tener presente que sus publicaciones ser\u00e1n conocidas por los otros usuarios, por lo que \u00e9l mismo es el principal responsable de su privacidad.<\/p>\n<p class=\"p10\">Las im\u00e1genes que puedan publicarse en la p\u00e1gina no ser\u00e1n almacenadas en ning\u00fan sistema de tratamiento por parte de INEDIT SOFTWARE SL, pero s\u00ed que permanecer\u00e1n en la Red Social.<\/p>\n<p class=\"p13\"><b>Concursos<\/b><b> <\/b><b>y<\/b><b> <\/b><b>promociones<\/b><\/p>\n<p class=\"p10\">INEDIT SOFTWARE SL se reserva el derecho a realizar concursos y promociones, en los que podr\u00e1 participar el usuario unido a su p\u00e1gina. Las bases de cada uno de ellos, cuando se utilice para ello la plataforma de la Red Social, ser\u00e1n publicadas en la misma. Cumpliendo siempre con la LSSI-CE y con cualquier otra norma que le sea de aplicaci\u00f3n.<\/p>\n<p class=\"p8\">La Red Social no patrocina, avala ni administra, de modo alguno, ninguna de nuestras promociones, ni est\u00e1 asociada a ninguna de ellas.<\/p>\n<p class=\"p7\"><b>Publicidad<\/b><\/p>\n<p class=\"p8\">INEDIT SOFTWARE SL utilizar\u00e1 la Red Social para publicitar sus productos y servicios, en todo caso, si decide tratar sus datos de contacto para realizar acciones directas de prospecci\u00f3n comercial, ser\u00e1 siempre, cumpliendo con las exigencias legales del RGPD y de la LSSI-CE.<\/p>\n<p class=\"p8\">No se considerar\u00e1 publicidad el hecho de recomendar a otros usuarios la p\u00e1gina de INEDIT SOFTWARE SL para<\/p>\n<p class=\"p17\">que tambi\u00e9n ellos puedan disfrutar de las promociones o estar informados de su actividad.<\/p>\n<p class=\"p1\">A continuaci\u00f3n detallamos el enlace a la pol\u00edtica de privacidad de la Red Social:<\/p>\n<ul class=\"ul1\">\n<li class=\"li2\"><span class=\"s2\">Facebook:<\/span><span class=\"s3\"> <a href=\"https:\/\/es-es.facebook.com\/privacy\/explanation\"><span class=\"s4\">https:\/\/es-es.facebook.com\/privacy\/explanation<\/span><\/a><\/span><\/li>\n<\/ul>\n<ul class=\"ul1\">\n<li class=\"li3\"><span class=\"s2\">Twitter:<\/span><span class=\"s1\"> <a href=\"https:\/\/twitter.com\/privacy\"><span class=\"s4\">https:\/\/twitter.com\/privacy<\/span><\/a><\/span><\/li>\n<\/ul>\n<ul class=\"ul1\">\n<li class=\"li2\"><span class=\"s2\">Linkedin:<\/span><span class=\"s3\"> <a href=\"http:\/\/www.linkedin.com\/legal\/privacy-policy?trk=hb_ft_priv\"><span class=\"s4\">http:\/\/www.linkedin.com\/legal\/privacy-policy?trk=hb_ft_priv<\/span><\/a><\/span><\/li>\n<\/ul>\n<ul class=\"ul1\">\n<li class=\"li3\"><span class=\"s2\">YouTube:<\/span><span class=\"s3\"> <a href=\"https:\/\/www.youtube.com\/intl\/es\/about\/policies\/#community-guidelines\"><span class=\"s4\">https:\/\/www.youtube.com\/intl\/es\/about\/policies\/#community-guidelines<\/span><\/a><\/span><\/li>\n<\/ul>\n<p>[\/vc_column_text][\/vc_column][\/vc_row]<\/p>\n<\/div>","protected":false},"excerpt":{"rendered":"<p>[vc_row][vc_column][vc_column_text] POL\u00cdTICA DE PRIVACIDAD REDES SOCIALES De conformidad con lo establecido en la normativa vigente y aplicable de protecci\u00f3n de datos de car\u00e1cter personal y la Ley 34\/2002, de 11 de julio, de Servicios de la Sociedad de la Informaci\u00f3n y de Comercio Electr\u00f3nico (LSSI-CE), INEDIT SOFTWARE SL informa a los usuarios, que ha procedido [&hellip;]<\/p>\n","protected":false},"author":2,"featured_media":0,"parent":0,"menu_order":0,"comment_status":"closed","ping_status":"closed","template":"","meta":{"_acf_changed":false,"_monsterinsights_skip_tracking":false,"_monsterinsights_sitenote_active":false,"_monsterinsights_sitenote_note":"","_monsterinsights_sitenote_category":0,"footnotes":""},"class_list":["post-15480","page","type-page","status-publish","hentry"],"acf":[],"_links":{"self":[{"href":"https:\/\/www.inedit.com\/es\/wp-json\/wp\/v2\/pages\/15480","targetHints":{"allow":["GET"]}}],"collection":[{"href":"https:\/\/www.inedit.com\/es\/wp-json\/wp\/v2\/pages"}],"about":[{"href":"https:\/\/www.inedit.com\/es\/wp-json\/wp\/v2\/types\/page"}],"author":[{"embeddable":true,"href":"https:\/\/www.inedit.com\/es\/wp-json\/wp\/v2\/users\/2"}],"replies":[{"embeddable":true,"href":"https:\/\/www.inedit.com\/es\/wp-json\/wp\/v2\/comments?post=15480"}],"version-history":[{"count":2,"href":"https:\/\/www.inedit.com\/es\/wp-json\/wp\/v2\/pages\/15480\/revisions"}],"predecessor-version":[{"id":15483,"href":"https:\/\/www.inedit.com\/es\/wp-json\/wp\/v2\/pages\/15480\/revisions\/15483"}],"wp:attachment":[{"href":"https:\/\/www.inedit.com\/es\/wp-json\/wp\/v2\/media?parent=15480"}],"curies":[{"name":"wp","href":"https:\/\/api.w.org\/{rel}","templated":true}]}}