{"id":16288,"date":"2022-07-28T10:49:19","date_gmt":"2022-07-28T10:49:19","guid":{"rendered":"https:\/\/www.inedit.com\/?page_id=16288"},"modified":"2022-09-19T15:30:35","modified_gmt":"2022-09-19T15:30:35","slug":"inedit-care","status":"publish","type":"page","link":"https:\/\/www.inedit.com\/es\/inedit-care\/","title":{"rendered":"In\u00e8dit Care"},"content":{"rendered":"<div class=\"wpb-content-wrapper\"><p>[vc_row][vc_column][vc_row_inner][vc_column_inner width=\u00bb1\/2&#8243;][vc_empty_space height=\u00bb100px\u00bb][vc_column_text]<\/p>\n<h1><span style=\"color: #fe5000; font-size: 60px;\">In\u00e8dit Care<\/span><\/h1>\n<h1><span style=\"font-size: 25px; color: #fe5000;\">Seguimos caminando a tu lado<br \/>\n<\/span><\/h1>\n<p>[\/vc_column_text][vc_column_text]In\u00e8dit Care es la soluci\u00f3n de soporte y mantenimiento exclusiva para nuestros clientes. Suscribi\u00e9ndose al programa, tendr\u00e1s a tu disposici\u00f3n nuestro equipo de soporte con m\u00e1s de 30 a\u00f1os de experiencia.<\/p>\n<p>In\u00e8dit Care, no solamente te da acceso ilimitado a nuestro equipo de soporto sino que adem\u00e1s te permite descargar todas las nuevas versiones disponibles de tu software.\u00a0 Nuestro equipo de desarrollo est\u00e1 constantemente innovando y actualizando las nuevas versiones de las herramientas. Permanece siempre actualizado, con acceso ilimitado a todas las novedades disponibles.[\/vc_column_text][\/vc_column_inner][vc_column_inner width=\u00bb1\/2&#8243;][vc_single_image image=\u00bb16290&#8243; img_size=\u00bbfull\u00bb][\/vc_column_inner][\/vc_row_inner][\/vc_column][\/vc_row][vc_row full_width=\u00bbstretch_row\u00bb css=\u00bb.vc_custom_1659003512132{background-color: #f2f2f2 !important;}\u00bb][vc_column][vc_empty_space][vc_column_text]<strong><span style=\"font-size: 25px;\">\u00bfQu\u00e9 incluye In\u00e8dit Care?<\/span><\/strong>[\/vc_column_text][vc_row_inner][vc_column_inner width=\u00bb1\/2&#8243;][vc_single_image image=\u00bb16301&#8243; css=\u00bb.vc_custom_1659002930380{margin-bottom: 0.05px !important;}\u00bb][vc_column_text]<strong><span style=\"color: #fe5000; line-height: 10%;\">Asistencia t\u00e9cnica en l\u00ednea y por tel\u00e9fono<br \/>\n<\/span><\/strong><br \/>\n<span style=\"line-height: 10%;\">Nuestro equipo t\u00e9cnico, formado por expertos en herramientas In\u00e8dit con m\u00e1s de 20 a\u00f1os de experiencia, estar\u00e1 a tu disposici\u00f3n siempre que lo necesites.<br \/>\n<\/span><\/p>\n<ul>\n<li>Soporte online, por chat o telef\u00f3nico<\/li>\n<li>Sistema de tickets con hist\u00f3rico de datos<\/li>\n<li>Conexi\u00f3n remota a su ordenador<\/li>\n<\/ul>\n<p>[\/vc_column_text][\/vc_column_inner][vc_column_inner width=\u00bb1\/2&#8243;][vc_single_image image=\u00bb16303&#8243; css=\u00bb.vc_custom_1659002964646{margin-bottom: 0.05px !important;}\u00bb][vc_column_text]<strong><span style=\"color: #fe5000; line-height: 10%;\">Our color management experts at your service<br \/>\n<\/span><\/strong>The In\u00e8dit Care subscribers will have access to one consulting session with our Color Management and Digital Printing Workflow experts.<\/p>\n<ul>\n<li>Study the current situation and your business<\/li>\n<li>One-to-one session to understand the needs<\/li>\n<li>List of improvements for your workflow<\/li>\n<\/ul>\n<p>[\/vc_column_text][\/vc_column_inner][\/vc_row_inner][vc_row_inner][vc_column_inner width=\u00bb1\/2&#8243;][vc_empty_space][vc_single_image image=\u00bb16305&#8243; css=\u00bb.vc_custom_1659003021288{margin-bottom: 0.05px !important;}\u00bb][vc_column_text]<strong><span style=\"color: #fe5000; line-height: 10%;\">Acceso a nuevas actualizaciones y versiones de los software<br \/>\n<\/span><\/strong>Accede a todas las nuevas versiones de tu software y permanece siempre a la \u00faltima.<\/p>\n<ul>\n<li>Acceso a las nuevas actualizaciones y versiones<\/li>\n<li>Acceso a todos los nuevos drivers<\/li>\n<\/ul>\n<p>[\/vc_column_text][\/vc_column_inner][vc_column_inner width=\u00bb1\/2&#8243;][vc_empty_space][vc_single_image image=\u00bb16307&#8243; css=\u00bb.vc_custom_1659003075698{margin-bottom: 0.05px !important;}\u00bb][vc_column_text]<strong><span style=\"color: #fe5000; line-height: 10%;\">Acceso a material y formaciones exclusivas<br \/>\n<\/span><\/strong>Creamos constantemente material exclusivo para nuestros clientes. S\u00e9 un maestro de nuestras herramientas suscribi\u00e9ndote a In\u00e8dit Care.<\/p>\n<ul>\n<li>Acceso a los manuales y p\u00e1gina de formaci\u00f3n<\/li>\n<li>Acceso a webinars y formaciones exclusivas<\/li>\n<li><b>15% de descuento en las formaciones in situ<\/b><\/li>\n<\/ul>\n<p>[\/vc_column_text][\/vc_column_inner][\/vc_row_inner][\/vc_column][\/vc_row][vc_row][vc_column][vc_empty_space][vc_column_text]<strong><span style=\"font-size: 25px;\">Servicios de In\u00e8dit Care<\/span><\/strong>[\/vc_column_text][vc_row_inner][vc_column_inner][vc_table][c#ffffff;bg#fe5000;borders_all;align-center],[c#ffffff;bg#fe5000;borders_all;align-center]Sin%20In%C3%A8dit%20Care,[c#ffffff;bg#fe5000;borders_all;align-center]In%C3%A8dit%20Care,[c#ffffff;bg#fe5000;borders_all;align-center]In%C3%A8dit%20Care%20Premium|[bg#ffe7e0;borders_all;align-left]Asistencia%20t%C3%A9cnica%20%20en%20l%C3%ADnea%20y%20por%20tel%C3%A9fono,[borders_all;align-center]Asistencia%20por%20e-mail%20y%20tel%C3%A9fono%20incluida,[borders_all;align-center]%E2%9C%93,[borders_all;align-center]%E2%9C%93|[bg#ffe7e0;borders_all;align-left]Connexi%C3%B3n%20remota%20a%20tu%20estaci%C3%B3n%20de%20trabajo,[borders_all;align-center]100%E2%82%AC%2Fhora,[borders_all;align-center]%E2%9C%93,[borders_all;align-center]%E2%9C%93|[bg#ffe7e0;borders_all;align-left]Tiempo%20m%C3%A1ximo%20de%20respuesta%20desde%20la%20solicitud%20de%20soporte%20inicial%20(de%208h%20a%2018h%20CET),[borders_all;align-center]x,[borders_all;align-center]Entre%208%20horas%20y%203%20d%C3%ADas,[borders_all;align-center]Entre%201%20y%204%20horas|[bg#ffe7e0;borders_all;align-left]Acceso%20a%20las%20nuevas%20versiones%20y%20actualizaciones,[borders_all;align-center]x,[borders_all;align-center]%E2%9C%93,[borders_all;align-center]%E2%9C%93|[bg#ffe7e0;borders_all;align-left]Formaciones%20y%20webinars%20exclusivos,[borders_all;align-center]x,[borders_all;align-center]%E2%9C%93,[borders_all;align-center]%E2%9C%93|[bg#ffe7e0;borders_all;align-left]Descuento%20en%20las%20formaciones%20in%20situ%20y%20on-line,[borders_all;align-center]x,[borders_all;align-center]15%25%20descuento,[borders_all;align-center]25%25%20descuento|[bg#ffe7e0;borders_all;align-left]Sesi%C3%B3n%20de%20consultor%C3%ADa%20one-to-one,[borders_all;align-center]x,[borders_all;align-center]1%20sesi%C3%B3n%20de%201%20hora,[borders_all;align-center]2%20sesiones%20de%201%20hora[\/vc_table][\/vc_column_inner][\/vc_row_inner][\/vc_column][\/vc_row][vc_row full_width=\u00bbstretch_row\u00bb css=\u00bb.vc_custom_1659079478649{background-color: #f2f2f2 !important;}\u00bb][vc_column][vc_row_inner][vc_column_inner][vc_column_text]<\/p>\n<h2><span style=\"color: #fe5000;\">M\u00e1s informaci\u00f3n sobre In\u00e8dit Care<\/span><\/h2>\n<p>[\/vc_column_text]\n<div class=\"wpcf7 no-js\" id=\"wpcf7-f12129-o1\" lang=\"es-ES\" dir=\"ltr\" data-wpcf7-id=\"12129\">\n<div class=\"screen-reader-response\"><p role=\"status\" aria-live=\"polite\" aria-atomic=\"true\"><\/p> <ul><\/ul><\/div>\n<form action=\"\/es\/wp-json\/wp\/v2\/pages\/16288#wpcf7-f12129-o1\" method=\"post\" class=\"wpcf7-form init\" aria-label=\"Formulario de contacto\" novalidate=\"novalidate\" data-status=\"init\">\n<div style=\"display: none;\">\n<input type=\"hidden\" name=\"_wpcf7\" value=\"12129\" \/>\n<input type=\"hidden\" name=\"_wpcf7_version\" value=\"6.0.6\" \/>\n<input type=\"hidden\" name=\"_wpcf7_locale\" value=\"es_ES\" \/>\n<input type=\"hidden\" name=\"_wpcf7_unit_tag\" value=\"wpcf7-f12129-o1\" \/>\n<input type=\"hidden\" name=\"_wpcf7_container_post\" value=\"0\" \/>\n<input type=\"hidden\" name=\"_wpcf7_posted_data_hash\" value=\"\" \/>\n<\/div>\n<label> Nombre*\n    <span class=\"wpcf7-form-control-wrap\" data-name=\"your-name\"><input size=\"40\" maxlength=\"400\" class=\"wpcf7-form-control wpcf7-text wpcf7-validates-as-required\" aria-required=\"true\" aria-invalid=\"false\" value=\"\" type=\"text\" name=\"your-name\" \/><\/span> <\/label>\n\n<label> Correo electr\u00f3nico*\n    <span class=\"wpcf7-form-control-wrap\" data-name=\"your-email\"><input size=\"40\" maxlength=\"400\" class=\"wpcf7-form-control wpcf7-email wpcf7-validates-as-required wpcf7-text wpcf7-validates-as-email\" aria-required=\"true\" aria-invalid=\"false\" value=\"\" type=\"email\" name=\"your-email\" \/><\/span> <\/label>\n\n<label> T\u00edtulo*\n    <span class=\"wpcf7-form-control-wrap\" data-name=\"your-subject\"><input size=\"40\" maxlength=\"400\" class=\"wpcf7-form-control wpcf7-text wpcf7-validates-as-required\" aria-required=\"true\" aria-invalid=\"false\" value=\"\" type=\"text\" name=\"your-subject\" \/><\/span> <\/label>\n\n<label> Cu\u00e9ntanos tus necesidades:\n    <span class=\"wpcf7-form-control-wrap\" data-name=\"your-message\"><textarea cols=\"40\" rows=\"10\" maxlength=\"2000\" class=\"wpcf7-form-control wpcf7-textarea\" aria-invalid=\"false\" name=\"your-message\"><\/textarea><\/span> <\/label>\n\n<input class=\"wpcf7-form-control wpcf7-submit has-spinner\" type=\"submit\" value=\"Enviar\" \/><div class=\"wpcf7-response-output\" aria-hidden=\"true\"><\/div>\n<\/form>\n<\/div>\n[\/vc_column_inner][\/vc_row_inner][\/vc_column][\/vc_row]<\/p>\n<\/div>","protected":false},"excerpt":{"rendered":"<p>[vc_row][vc_column][vc_row_inner][vc_column_inner width=\u00bb1\/2&#8243;][vc_empty_space height=\u00bb100px\u00bb][vc_column_text] In\u00e8dit Care Seguimos caminando a tu lado [\/vc_column_text][vc_column_text]In\u00e8dit Care es la soluci\u00f3n de soporte y mantenimiento exclusiva para nuestros clientes. Suscribi\u00e9ndose al programa, tendr\u00e1s a tu disposici\u00f3n nuestro equipo de soporte con m\u00e1s de 30 a\u00f1os de experiencia. In\u00e8dit Care, no solamente te da acceso ilimitado a nuestro equipo de soporto sino [&hellip;]<\/p>\n","protected":false},"author":2,"featured_media":0,"parent":0,"menu_order":0,"comment_status":"closed","ping_status":"closed","template":"","meta":{"_acf_changed":false,"_monsterinsights_skip_tracking":false,"_monsterinsights_sitenote_active":false,"_monsterinsights_sitenote_note":"","_monsterinsights_sitenote_category":0,"footnotes":""},"class_list":["post-16288","page","type-page","status-publish","hentry"],"acf":[],"_links":{"self":[{"href":"https:\/\/www.inedit.com\/es\/wp-json\/wp\/v2\/pages\/16288","targetHints":{"allow":["GET"]}}],"collection":[{"href":"https:\/\/www.inedit.com\/es\/wp-json\/wp\/v2\/pages"}],"about":[{"href":"https:\/\/www.inedit.com\/es\/wp-json\/wp\/v2\/types\/page"}],"author":[{"embeddable":true,"href":"https:\/\/www.inedit.com\/es\/wp-json\/wp\/v2\/users\/2"}],"replies":[{"embeddable":true,"href":"https:\/\/www.inedit.com\/es\/wp-json\/wp\/v2\/comments?post=16288"}],"version-history":[{"count":45,"href":"https:\/\/www.inedit.com\/es\/wp-json\/wp\/v2\/pages\/16288\/revisions"}],"predecessor-version":[{"id":16646,"href":"https:\/\/www.inedit.com\/es\/wp-json\/wp\/v2\/pages\/16288\/revisions\/16646"}],"wp:attachment":[{"href":"https:\/\/www.inedit.com\/es\/wp-json\/wp\/v2\/media?parent=16288"}],"curies":[{"name":"wp","href":"https:\/\/api.w.org\/{rel}","templated":true}]}}