{"id":29,"date":"2018-04-12T07:42:02","date_gmt":"2018-04-12T07:42:02","guid":{"rendered":"https:\/\/mmktpro.com\/inedit\/?page_id=29"},"modified":"2025-04-16T01:59:11","modified_gmt":"2025-04-16T01:59:11","slug":"empresa-desarrollo-software-diseno","status":"publish","type":"page","link":"https:\/\/www.inedit.com\/es\/empresa-desarrollo-software-diseno\/","title":{"rendered":"Empresa"},"content":{"rendered":"<div class=\"wpb-content-wrapper\"><p>[vc_row full_width=\u00bbstretch_row\u00bb css=\u00bb.vc_custom_1744768631680{padding-top: 50px !important;padding-bottom: 10px !important;background-color: #ededec !important;}\u00bb][vc_column][vc_custom_heading text=\u00bbQui\u00e9nes somos\u00bb font_container=\u00bbtag:h2|text_align:left|color:%23636569&#8243; use_theme_fonts=\u00bbyes\u00bb][vc_column_text css=\u00bb.vc_custom_1744768734809{margin-bottom: 10px !important;}\u00bb el_class=\u00bbtext-lead\u00bb]Fundada en 1992,<strong> In\u00e8dit Software<\/strong> inici\u00f3 su actividad empresarial especializ\u00e1ndose en el <strong>desarrollo de software de dise\u00f1o para sistemas Apple<\/strong> dirigido al sector textil.<\/p>\n<p>Actualmente, somos una empresa de referencia mundial en su sector que ofrece soluciones de software para la impresi\u00f3n digital, el dise\u00f1o creativo y la gesti\u00f3n de color. Adem\u00e1s, ayudamos a nuestros clientes a optimizar procesos y a integrarlos de forma eficiente en su<strong> flujo de trabajo en impresi\u00f3n textil<\/strong>\u00a0<strong>digital<\/strong> gracias a nuestras innovadoras herramientas de gesti\u00f3n de im\u00e1genes e interconexi\u00f3n de departamentos.<\/p>\n<p>En los \u00faltimos a\u00f1os, el gran reconocimiento internacional de nuestros productos nos ha llevado a ampliar horizontes comerciales de forma significativa, llegando a clientes de las industrias textil, cer\u00e1mica y de suelos laminados provenientes de m\u00e1s de 60 pa\u00edses en los 5 continentes.[\/vc_column_text][\/vc_column][\/vc_row][vc_row full_width=\u00bbstretch_row\u00bb css=\u00bb.vc_custom_1744768716651{padding-top: 0px !important;padding-bottom: 60px !important;background-color: #ededec !important;}\u00bb][vc_column][vc_custom_heading text=\u00bbPor qu\u00e9 elegirnos\u00bb use_theme_fonts=\u00bbyes\u00bb][vc_column_text el_class=\u00bbtext-lead\u00bb]Somos expertos en impresi\u00f3n digital, dise\u00f1o y gesti\u00f3n de color para las industrias textil y decorativa. Con nuestras soluciones de software los departamentos de tu empresa pueden trabajar de forma independiente o 100% interconectada, optimizando al m\u00e1ximo tu flujo de trabajo.<\/p>\n<p>Trabajamos para que dise\u00f1adores, estampadores, impresores, clientes y ejecutivos comerciales hablen el mismo idioma. Tenemos lo que necesitas.[\/vc_column_text][\/vc_column][vc_column width=\u00bb1\/4&#8243;]<div class=\"porto-sicon-box home-icon  wpb_custom_943b6e859d764578e2ebb612b424a618 style_1 top-icon\"><div class=\"porto-sicon-top\"><div class=\"porto-just-icon-wrapper porto-sicon-img  porto-icon-9f5d1cfb45d27d96b50bf473aebba227\" style=\"font-size: 100px;\"><img decoding=\"async\" class=\"img-icon\" alt=\"Printing design software - Inedit\" src=\"https:\/\/www.inedit.com\/wp-content\/uploads\/2018\/04\/icon-empresa-01.svg\" width=\"0\" height=\"0\" \/><\/div><\/div><div class=\"porto-sicon-header\"><h3 class=\"porto-sicon-title\" style=\"font-weight:light;font-size:18px;line-height:24px;\">Reproducci\u00f3n precisa de los colores<\/h3><\/div> <!-- header --><\/div><!-- porto-sicon-box -->[\/vc_column][vc_column width=\u00bb1\/4&#8243;]<div class=\"porto-sicon-box home-icon  wpb_custom_943b6e859d764578e2ebb612b424a618 style_1 top-icon\"><div class=\"porto-sicon-top\"><div class=\"porto-just-icon-wrapper porto-sicon-img  porto-icon-9f5d1cfb45d27d96b50bf473aebba227\" style=\"font-size: 100px;\"><img decoding=\"async\" class=\"img-icon\" alt=\"Printing design software - Inedit\" src=\"https:\/\/www.inedit.com\/wp-content\/uploads\/2018\/04\/icon-empresa-02.svg\" width=\"0\" height=\"0\" \/><\/div><\/div><div class=\"porto-sicon-header\"><h3 class=\"porto-sicon-title\" style=\"font-weight:light;font-size:18px;line-height:24px;\">Optimizaci\u00f3n de los procesos<\/h3><\/div> <!-- header --><\/div><!-- porto-sicon-box -->[\/vc_column][vc_column width=\u00bb1\/4&#8243;]<div class=\"porto-sicon-box home-icon  wpb_custom_943b6e859d764578e2ebb612b424a618 style_1 top-icon\"><div class=\"porto-sicon-top\"><div class=\"porto-just-icon-wrapper porto-sicon-img  porto-icon-9f5d1cfb45d27d96b50bf473aebba227\" style=\"font-size: 100px;\"><img decoding=\"async\" class=\"img-icon\" alt=\"Printing design software - Inedit\" src=\"https:\/\/www.inedit.com\/wp-content\/uploads\/2018\/04\/icon-empresa-03.svg\" width=\"0\" height=\"0\" \/><\/div><\/div><div class=\"porto-sicon-header\"><h3 class=\"porto-sicon-title\" style=\"font-weight:light;font-size:18px;line-height:24px;\">Mejora de la productividad<\/h3><\/div> <!-- header --><\/div><!-- porto-sicon-box -->[\/vc_column][vc_column width=\u00bb1\/4&#8243;]<div class=\"porto-sicon-box home-icon  wpb_custom_943b6e859d764578e2ebb612b424a618 style_1 top-icon\"><div class=\"porto-sicon-top\"><div class=\"porto-just-icon-wrapper porto-sicon-img  porto-icon-9f5d1cfb45d27d96b50bf473aebba227\" style=\"font-size: 100px;\"><img loading=\"lazy\" decoding=\"async\" class=\"img-icon\" alt=\"Printing design software - Inedit\" src=\"https:\/\/www.inedit.com\/wp-content\/uploads\/2018\/04\/icon-empresa-04.svg\" width=\"0\" height=\"0\" \/><\/div><\/div><div class=\"porto-sicon-header\"><h3 class=\"porto-sicon-title\" style=\"font-weight:light;font-size:18px;line-height:24px;\">Ahorro de tiempo y dinero<\/h3><\/div> <!-- header --><\/div><!-- porto-sicon-box -->[\/vc_column][\/vc_row][vc_row full_width=\u00bbstretch_row\u00bb remove_margin_top=\u00bbyes\u00bb remove_margin_bottom=\u00bbyes\u00bb css=\u00bb.vc_custom_1744768300285{padding-top: 50px !important;padding-bottom: 30px !important;background-color: #ededec !important;}\u00bb el_id=\u00bbformulario\u00bb][vc_column width=\u00bb1\/6&#8243;][\/vc_column][vc_column width=\u00bb2\/3&#8243;][vc_custom_heading text=\u00bbSi te dedicas al mundo del dise\u00f1o y\/o de la estampaci\u00f3n digital textil o decorativa tenemos lo que necesitas.\u00bb font_container=\u00bbtag:h4|text_align:left|color:%2354565a\u00bb use_theme_fonts=\u00bbyes\u00bb css=\u00bb.vc_custom_1530715424910{margin-bottom: 40px !important;}\u00bb][vc_column_text]<div class=\"frm_forms  with_frm_style frm_style_formidable-style\" id=\"frm_form_6_container\" >\n<form enctype=\"multipart\/form-data\" method=\"post\" class=\"frm-show-form  frm_js_validate  frm_ajax_submit  frm_pro_form \" id=\"form_contact-form2\" >\n<div class=\"frm_form_fields \">\n<fieldset>\n<legend class=\"frm_screen_reader\">Que necesitas<\/legend>\r\n\r\n<div class=\"frm_fields_container\">\n<input type=\"hidden\" name=\"frm_action\" value=\"create\" \/>\n<input type=\"hidden\" name=\"form_id\" value=\"6\" \/>\n<input type=\"hidden\" name=\"frm_hide_fields_6\" id=\"frm_hide_fields_6\" value=\"\" \/>\n<input type=\"hidden\" name=\"form_key\" value=\"contact-form2\" \/>\n<input type=\"hidden\" name=\"item_meta[0]\" value=\"\" \/>\n<input type=\"hidden\" id=\"frm_submit_entry_6\" name=\"frm_submit_entry_6\" value=\"02bff71934\" \/><input type=\"hidden\" name=\"_wp_http_referer\" value=\"\/es\/wp-json\/wp\/v2\/pages\/29\" \/><div id=\"frm_field_69_container\" class=\"frm_form_field form-field  frm_required_field frm_top_container frm_full\">\r\n    <label for=\"field_qh4icy3\" class=\"frm_primary_label\">Nombre y apellidos\r\n        <span class=\"frm_required\">*<\/span>\r\n    <\/label>\r\n    <input  type=\"text\" id=\"field_qh4icy3\" name=\"item_meta[69]\" value=\"\"  data-reqmsg=\"Este campo no puede estar en blanco.\" aria-required=\"true\" data-invmsg=\"Name no es v\u00e1lido\" aria-invalid=\"false\"   \/>\r\n    \r\n    \r\n<\/div>\n<div id=\"frm_field_70_container\" class=\"frm_form_field form-field  frm_required_field frm_top_container frm_full\">\r\n    <label for=\"field_29yf4d3\" class=\"frm_primary_label\">Correo electro\u0301nico\r\n        <span class=\"frm_required\">*<\/span>\r\n    <\/label>\r\n    <input type=\"email\" id=\"field_29yf4d3\" name=\"item_meta[70]\" value=\"\"  data-reqmsg=\"Este campo no puede estar en blanco.\" aria-required=\"true\" data-invmsg=\"Please enter a valid email address\" aria-invalid=\"false\"  \/>\r\n    \r\n    \r\n<\/div>\n<div id=\"frm_field_71_container\" class=\"frm_form_field form-field  frm_required_field frm_top_container frm_full\">\r\n    <label for=\"field_ocfup13\" class=\"frm_primary_label\">Empresa\r\n        <span class=\"frm_required\">*<\/span>\r\n    <\/label>\r\n    <input  type=\"text\" id=\"field_ocfup13\" name=\"item_meta[71]\" value=\"\"  data-reqmsg=\"Este campo no puede estar en blanco.\" aria-required=\"true\" data-invmsg=\"Last no es v\u00e1lido\" aria-invalid=\"false\"   \/>\r\n    \r\n    \r\n<\/div>\n<div id=\"frm_field_73_container\" class=\"frm_form_field form-field  frm_required_field frm_top_container frm_full\">\r\n    <label for=\"field_6u8482\" class=\"frm_primary_label\">Pa\u00eds\r\n        <span class=\"frm_required\">*<\/span>\r\n    <\/label>\r\n    \t\t<select name=\"item_meta[73]\" id=\"field_6u8482\"  data-reqmsg=\"Este campo no puede estar en blanco.\" aria-required=\"true\" data-invmsg=\"Pa\u00eds no es v\u00e1lido\" class=\"auto_width\" aria-invalid=\"false\"  >\n\t\t<option  value=\"\" selected='selected'> <\/option><option  value=\"Afganist\u00e1n\">Afganist\u00e1n<\/option><option  value=\"Albania\">Albania<\/option><option  value=\"Argelia\">Argelia<\/option><option  value=\"Samoa Americana\">Samoa Americana<\/option><option  value=\"Andorra\">Andorra<\/option><option  value=\"Angola\">Angola<\/option><option  value=\"Ant\u00e1rtida\">Ant\u00e1rtida<\/option><option  value=\"Anguila\">Anguila<\/option><option  value=\"Antigua y Barbuda\">Antigua y Barbuda<\/option><option  value=\"Argentina\">Argentina<\/option><option  value=\"Armenia\">Armenia<\/option><option  value=\"Aruba\">Aruba<\/option><option  value=\"Australia\">Australia<\/option><option  value=\"Austria\">Austria<\/option><option  value=\"Azerbaiy\u00e1n\">Azerbaiy\u00e1n<\/option><option  value=\"Bahamas\">Bahamas<\/option><option  value=\"Bahr\u00e9in\">Bahr\u00e9in<\/option><option  value=\"Bangladesh\">Bangladesh<\/option><option  value=\"Barbados\">Barbados<\/option><option  value=\"Belarus\">Belarus<\/option><option  value=\"B\u00e9lgica\">B\u00e9lgica<\/option><option  value=\"Belice\">Belice<\/option><option  value=\"Ben\u00edn\">Ben\u00edn<\/option><option  value=\"Bermuda\">Bermuda<\/option><option  value=\"But\u00e1n\">But\u00e1n<\/option><option  value=\"Bolivia\">Bolivia<\/option><option  value=\"Bosnia y Herzegovina\">Bosnia y Herzegovina<\/option><option  value=\"Botsuana\">Botsuana<\/option><option  value=\"Brasil\">Brasil<\/option><option  value=\"Brun\u00e9i\">Brun\u00e9i<\/option><option  value=\"Bulgaria\">Bulgaria<\/option><option  value=\"Burkina Faso\">Burkina Faso<\/option><option  value=\"Burundi\">Burundi<\/option><option  value=\"Camboya\">Camboya<\/option><option  value=\"Camer\u00fan\">Camer\u00fan<\/option><option  value=\"Canad\u00e1\">Canad\u00e1<\/option><option  value=\"Cabo Verde\">Cabo Verde<\/option><option  value=\"Islas Caim\u00e1n\">Islas Caim\u00e1n<\/option><option  value=\"Rep\u00fablica Centroafricana\">Rep\u00fablica Centroafricana<\/option><option  value=\"Chad\">Chad<\/option><option  value=\"Chile\">Chile<\/option><option  value=\"China\">China<\/option><option  value=\"Colombia\">Colombia<\/option><option  value=\"Comoras\">Comoras<\/option><option  value=\"Congo\">Congo<\/option><option  value=\"Costa Rica\">Costa Rica<\/option><option  value=\"Costa de Marfil\">Costa de Marfil<\/option><option  value=\"Croacia\">Croacia<\/option><option  value=\"Cuba\">Cuba<\/option><option  value=\"Chipre\">Chipre<\/option><option  value=\"Rep\u00fablica Checa\">Rep\u00fablica Checa<\/option><option  value=\"Dinamarca\">Dinamarca<\/option><option  value=\"Djibouti\">Djibouti<\/option><option  value=\"Dominica\">Dominica<\/option><option  value=\"Rep\u00fablica Dominicana\">Rep\u00fablica Dominicana<\/option><option  value=\"Timor Oriental\">Timor Oriental<\/option><option  value=\"Ecuador\">Ecuador<\/option><option  value=\"Egipto\">Egipto<\/option><option  value=\"El  Emiratos\">El  Emiratos<\/option><option  value=\"Guinea Ecuatorial\">Guinea Ecuatorial<\/option><option  value=\"Eritrea\">Eritrea<\/option><option  value=\"Estonia\">Estonia<\/option><option  value=\"Etiop\u00eda\">Etiop\u00eda<\/option><option  value=\"Fidji\">Fidji<\/option><option  value=\"Finlandia\">Finlandia<\/option><option  value=\"Francia\">Francia<\/option><option  value=\"Guayana\">Guayana<\/option><option  value=\"Polinesia Francesa\">Polinesia Francesa<\/option><option  value=\"Gab\u00f3n\">Gab\u00f3n<\/option><option  value=\"Gambia\">Gambia<\/option><option  value=\"Georgia\">Georgia<\/option><option  value=\"Alemania\">Alemania<\/option><option  value=\"Ghana\">Ghana<\/option><option  value=\"Gibraltar\">Gibraltar<\/option><option  value=\"Grecia\">Grecia<\/option><option  value=\"Groenlandia\">Groenlandia<\/option><option  value=\"Granada\">Granada<\/option><option  value=\"Guam\">Guam<\/option><option  value=\"Guatemala\">Guatemala<\/option><option  value=\"Guinea\">Guinea<\/option><option  value=\"Guinea-Bissau\">Guinea-Bissau<\/option><option  value=\"Guyana\">Guyana<\/option><option  value=\"Hait\u00ed\">Hait\u00ed<\/option><option  value=\"Honduras\">Honduras<\/option><option  value=\"Hong Kong\">Hong Kong<\/option><option  value=\"Hungr\u00eda\">Hungr\u00eda<\/option><option  value=\"Islandia\">Islandia<\/option><option  value=\"India\">India<\/option><option  value=\"Indonesia\">Indonesia<\/option><option  value=\"Ir\u00e1n\">Ir\u00e1n<\/option><option  value=\"Iraq\">Iraq<\/option><option  value=\"Irlanda\">Irlanda<\/option><option  value=\"Israel\">Israel<\/option><option  value=\"Italia\">Italia<\/option><option  value=\"Jamaica\">Jamaica<\/option><option  value=\"Jap\u00f3n\">Jap\u00f3n<\/option><option  value=\"Jord\u00e1n\">Jord\u00e1n<\/option><option  value=\"Kazakst\u00e1n\">Kazakst\u00e1n<\/option><option  value=\"Kenia\">Kenia<\/option><option  value=\"Kiribati\">Kiribati<\/option><option  value=\"Corea del Norte\">Corea del Norte<\/option><option  value=\"Corea del Sur\">Corea del Sur<\/option><option  value=\"Kuwait\">Kuwait<\/option><option  value=\"Kyrgyzstan\">Kyrgyzstan<\/option><option  value=\"Laos\">Laos<\/option><option  value=\"Latvia\">Latvia<\/option><option  value=\"Lebanon\">Lebanon<\/option><option  value=\"Lesoto\">Lesoto<\/option><option  value=\"Liberia\">Liberia<\/option><option  value=\"Libia\">Libia<\/option><option  value=\"Liechtenstein\">Liechtenstein<\/option><option  value=\"Lituania\">Lituania<\/option><option  value=\"Luxemburgo\">Luxemburgo<\/option><option  value=\"Macedonia\">Macedonia<\/option><option  value=\"Madagascar\">Madagascar<\/option><option  value=\"Malawi\">Malawi<\/option><option  value=\"Malaysia\">Malaysia<\/option><option  value=\"Maldivas\">Maldivas<\/option><option  value=\"Mali\">Mali<\/option><option  value=\"Malta\">Malta<\/option><option  value=\"Islas Marshall\">Islas Marshall<\/option><option  value=\"Mauritania\">Mauritania<\/option><option  value=\"Mauritas\">Mauritas<\/option><option  value=\"M\u00e9xico\">M\u00e9xico<\/option><option  value=\"Micronesia\">Micronesia<\/option><option  value=\"Moldava\">Moldava<\/option><option  value=\"M\u00f3naco\">M\u00f3naco<\/option><option  value=\"Mongolia\">Mongolia<\/option><option  value=\"Montenegro\">Montenegro<\/option><option  value=\"Montserrat\">Montserrat<\/option><option  value=\"Marruecos\">Marruecos<\/option><option  value=\"Mozambique\">Mozambique<\/option><option  value=\"Myanmar\">Myanmar<\/option><option  value=\"Namibia\">Namibia<\/option><option  value=\"Nauru\">Nauru<\/option><option  value=\"Nepal\">Nepal<\/option><option  value=\"Holanda\">Holanda<\/option><option  value=\"New Zelanda\">New Zelanda<\/option><option  value=\"Nicaragua\">Nicaragua<\/option><option  value=\"N\u00edger\">N\u00edger<\/option><option  value=\"Nigeria\">Nigeria<\/option><option  value=\"Noruega\">Noruega<\/option><option  value=\"Islas Marianas del Norte\">Islas Marianas del Norte<\/option><option  value=\"Om\u00e1n\">Om\u00e1n<\/option><option  value=\"Pakist\u00e1n\">Pakist\u00e1n<\/option><option  value=\"Palao\">Palao<\/option><option  value=\"Palestina\">Palestina<\/option><option  value=\"Panam\u00e1\">Panam\u00e1<\/option><option  value=\"Pap\u00faa Nueva Guinea\">Pap\u00faa Nueva Guinea<\/option><option  value=\"Paraguay\">Paraguay<\/option><option  value=\"Per\u00fa\">Per\u00fa<\/option><option  value=\"Filipinas\">Filipinas<\/option><option  value=\"Polonia\">Polonia<\/option><option  value=\"Portugal\">Portugal<\/option><option  value=\"Puerto Rico\">Puerto Rico<\/option><option  value=\"Qatar\">Qatar<\/option><option  value=\"Rumania\">Rumania<\/option><option  value=\"Rusia\">Rusia<\/option><option  value=\"Ruanda\">Ruanda<\/option><option  value=\"Saint Kitts y Nevis\">Saint Kitts y Nevis<\/option><option  value=\"Santa Luc\u00eda\">Santa Luc\u00eda<\/option><option  value=\"San Vicente y las Granadinas\">San Vicente y las Granadinas<\/option><option  value=\"Samoa\">Samoa<\/option><option  value=\"San Marino\">San Marino<\/option><option  value=\"Santo Tom\u00e9 y Pr\u00edncipe\">Santo Tom\u00e9 y Pr\u00edncipe<\/option><option  value=\"Arabia Saudita\">Arabia Saudita<\/option><option  value=\"Senegal\">Senegal<\/option><option  value=\"Serbia y Montenegro\">Serbia y Montenegro<\/option><option  value=\"Seychelles\">Seychelles<\/option><option  value=\"Sierra Leona\">Sierra Leona<\/option><option  value=\"Singapur\">Singapur<\/option><option  value=\"Eslovaquia\">Eslovaquia<\/option><option  value=\"Eslovenia\">Eslovenia<\/option><option  value=\"Islas Salom\u00f3n\">Islas Salom\u00f3n<\/option><option  value=\"Somalia\">Somalia<\/option><option  value=\"Sud\u00e1frica\">Sud\u00e1frica<\/option><option  value=\"South Sudan\">South Sudan<\/option><option  value=\"Espa\u00f1a\">Espa\u00f1a<\/option><option  value=\"Sri Lanka\">Sri Lanka<\/option><option  value=\"Sud\u00e1n\">Sud\u00e1n<\/option><option  value=\"Surinam\">Surinam<\/option><option  value=\"Suazilandia\">Suazilandia<\/option><option  value=\"Suecia\">Suecia<\/option><option  value=\"Suiza\">Suiza<\/option><option  value=\"Siria\">Siria<\/option><option  value=\"Taiw\u00e1n\">Taiw\u00e1n<\/option><option  value=\"Tayikist\u00e1n\">Tayikist\u00e1n<\/option><option  value=\"Tanzania\">Tanzania<\/option><option  value=\"Tailandia\">Tailandia<\/option><option  value=\"Togo\">Togo<\/option><option  value=\"Tonga\">Tonga<\/option><option  value=\"Trinidad y Tobago\">Trinidad y Tobago<\/option><option  value=\"T\u00fanez\">T\u00fanez<\/option><option  value=\"Turqu\u00eda\">Turqu\u00eda<\/option><option  value=\"Turkmenist\u00e1n\">Turkmenist\u00e1n<\/option><option  value=\"Tuvalu\">Tuvalu<\/option><option  value=\"Uganda\">Uganda<\/option><option  value=\"Ucrania\">Ucrania<\/option><option  value=\"Emiratos \u00c1rabes Unidos\">Emiratos \u00c1rabes Unidos<\/option><option  value=\"Reino Unido\">Reino Unido<\/option><option  value=\"Estados Unidos\">Estados Unidos<\/option><option  value=\"Uruguay\">Uruguay<\/option><option  value=\"Uzbekist\u00e1n\">Uzbekist\u00e1n<\/option><option  value=\"Vanuatu\">Vanuatu<\/option><option  value=\"Ciudad del Vaticano\">Ciudad del Vaticano<\/option><option  value=\"Venezuela\">Venezuela<\/option><option  value=\"Vietnam\">Vietnam<\/option><option  value=\"Islas V\u00edrgenes Brit\u00e1nicas,\">Islas V\u00edrgenes Brit\u00e1nicas,<\/option><option  value=\"Islas V\u00edrgenes  EE.UU.\">Islas V\u00edrgenes  EE.UU.<\/option><option  value=\"Yemen\">Yemen<\/option><option  value=\"Zambia\">Zambia<\/option><option  value=\"Zimbabue\">Zimbabue<\/option>\t<\/select>\n\t\r\n    \r\n    \r\n<\/div>\n<div id=\"frm_field_75_container\" class=\"frm_form_field form-field  frm_top_container frm_full\">\r\n    <label for=\"field_9jv0r13\" class=\"frm_primary_label\">Tu mensaje\r\n        <span class=\"frm_required\"><\/span>\r\n    <\/label>\r\n    <textarea name=\"item_meta[75]\" id=\"field_9jv0r13\" rows=\"6\"  data-invmsg=\"Tu mensaje no es v\u00e1lido\" aria-invalid=\"false\"  ><\/textarea>\r\n    \r\n    \r\n<\/div>\n<div id=\"frm_field_93_container\" class=\"frm_form_field form-field  frm_required_field frm_none_container vertical_radio\">\r\n    <label for=\"field_s3eg3\" class=\"frm_primary_label\">Privacidad\r\n        <span class=\"frm_required\">*<\/span>\r\n    <\/label>\r\n    <div class=\"frm_opt_container\">\t\t<div class=\"frm_checkbox\" id=\"frm_checkbox_93-0\">\t\t\t<label  for=\"field_s3eg3-0\">\n\t\t\t<input type=\"checkbox\" name=\"item_meta[93][]\" id=\"field_s3eg3-0\" value=\"Confirmo que mis datos son correctos y acepto la pol\u00edtica de &lt;a href=&quot;\/politica-de-privacidad\/&quot; target=&quot;_blank&quot; rel=&quot;noopener&quot;&gt;protecci\u00f3n de datos&lt;\/a&gt; de In\u00e8dit Software S.L.\"  data-reqmsg=\"Este campo no puede estar en blanco.\" data-invmsg=\"Privacidad no es v\u00e1lido\"   aria-required=\"true\"  \/> Confirmo que mis datos son correctos y acepto la pol\u00edtica de <a href=\"\/politica-de-privacidad\/\" target=\"_blank\" rel=\"noopener\">protecci\u00f3n de datos<\/a> de In\u00e8dit Software S.L.<\/label><\/div>\n<\/div>\r\n    \r\n    \r\n<\/div>\n<div id=\"frm_field_317_container\" class=\"frm_form_field form-field \">\n\t<div class=\"frm_submit\">\r\n\r\n<button class=\"frm_button_submit frm_final_submit\" type=\"submit\"   formnovalidate=\"formnovalidate\">Enviar<\/button>\r\n\r\n<\/div>\n<\/div>\n\t<input type=\"hidden\" name=\"item_key\" value=\"\" \/>\n\t\t\t<div id=\"frm_field_341_container\">\n\t\t\t<label for=\"field_e1wqk\" >\n\t\t\t\tSi eres humano, deja este campo en blanco.\t\t\t<\/label>\n\t\t\t<input  id=\"field_e1wqk\" type=\"text\" class=\"frm_form_field form-field frm_verify\" name=\"item_meta[341]\" value=\"\"  \/>\n\t\t<\/div>\n\t\t<input name=\"frm_state\" type=\"hidden\" value=\"GGYTCTsKYGzz0e1RT9Ch9ce6q1kLWYTUXQw3DofF5z7qGsSgudzcxGzg9VgW+LzH\" \/><\/div>\n<\/fieldset>\n<\/div>\n\n<\/form>\n<\/div>\n[\/vc_column_text][\/vc_column][vc_column width=\u00bb1\/6&#8243;][\/vc_column][\/vc_row]<\/p>\n<\/div>","protected":false},"excerpt":{"rendered":"<p>[vc_row full_width=\u00bbstretch_row\u00bb css=\u00bb.vc_custom_1744768631680{padding-top: 50px !important;padding-bottom: 10px !important;background-color: #ededec !important;}\u00bb][vc_column][vc_custom_heading text=\u00bbQui\u00e9nes somos\u00bb font_container=\u00bbtag:h2|text_align:left|color:%23636569&#8243; use_theme_fonts=\u00bbyes\u00bb][vc_column_text css=\u00bb.vc_custom_1744768734809{margin-bottom: 10px !important;}\u00bb el_class=\u00bbtext-lead\u00bb]Fundada en 1992, In\u00e8dit Software inici\u00f3 su actividad empresarial especializ\u00e1ndose en el desarrollo de software de dise\u00f1o para sistemas Apple dirigido al sector textil. Actualmente, somos una empresa de referencia mundial en su sector que ofrece soluciones de software [&hellip;]<\/p>\n","protected":false},"author":1,"featured_media":0,"parent":0,"menu_order":0,"comment_status":"closed","ping_status":"closed","template":"","meta":{"_acf_changed":false,"_monsterinsights_skip_tracking":false,"_monsterinsights_sitenote_active":false,"_monsterinsights_sitenote_note":"","_monsterinsights_sitenote_category":0,"footnotes":""},"class_list":["post-29","page","type-page","status-publish","hentry"],"acf":[],"_links":{"self":[{"href":"https:\/\/www.inedit.com\/es\/wp-json\/wp\/v2\/pages\/29","targetHints":{"allow":["GET"]}}],"collection":[{"href":"https:\/\/www.inedit.com\/es\/wp-json\/wp\/v2\/pages"}],"about":[{"href":"https:\/\/www.inedit.com\/es\/wp-json\/wp\/v2\/types\/page"}],"author":[{"embeddable":true,"href":"https:\/\/www.inedit.com\/es\/wp-json\/wp\/v2\/users\/1"}],"replies":[{"embeddable":true,"href":"https:\/\/www.inedit.com\/es\/wp-json\/wp\/v2\/comments?post=29"}],"version-history":[{"count":8,"href":"https:\/\/www.inedit.com\/es\/wp-json\/wp\/v2\/pages\/29\/revisions"}],"predecessor-version":[{"id":25609,"href":"https:\/\/www.inedit.com\/es\/wp-json\/wp\/v2\/pages\/29\/revisions\/25609"}],"wp:attachment":[{"href":"https:\/\/www.inedit.com\/es\/wp-json\/wp\/v2\/media?parent=29"}],"curies":[{"name":"wp","href":"https:\/\/api.w.org\/{rel}","templated":true}]}}