{"id":30,"date":"2018-04-12T07:42:02","date_gmt":"2018-04-12T07:42:02","guid":{"rendered":"https:\/\/mmktpro.com\/inedit\/?page_id=30"},"modified":"2019-07-11T10:33:48","modified_gmt":"2019-07-11T10:33:48","slug":"soporte-impresion-digital-textil","status":"publish","type":"page","link":"https:\/\/www.inedit.com\/es\/soporte-impresion-digital-textil\/","title":{"rendered":"Equipo t\u00e9cnico"},"content":{"rendered":"<div class=\"wpb-content-wrapper\"><p>[vc_row full_width=\u00bbstretch_row\u00bb el_class=\u00bbtitle-page over-map\u00bb][vc_column]<div class=\"porto-u-heading  wpb_custom_95aa9a11c17ad45cfabaf210d84ee7cc porto-u-ad87e2eaf3f9c495180fe0156ddf3eb0 \"><div class=\"porto-u-main-heading\"><h1  >Centro de soporte In\u00e8dit<\/h1><\/div><style>.porto-u-ad87e2eaf3f9c495180fe0156ddf3eb0.porto-u-heading{text-align:left}<\/style><\/div>[\/vc_column][\/vc_row][vc_row full_width=\u00bbstretch_row\u00bb css=\u00bb.vc_custom_1529933017132{padding-top: 50px !important;padding-bottom: 40px !important;background-color: #ededec !important;}\u00bb][vc_column][vc_custom_heading text=\u00bbBienvenido al Centro de Soporte In\u00e8dit\u00bb font_container=\u00bbtag:h2|text_align:left|color:%23636569&#8243; use_theme_fonts=\u00bbyes\u00bb el_class=\u00bbnomargin\u00bb css=\u00bb.vc_custom_1528198494327{margin-bottom: 0px !important;}\u00bb][vc_column_text el_class=\u00bbtext-lead\u00bb]<\/p>\n<p class=\"subtitle\"><span class=\"s1\">Estamos aqu\u00ed para ayudarte.<\/span><\/p>\n<p>[\/vc_column_text][\/vc_column][\/vc_row][vc_row full_width=\u00bbstretch_row\u00bb el_class=\u00bbbg50f4&#8243;][vc_column width=\u00bb1\/2&#8243; css=\u00bb.vc_custom_1529921479509{background-color: #f4f4f4 !important;}\u00bb]<div class=\"porto-container container col-half-section col-half-section-right \">[vc_column_text css=\u00bb.vc_custom_1529933640142{padding-top: 50px !important;padding-bottom: 40px !important;}\u00bb el_class=\u00bbform-half\u00bb]<div class=\"frm_forms  with_frm_style frm_style_formidable-style\" id=\"frm_form_9_container\" >\n<form enctype=\"multipart\/form-data\" method=\"post\" class=\"frm-show-form  frm_js_validate  frm_ajax_submit  frm_pro_form \" id=\"form_contact-form3\" >\n<div class=\"frm_form_fields \">\n<fieldset>\n<legend class=\"frm_screen_reader\">Centre de Support In\u00e8dit<\/legend>\r\n\r\n<div class=\"frm_fields_container\">\n<input type=\"hidden\" name=\"frm_action\" value=\"create\" \/>\n<input type=\"hidden\" name=\"form_id\" value=\"9\" \/>\n<input type=\"hidden\" name=\"frm_hide_fields_9\" id=\"frm_hide_fields_9\" value=\"\" \/>\n<input type=\"hidden\" name=\"form_key\" value=\"contact-form3\" \/>\n<input type=\"hidden\" name=\"item_meta[0]\" value=\"\" \/>\n<input type=\"hidden\" id=\"frm_submit_entry_9\" name=\"frm_submit_entry_9\" value=\"d21c75f47e\" \/><input type=\"hidden\" name=\"_wp_http_referer\" value=\"\/es\/wp-json\/wp\/v2\/pages\/30\" \/><div id=\"frm_field_96_container\" class=\"frm_form_field form-field  frm_required_field frm_top_container frm_full\">\r\n    <label for=\"field_qh4icy4\" class=\"frm_primary_label\">Nombre y apellidos\r\n        <span class=\"frm_required\"><\/span>\r\n    <\/label>\r\n    <input  type=\"text\" id=\"field_qh4icy4\" name=\"item_meta[96]\" value=\"\"  data-reqmsg=\"Este campo no puede estar en blanco.\" aria-required=\"true\" data-invmsg=\"Name no es v\u00e1lido\" aria-invalid=\"false\"   \/>\r\n    \r\n    \r\n<\/div>\n<div id=\"frm_field_98_container\" class=\"frm_form_field form-field  frm_required_field frm_top_container frm_full\">\r\n    <label for=\"field_ocfup14\" class=\"frm_primary_label\">Empresa\r\n        <span class=\"frm_required\"><\/span>\r\n    <\/label>\r\n    <input  type=\"text\" id=\"field_ocfup14\" name=\"item_meta[98]\" value=\"\"  data-reqmsg=\"Este campo no puede estar en blanco.\" aria-required=\"true\" data-invmsg=\"Last no es v\u00e1lido\" aria-invalid=\"false\"   \/>\r\n    \r\n    \r\n<\/div>\n<div id=\"frm_field_194_container\" class=\"frm_form_field form-field  frm_top_container\">\n    <label for=\"field_y2d2d\" class=\"frm_primary_label\">Pa\u00eds\n        <span class=\"frm_required\"><\/span>\n    <\/label>\n    <input  type=\"text\" id=\"field_y2d2d\" name=\"item_meta[194]\" value=\"\"  data-invmsg=\"Texto no es v\u00e1lido\" aria-invalid=\"false\"   \/>\n    \n    \n<\/div>\n<div id=\"frm_field_97_container\" class=\"frm_form_field form-field  frm_required_field frm_top_container frm_full\">\r\n    <label for=\"field_29yf4d4\" class=\"frm_primary_label\">Correo electr\u00f3nico\r\n        <span class=\"frm_required\"><\/span>\r\n    <\/label>\r\n    <input type=\"email\" id=\"field_29yf4d4\" name=\"item_meta[97]\" value=\"\"  data-reqmsg=\"Este campo no puede estar en blanco.\" aria-required=\"true\" data-invmsg=\"Please enter a valid email address\" aria-invalid=\"false\"  \/>\r\n    \r\n    \r\n<\/div>\n<div id=\"frm_field_103_container\" class=\"frm_form_field form-field  frm_required_field frm_top_container\">\r\n    <label for=\"field_lrhuw\" class=\"frm_primary_label\">Tel\u00e9fono\r\n        <span class=\"frm_required\">*<\/span>\r\n    <\/label>\r\n    <input type=\"tel\" id=\"field_lrhuw\" name=\"item_meta[103]\" value=\"\"  data-reqmsg=\"Este campo no puede estar en blanco.\" aria-required=\"true\" data-invmsg=\"Phone no es v\u00e1lido\" aria-invalid=\"false\" pattern=\"((\\+\\d{1,3}(-|.| )?\\(?\\d\\)?(-| |.)?\\d{1,5})|(\\(?\\d{2,6}\\)?))(-|.| )?(\\d{3,4})(-|.| )?(\\d{4})(( x| ext)\\d{1,5}){0,1}$\"  \/>\r\n    \r\n    \r\n<\/div>\n<div id=\"frm_field_100_container\" class=\"frm_form_field form-field  frm_required_field frm_top_container frm_full\">\r\n    <label for=\"field_tbhvz2\" class=\"frm_primary_label\">Motivo de la consulta\r\n        <span class=\"frm_required\">*<\/span>\r\n    <\/label>\r\n    <input  type=\"text\" id=\"field_tbhvz2\" name=\"item_meta[100]\" value=\"\"  data-reqmsg=\"Este campo no puede estar en blanco.\" aria-required=\"true\" data-invmsg=\"Texto no es v\u00e1lido\" aria-invalid=\"false\"   \/>\r\n    \r\n    \r\n<\/div>\n<div id=\"frm_field_101_container\" class=\"frm_form_field form-field  frm_required_field frm_top_container frm_full\">\r\n    <label for=\"field_9jv0r14\" class=\"frm_primary_label\">Tu mensaje\r\n        <span class=\"frm_required\"><\/span>\r\n    <\/label>\r\n    <textarea name=\"item_meta[101]\" id=\"field_9jv0r14\" rows=\"6\"  data-reqmsg=\"Este campo no puede estar en blanco.\" aria-required=\"true\" data-invmsg=\"Tu mensaje no es v\u00e1lido\" aria-invalid=\"false\"  ><\/textarea>\r\n    \r\n    \r\n<\/div>\n<div id=\"frm_field_102_container\" class=\"frm_form_field form-field  frm_required_field frm_none_container frm_full vertical_radio\">\r\n    <label for=\"field_wfotu2\" class=\"frm_primary_label\">Privacitat\r\n        <span class=\"frm_required\">*<\/span>\r\n    <\/label>\r\n    <div class=\"frm_opt_container\">\t\t<div class=\"frm_checkbox\" id=\"frm_checkbox_102-0\">\t\t\t<label  for=\"field_wfotu2-0\">\n\t\t\t<input type=\"checkbox\" name=\"item_meta[102][]\" id=\"field_wfotu2-0\" value=\"Confirmo que mis datos son correctos y acepto la pol\u00edtica de &lt;a href=&quot;\/politica-de-privacidad\/&quot; target=&quot;_blank&quot; rel=&quot;noopener&quot;&gt;protecci\u00f3n de datos&lt;\/a&gt; de In\u00e8dit Software S.L.\"  data-reqmsg=\"Este campo no puede estar en blanco.\" data-invmsg=\"Privacitat no es v\u00e1lido\"   aria-required=\"true\"  \/> Confirmo que mis datos son correctos y acepto la pol\u00edtica de <a href=\"\/politica-de-privacidad\/\" target=\"_blank\" rel=\"noopener\">protecci\u00f3n de datos<\/a> de In\u00e8dit Software S.L.<\/label><\/div>\n<\/div>\r\n    \r\n    \r\n<\/div>\n<div id=\"frm_field_279_container\" class=\"frm_form_field form-field  frm_top_container\">\n    <label for=\"field_tpomi\" id=\"field_tpomi_label\" class=\"frm_primary_label\">Texto\n        <span class=\"frm_required\" aria-hidden=\"true\"><\/span>\n    <\/label>\n    <input  type=\"text\" id=\"field_tpomi\" name=\"item_meta[279]\" value=\"\"  data-invmsg=\"Texto no es v\u00e1lido\" aria-invalid=\"false\"   \/>\n    \n    \n<\/div>\n<div id=\"frm_field_318_container\" class=\"frm_form_field form-field \">\n\t<div class=\"frm_submit\">\r\n\r\n<button class=\"frm_button_submit frm_final_submit\" type=\"submit\"   formnovalidate=\"formnovalidate\">Enviar<\/button>\r\n\r\n<\/div>\n<\/div>\n\t<input type=\"hidden\" name=\"item_key\" value=\"\" \/>\n\t\t\t<div id=\"frm_field_341_container\">\n\t\t\t<label for=\"field_pb5l7\" >\n\t\t\t\tSi eres humano, deja este campo en blanco.\t\t\t<\/label>\n\t\t\t<input  id=\"field_pb5l7\" type=\"text\" class=\"frm_form_field form-field frm_verify\" name=\"item_meta[341]\" value=\"\"  \/>\n\t\t<\/div>\n\t\t<input name=\"frm_state\" type=\"hidden\" value=\"GGYTCTsKYGzz0e1RT9Ch9RNuN1oynlA3U5XiUAl52q\/qGsSgudzcxGzg9VgW+LzH\" \/><\/div>\n<\/fieldset>\n<\/div>\n\n<\/form>\n<\/div>\n[\/vc_column_text]<\/div>[\/vc_column][vc_column width=\u00bb1\/2&#8243; css=\u00bb.vc_custom_1529933617936{padding-top: 50px !important;padding-bottom: 40px !important;padding-left: 60px !important;}\u00bb]<div class=\"porto-container container col-half-section col-half-section-left \">[vc_row_inner][vc_column_inner][vc_column_text]<\/p>\n<h3><span style=\"color: #ff5100;\">Soporte telef\u00f3nico<\/span><\/h3>\n<p>Nuestro equipo de t\u00e9cnicos especializados est\u00e1 a tu disposici\u00f3n de lunes a viernes en horario de 9:00 a 18:00 h. para resolver cualquier duda o problema que te pueda surgir.<\/p>\n<p>Tel\u00e9fono de soporte: <a href=\"tel:937912821\">(+34) 937 912 821<\/a>[\/vc_column_text][\/vc_column_inner][\/vc_row_inner][vc_row_inner][vc_column_inner][vc_column_text]<\/p>\n<h3><span style=\"color: #ff5100;\">Soporte v\u00eda correo electr\u00f3nico<\/span><\/h3>\n<p class=\"p1\"><span class=\"s1\">Escr\u00edbenos a <a href=\"mailto:support@inedit.com\"><span class=\"s2\">support@inedit.com<\/span><\/a> y atenderemos tu solicitud en un m\u00e1ximo de 24 horas desde la fecha de recepci\u00f3n del correo.<\/span><\/p>\n<p>[\/vc_column_text][\/vc_column_inner][\/vc_row_inner][vc_row_inner][vc_column_inner][vc_column_text]<\/p>\n<h3><span style=\"color: #ff5100;\">Soporte remoto<\/span><\/h3>\n<p class=\"p1\"><span class=\"s1\">Si lo necesitas, tambi\u00e9n podemos conectarnos remotamente a tu ordenador, v\u00eda TeamViewer, y ayudarte a solucionar cualquier\u00a0<\/span><span class=\"s1\">duda o problema t\u00e9cnico, sin importar tu ubicaci\u00f3n geogr\u00e1fica. Cont\u00e1ctanos y te informaremos sobre como coordinar una sesi\u00f3n de soporte remoto.<\/span><\/p>\n<p>[\/vc_column_text][\/vc_column_inner][\/vc_row_inner][vc_row_inner][vc_column_inner][vc_column_text]<\/p>\n<h3><span style=\"color: #ff5100;\">Soporte presencial<\/span><\/h3>\n<p class=\"p1\"><span class=\"s1\">In\u00e8dit pone a tu disposici\u00f3n un equipo de t\u00e9cnicos especializados disponibles para desplazarse a las instalaciones de tu empresa y ofrecerte un servicio t\u00e9cnico especializado, profesional y eficiente. Cont\u00e1ctanos y te informaremos de como contratar nuestros servicios de soporte t\u00e9cnico presencial.<\/span><\/p>\n<p>[\/vc_column_text][\/vc_column_inner][\/vc_row_inner]<\/div>[\/vc_column][\/vc_row]<\/p>\n<\/div>","protected":false},"excerpt":{"rendered":"<p>[vc_row full_width=\u00bbstretch_row\u00bb el_class=\u00bbtitle-page over-map\u00bb][vc_column][\/vc_column][\/vc_row][vc_row full_width=\u00bbstretch_row\u00bb css=\u00bb.vc_custom_1529933017132{padding-top: 50px !important;padding-bottom: 40px !important;background-color: #ededec !important;}\u00bb][vc_column][vc_custom_heading text=\u00bbBienvenido al Centro de Soporte In\u00e8dit\u00bb font_container=\u00bbtag:h2|text_align:left|color:%23636569&#8243; use_theme_fonts=\u00bbyes\u00bb el_class=\u00bbnomargin\u00bb css=\u00bb.vc_custom_1528198494327{margin-bottom: 0px !important;}\u00bb][vc_column_text el_class=\u00bbtext-lead\u00bb] Estamos aqu\u00ed para ayudarte. [\/vc_column_text][\/vc_column][\/vc_row][vc_row full_width=\u00bbstretch_row\u00bb el_class=\u00bbbg50f4&#8243;][vc_column width=\u00bb1\/2&#8243; css=\u00bb.vc_custom_1529921479509{background-color: #f4f4f4 !important;}\u00bb][\/vc_column][vc_column width=\u00bb1\/2&#8243; css=\u00bb.vc_custom_1529933617936{padding-top: 50px !important;padding-bottom: 40px !important;padding-left: 60px !important;}\u00bb][\/vc_column][\/vc_row]<\/p>\n","protected":false},"author":1,"featured_media":0,"parent":0,"menu_order":0,"comment_status":"closed","ping_status":"closed","template":"","meta":{"_acf_changed":false,"_monsterinsights_skip_tracking":false,"_monsterinsights_sitenote_active":false,"_monsterinsights_sitenote_note":"","_monsterinsights_sitenote_category":0,"footnotes":""},"class_list":["post-30","page","type-page","status-publish","hentry"],"acf":[],"_links":{"self":[{"href":"https:\/\/www.inedit.com\/es\/wp-json\/wp\/v2\/pages\/30","targetHints":{"allow":["GET"]}}],"collection":[{"href":"https:\/\/www.inedit.com\/es\/wp-json\/wp\/v2\/pages"}],"about":[{"href":"https:\/\/www.inedit.com\/es\/wp-json\/wp\/v2\/types\/page"}],"author":[{"embeddable":true,"href":"https:\/\/www.inedit.com\/es\/wp-json\/wp\/v2\/users\/1"}],"replies":[{"embeddable":true,"href":"https:\/\/www.inedit.com\/es\/wp-json\/wp\/v2\/comments?post=30"}],"version-history":[{"count":2,"href":"https:\/\/www.inedit.com\/es\/wp-json\/wp\/v2\/pages\/30\/revisions"}],"predecessor-version":[{"id":8004,"href":"https:\/\/www.inedit.com\/es\/wp-json\/wp\/v2\/pages\/30\/revisions\/8004"}],"wp:attachment":[{"href":"https:\/\/www.inedit.com\/es\/wp-json\/wp\/v2\/media?parent=30"}],"curies":[{"name":"wp","href":"https:\/\/api.w.org\/{rel}","templated":true}]}}