{"id":3199,"date":"2018-10-11T08:51:02","date_gmt":"2018-10-11T08:51:02","guid":{"rendered":"http:\/\/www.inedit.com\/?page_id=3199"},"modified":"2025-04-21T21:57:05","modified_gmt":"2025-04-21T21:57:05","slug":"acceder","status":"publish","type":"page","link":"https:\/\/www.inedit.com\/es\/acceder\/","title":{"rendered":"Acceder"},"content":{"rendered":"<div class=\"wpb-content-wrapper\"><p>[vc_row gap=\u00bb35&#8243; equal_height=\u00bbyes\u00bb css=\u00bb.vc_custom_1745272596566{margin-top: 60px !important;margin-bottom: 60px !important;padding-top: 0px !important;padding-bottom: 0px !important;}\u00bb][vc_column width=\u00bb1\/2&#8243;][vc_custom_heading text=\u00bbAccede a tu cuenta\u00bb font_container=\u00bbtag:h2|text_align:left|color:%23ff5100&#8243; use_theme_fonts=\u00bbyes\u00bb][vc_column_text]Si ya est\u00e1s registrado solo debes introducir tu correo electr\u00f3nico y contrase\u00f1a para acceder directamente a la zona de descargas[\/vc_column_text]<div class=\"pc_aligned_form pc_falign_left\"><form class=\"pc_login_form pc_rm_login  pc_lf_long_labels pc_forced_lf_long_labels  has_pcma_psw_recovery\" ><div class=\"pc_login_row pc_lf_username \"><label for=\"69d55c1445b6f_username\">Usuario o Email<\/label><div class=\"pc_field_container\"><input type=\"text\" name=\"pc_auth_username\" value=\"\"  autocapitalize=\"off\" autocomplete=\"off\" autocorrect=\"off\" aria-label=\"Usuario o Email\" maxlength=\"150\" id=\"69d55c1445b6f_username\" tabindex=\"1\" \/><\/div><\/div><div class=\"pc_login_row pc_lf_psw \"><label for=\"69d55c1445b6f_psw\">Contrase\u00f1a<\/label><div class=\"pc_field_container\"><input type=\"password\" name=\"pc_auth_psw\" value=\"\"  autocapitalize=\"off\" autocomplete=\"off\" autocorrect=\"off\" aria-label=\"Contrase\u00f1a\" id=\"69d55c1445b6f_psw\" tabindex=\"2\" \/><\/div><\/div><div class=\"pc_hnpt_code\" aria-hidden=\"true\">            <label for=\"1197123_pc_hnpt_1\">hpt 1197123 1<\/label><input type=\"text\" name=\"pc_hnpt_1\" value=\"\" id=\"1197123_pc_hnpt_1\" autocomplete=\"off\" \/>                        <label for=\"1197123_pc_hnpt_2\">hpt 1197123 2<\/label><input type=\"text\" name=\"pc_hnpt_2\" value=\"1197123\" id=\"1197123_pc_hnpt_2\" autocomplete=\"off\" required \/>                        <label for=\"1197123_pc_hnpt_3\">hpt 1197123 3<\/label><input type=\"text\" name=\"pc_hnpt_3\" value=\"8610988211\" id=\"1197123_pc_hnpt_3\" autocomplete=\"off\" required \/><\/div>        <div class=\"pc_lf_subfields\">            <div class=\"pc_login_smalls\">                <div class=\"pc_login_remember_me\">                    <input type=\"checkbox\" name=\"pc_remember_me\" value=\"1\" autocomplete=\"off\" aria-label=\"recu\u00e9rdame\" id=\"69d55c1445b6f_rmbm\" \/>                    <small role=\"button\" tabindex=\"0\">                        <label for=\"69d55c1445b6f_rmbm\">recu\u00e9rdame<\/label>                    <\/small>                <\/div><small class=\"pcma_psw_recovery_trigger\" role=\"button\" tabindex=\"0\">\u00bfOlvidaste la contrase\u00f1a?<\/small><\/div>            <div id=\"pc_auth_message\"><\/div>        <\/div>            <button class=\"pc_auth_btn\" type=\"submit\">            <span class=\"pc_inner_btn\">Acceder<\/span>        <\/button>        <div class=\"pcma_psw_recovery_wrap pc_displaynone\">            <div class=\"pc_login_row \">                <label for=\"69d55c1445df1_pcma_pr\">Escribe tu usuario o email<\/label>                <div class=\"pc_field_container\">                                        <input type=\"text\" name=\"pcma_psw_username\" class=\"pcma_psw_username\" value=\"\"  id=\"69d55c1445df1_pcma_pr\" autocomplete=\"off\" \/>                <\/div>            <\/div>                        <div class=\"pc_lf_subfields\">                <div class=\"pc_login_smalls\">                    <small class=\"pcma_del_recovery\" role=\"button\" tabindex=\"0\">Volver al inicio<\/small>                <\/div>                <div class=\"pcma_psw_recovery_message\"><\/div>            <\/div>                        <button class=\"pcma_do_recovery\" type=\"button\">                <span class=\"pc_inner_btn\">Recuperar<\/span>            <\/button>        <\/div><\/form>    <script type=\"text\/javascript\">    (function() {         \"use strict\";        const intval = setInterval(() => {            if(typeof(pc_lf_overlapping_smalls_check) == \"undefined\") {                return true;            }            else {                clearTimeout(intval);                window.pc_lf_overlapping_smalls_check();            }        }, 50);    })();    <\/script><\/div>[\/vc_column][vc_column width=\u00bb1\/2&#8243;][vc_custom_heading text=\u00bb\u00bfNo est\u00e1s registrado?\u00bb font_container=\u00bbtag:h2|text_align:left|color:%23ff5100&#8243; use_theme_fonts=\u00bbyes\u00bb][vc_column_text]Reg\u00edstrate aqu\u00ed para acceder a nuestra zona gratuita de descargas, donde podr\u00e1s obtener manuales, video tutoriales y otra\u00a0 documentaci\u00f3n t\u00e9cnica de utilidad, as\u00ed como los instaladores de las \u00faltimas versiones de nuestros productos.[\/vc_column_text]<div class=\"porto-btn-ctn-left \"><a class=\"porto-btn porto-adjust-bottom-margin porto-btn-normal porto-btn-center-dg-bg   wpb_custom_fa51088c2567b780100c1edcf8821d3b  porto-btn-left \"  rel='' href = \"\/registrarme\/\"  data-hover=\"#ffffff\" data-border-color=\"#636569\" data-bg=\"rgba(255,255,255,0.01)\" data-hover-bg=\"#636569\" data-border-hover=\"#ffffff\" data-shadow-click=\"none\" data-shadow=\"\" style=\"font-size:13px;border-width:2px;border-color:#636569;border-style:solid;background: rgba(255,255,255,0.01);color: #636569;\"><span class=\"porto-btn-hover\" style=\"background-color:#636569\"><\/span><span class=\"porto-btn-data porto-btn-text \" >Registrarme<\/span><\/a><\/div>[\/vc_column][\/vc_row]<\/p>\n<\/div>","protected":false},"excerpt":{"rendered":"<p>[vc_row gap=\u00bb35&#8243; equal_height=\u00bbyes\u00bb css=\u00bb.vc_custom_1745272596566{margin-top: 60px !important;margin-bottom: 60px !important;padding-top: 0px !important;padding-bottom: 0px !important;}\u00bb][vc_column width=\u00bb1\/2&#8243;][vc_custom_heading text=\u00bbAccede a tu cuenta\u00bb font_container=\u00bbtag:h2|text_align:left|color:%23ff5100&#8243; use_theme_fonts=\u00bbyes\u00bb][vc_column_text]Si ya est\u00e1s registrado solo debes introducir tu correo electr\u00f3nico y contrase\u00f1a para acceder directamente a la zona de descargas[\/vc_column_text][\/vc_column][vc_column width=\u00bb1\/2&#8243;][vc_custom_heading text=\u00bb\u00bfNo est\u00e1s registrado?\u00bb font_container=\u00bbtag:h2|text_align:left|color:%23ff5100&#8243; use_theme_fonts=\u00bbyes\u00bb][vc_column_text]Reg\u00edstrate aqu\u00ed para acceder a nuestra zona gratuita de descargas, donde podr\u00e1s [&hellip;]<\/p>\n","protected":false},"author":1,"featured_media":0,"parent":0,"menu_order":0,"comment_status":"closed","ping_status":"closed","template":"","meta":{"_acf_changed":false,"_monsterinsights_skip_tracking":false,"_monsterinsights_sitenote_active":false,"_monsterinsights_sitenote_note":"","_monsterinsights_sitenote_category":0,"footnotes":""},"class_list":["post-3199","page","type-page","status-publish","hentry"],"acf":[],"_links":{"self":[{"href":"https:\/\/www.inedit.com\/es\/wp-json\/wp\/v2\/pages\/3199","targetHints":{"allow":["GET"]}}],"collection":[{"href":"https:\/\/www.inedit.com\/es\/wp-json\/wp\/v2\/pages"}],"about":[{"href":"https:\/\/www.inedit.com\/es\/wp-json\/wp\/v2\/types\/page"}],"author":[{"embeddable":true,"href":"https:\/\/www.inedit.com\/es\/wp-json\/wp\/v2\/users\/1"}],"replies":[{"embeddable":true,"href":"https:\/\/www.inedit.com\/es\/wp-json\/wp\/v2\/comments?post=3199"}],"version-history":[{"count":4,"href":"https:\/\/www.inedit.com\/es\/wp-json\/wp\/v2\/pages\/3199\/revisions"}],"predecessor-version":[{"id":25649,"href":"https:\/\/www.inedit.com\/es\/wp-json\/wp\/v2\/pages\/3199\/revisions\/25649"}],"wp:attachment":[{"href":"https:\/\/www.inedit.com\/es\/wp-json\/wp\/v2\/media?parent=3199"}],"curies":[{"name":"wp","href":"https:\/\/api.w.org\/{rel}","templated":true}]}}