{"id":50,"date":"2018-04-12T07:43:42","date_gmt":"2018-04-12T07:43:42","guid":{"rendered":"https:\/\/mmktpro.com\/inedit\/?page_id=50"},"modified":"2023-05-29T11:47:49","modified_gmt":"2023-05-29T11:47:49","slug":"software-impresion-digital","status":"publish","type":"page","link":"https:\/\/www.inedit.com\/es\/nuestros-productos\/software-impresion-digital\/","title":{"rendered":"Impresi\u00f3n Digital"},"content":{"rendered":"<div class=\"wpb-content-wrapper\"><p>[vc_row full_width=\u00bbstretch_row\u00bb el_class=\u00bbtitle-page over-map\u00bb][vc_column]<div class=\"porto-u-heading  wpb_custom_95aa9a11c17ad45cfabaf210d84ee7cc porto-u-ad87e2eaf3f9c495180fe0156ddf3eb0 \"><div class=\"porto-u-main-heading\"><h1  >Software de impresi\u00f3n digital<\/h1><\/div><style>.porto-u-ad87e2eaf3f9c495180fe0156ddf3eb0.porto-u-heading{text-align:left}<\/style><\/div>[\/vc_column][\/vc_row][vc_row full_width=\u00bbstretch_row\u00bb gap=\u00bb30&#8243; equal_height=\u00bbyes\u00bb content_placement=\u00bbtop\u00bb css=\u00bb.vc_custom_1530802820982{margin-top: 0px !important;margin-bottom: 0px !important;padding-top: 80px !important;background-color: #ffffff !important;}\u00bb el_class=\u00bbrow-products\u00bb][vc_column width=\u00bb1\/2&#8243;][vc_single_image image=\u00bb18452&#8243; img_size=\u00bbfull\u00bb label=\u00bb\u00bb][\/vc_column][vc_column width=\u00bb1\/2&#8243;]<div class=\"porto-container container col-half-section col-half-section-left \">[vc_column_text]<\/p>\n<h2><em>neoStampa<\/em><\/h2>\n<h3 class=\"subtitle\">El RIP Software de referencia en la industria<br \/>\nde la impresi\u00f3n digital textil<\/h3>\n<p>[\/vc_column_text][vc_column_text el_class=\u00bbtext-intro\u00bb]Compatible con las principales marcas de impresoras del mercado, neoStampa cuenta con una interface amigable e intuitiva y con la tecnolog\u00eda m\u00e1s avanzada para el procesamiento de im\u00e1genes. Su potente motor de gesti\u00f3n de color y las m\u00faltiples opciones de control de costes, edici\u00f3n de im\u00e1genes, calibraci\u00f3n y creaci\u00f3n de perfiles de impresi\u00f3n que ofrece, convierten a neoStampa en tu mejor opci\u00f3n.[\/vc_column_text]<div class=\"porto-btn-ctn-left \"><a class=\"porto-btn porto-adjust-bottom-margin porto-btn-normal porto-btn-center-dg-bg   wpb_custom_fa51088c2567b780100c1edcf8821d3b  porto-btn-left \"  rel='' href = \"\/productos\/neostampa\/\"  data-hover=\"#ffffff\" data-border-color=\"#636569\" data-bg=\"rgba(255,255,255,0.01)\" data-hover-bg=\"#636569\" data-border-hover=\"#ffffff\" data-shadow-click=\"none\" data-shadow=\"\" style=\"font-size:13px;border-width:2px;border-color:#636569;border-style:solid;background: rgba(255,255,255,0.01);color: #636569;\"><span class=\"porto-btn-hover\" style=\"background-color:#636569\"><\/span><span class=\"porto-btn-data porto-btn-text \" >Leer m\u00e1s<\/span><\/a><\/div><\/div>[\/vc_column][\/vc_row][vc_row full_width=\u00bbstretch_row\u00bb gap=\u00bb30&#8243; equal_height=\u00bbyes\u00bb content_placement=\u00bbtop\u00bb css=\u00bb.vc_custom_1530801303835{margin-top: 0px !important;margin-bottom: 0px !important;padding-top: 60px !important;background-color: #f3f2f2 !important;}\u00bb el_class=\u00bbrow-products\u00bb][vc_column width=\u00bb1\/2&#8243;][vc_single_image image=\u00bb1437&#8243; img_size=\u00bbfull\u00bb][\/vc_column][vc_column width=\u00bb1\/2&#8243;]<div class=\"porto-container container col-half-section col-half-section-left \">[vc_column_text]<\/p>\n<h2><em>neoMatch<\/em><\/h2>\n<h3 class=\"subtitle\">La herramienta perfecta para lograr la m\u00e1xima precisi\u00f3n en la calibraci\u00f3n de librer\u00edas de color<\/h3>\n<p>[\/vc_column_text][vc_column_text el_class=\u00bbtext-intro\u00bb]neoMatch genera valores LAB a partir de las mediciones obtenidas con tu espectrofot\u00f3metro X-Rite i1 Pro u otras referencias importadas (ej. librer\u00edas pantone).<\/p>\n<p>Al imprimir, neoMatch calcula la diferencia de los valores Lab y propone referencias modificadas para lograr colores iguales. Este proceso produce resultados de gran precisi\u00f3n dentro de la gama de perfiles generados en neoStampa (RIP de impresi\u00f3n) y te da informaci\u00f3n sobre colores que nunca tendr\u00e1n una reproducci\u00f3n impresa precisa.[\/vc_column_text]<div class=\"porto-btn-ctn-left \"><a class=\"porto-btn porto-adjust-bottom-margin porto-btn-normal porto-btn-center-dg-bg   wpb_custom_fa51088c2567b780100c1edcf8821d3b  porto-btn-left \"  rel='' href = \"\/productos\/neomatch\/\"  data-hover=\"#ffffff\" data-border-color=\"#636569\" data-bg=\"rgba(255,255,255,0.01)\" data-hover-bg=\"#636569\" data-border-hover=\"#ffffff\" data-shadow-click=\"none\" data-shadow=\"\" style=\"font-size:13px;border-width:2px;border-color:#636569;border-style:solid;background: rgba(255,255,255,0.01);color: #636569;\"><span class=\"porto-btn-hover\" style=\"background-color:#636569\"><\/span><span class=\"porto-btn-data porto-btn-text \" >Leer m\u00e1s<\/span><\/a><\/div><\/div>[\/vc_column][\/vc_row]<\/p>\n<\/div>","protected":false},"excerpt":{"rendered":"<p>[vc_row full_width=\u00bbstretch_row\u00bb el_class=\u00bbtitle-page over-map\u00bb][vc_column][\/vc_column][\/vc_row][vc_row full_width=\u00bbstretch_row\u00bb gap=\u00bb30&#8243; equal_height=\u00bbyes\u00bb content_placement=\u00bbtop\u00bb css=\u00bb.vc_custom_1530802820982{margin-top: 0px !important;margin-bottom: 0px !important;padding-top: 80px !important;background-color: #ffffff !important;}\u00bb el_class=\u00bbrow-products\u00bb][vc_column width=\u00bb1\/2&#8243;][vc_single_image image=\u00bb18452&#8243; img_size=\u00bbfull\u00bb label=\u00bb\u00bb][\/vc_column][vc_column width=\u00bb1\/2&#8243;][\/vc_column][\/vc_row][vc_row full_width=\u00bbstretch_row\u00bb gap=\u00bb30&#8243; equal_height=\u00bbyes\u00bb content_placement=\u00bbtop\u00bb css=\u00bb.vc_custom_1530801303835{margin-top: 0px !important;margin-bottom: 0px !important;padding-top: 60px !important;background-color: #f3f2f2 !important;}\u00bb el_class=\u00bbrow-products\u00bb][vc_column width=\u00bb1\/2&#8243;][vc_single_image image=\u00bb1437&#8243; img_size=\u00bbfull\u00bb][\/vc_column][vc_column width=\u00bb1\/2&#8243;][\/vc_column][\/vc_row]<\/p>\n","protected":false},"author":1,"featured_media":0,"parent":27,"menu_order":0,"comment_status":"closed","ping_status":"closed","template":"","meta":{"_acf_changed":false,"_monsterinsights_skip_tracking":false,"_monsterinsights_sitenote_active":false,"_monsterinsights_sitenote_note":"","_monsterinsights_sitenote_category":0,"footnotes":""},"class_list":["post-50","page","type-page","status-publish","hentry"],"acf":[],"_links":{"self":[{"href":"https:\/\/www.inedit.com\/es\/wp-json\/wp\/v2\/pages\/50","targetHints":{"allow":["GET"]}}],"collection":[{"href":"https:\/\/www.inedit.com\/es\/wp-json\/wp\/v2\/pages"}],"about":[{"href":"https:\/\/www.inedit.com\/es\/wp-json\/wp\/v2\/types\/page"}],"author":[{"embeddable":true,"href":"https:\/\/www.inedit.com\/es\/wp-json\/wp\/v2\/users\/1"}],"replies":[{"embeddable":true,"href":"https:\/\/www.inedit.com\/es\/wp-json\/wp\/v2\/comments?post=50"}],"version-history":[{"count":5,"href":"https:\/\/www.inedit.com\/es\/wp-json\/wp\/v2\/pages\/50\/revisions"}],"predecessor-version":[{"id":18455,"href":"https:\/\/www.inedit.com\/es\/wp-json\/wp\/v2\/pages\/50\/revisions\/18455"}],"up":[{"embeddable":true,"href":"https:\/\/www.inedit.com\/es\/wp-json\/wp\/v2\/pages\/27"}],"wp:attachment":[{"href":"https:\/\/www.inedit.com\/es\/wp-json\/wp\/v2\/media?parent=50"}],"curies":[{"name":"wp","href":"https:\/\/api.w.org\/{rel}","templated":true}]}}