{"id":5172,"date":"2018-12-05T08:37:22","date_gmt":"2018-12-05T08:37:22","guid":{"rendered":"https:\/\/www.inedit.com\/?page_id=5172"},"modified":"2019-04-09T07:00:42","modified_gmt":"2019-04-09T07:00:42","slug":"software-produktlizenz","status":"publish","type":"page","link":"https:\/\/www.inedit.com\/es\/software-produktlizenz\/","title":{"rendered":"SOFTWARE-PRODUKTLIZENZ"},"content":{"rendered":"<p><strong> SOFTWARE-PRODUKTLIZENZ<\/strong><\/p>\n<p>Diese Software ist durch Urheberrechtsgesetze \u00fcber Computerprogramme, sonstige Urheberrechtsgesetze, internationale Urheberrechts-Vereinbarungen und sonstige Gesetze und Abkommen \u00fcber geistiges Eigentum gesch\u00fctzt. F\u00fcr diese Software gibt es eine Lizenz; die Eigentumsrechte an diesem Produkt werden nicht auf Sie \u00fcbertragen. Jegliches Ihnen nicht ausdr\u00fccklich in dieser Lizenzvereinbarung zugestandene Recht ist INEDIT SOFTWARE. S.L. vorbehalten.<\/p>\n<p>&nbsp;<\/p>\n<p><strong> GEW\u00c4HRUNG EINER LIZENZ<\/strong><\/p>\n<p>INEDIT SOFTWARE, S.L. (im Folgenden als \u201eINEDIT\u201c bezeichnet) gew\u00e4hrt Ihnen eine Software-Lizenz, die den nachfolgenden Gesch\u00e4ftsbedingungen unterliegt.<\/p>\n<p><span style=\"text-decoration: underline;\">Installation und Verwendung<\/span><\/p>\n<p>INEDIT gibt Ihnen das Recht, die Software auf einem Ger\u00e4t zu installieren und zu betreiben, das mit einem Betriebssystem betrieben wird, welches auf rechtm\u00e4\u00dfige und legitime Weise erworben wurde. INEDIT gew\u00e4hrt Ihnen eine nicht exklusive, nicht als Unterlizenz \u00fcbertragbare, begrenzte Lizenz zur Installation und Nutzung einer Kopie ihrer Software auf einem einzigen Ger\u00e4t und unter den Gesch\u00e4ftsbedingungen dieser Lizenzvereinbarung. In einem durch das geltende Recht festgelegten Umfang ist jegliche sonstige Verwendung, Wiedergabe, Ver\u00e4nderung, Verteilung oder ein Vertrieb der Software nicht gestattet; auch ihr Verleih (Vermietung) ist verboten. Falls Sie diese Kopie der Software als Aktualisierung oder Erweiterung einer Vorversion der gleichen, auf demselben Ger\u00e4t installierten Software installieren, erl\u00f6schen Ihre gem\u00e4\u00df der vorherigen Lizenzvereinbarung gegebenen Rechte und jede Verwendung der Software (einschlie\u00dflich ihrer Vorversionen) unterliegt nur den Bedingungen dieser Lizenzvereinbarung.<\/p>\n<p><span style=\"text-decoration: underline;\">Automatische Aktualisierungen<\/span><\/p>\n<p>Soweit nach geltendem Gesetz gestattet, kann die Software automatisch Aktualisierungen herunterladen und installieren. Diese Aktualisierungen sollen die Serviceleistungen von INEDIT verbessern und erweitern. Es kann sich um Korrekturen von Programmfehlern handeln, aber auch um Funktionserweiterungen, neue Software-Module oder vollkommen neue Versionen. Damit k\u00f6nnen sich auch die Gesch\u00e4ftsbedingungen der Software-Lizenz \u00e4ndern. Als Nutzer unserer Serviceleistungen akzeptieren Sie den Erhalt solcher Aktualisierungen (und gestatten dem Aktualisierungsprogramm, Ihnen dieselben zu senden). Die Lizenzvereinbarung gilt f\u00fcr alle Aktualisierungen und\/oder Zusatzfunktionen, die nicht unter einer separaten Lizenz oder einer anderen Vereinbarung vertrieben werden. Die vorliegende Lizenzvereinbarung verpflichtet INEDIT nicht, dem Benutzer irgendwelche Aktualisierungen, Erweiterungen und\/oder Zusatzfunktionen der Software zu liefern. Bitte pr\u00fcfen Sie die Online-Version dieser Software-Lizenz gelegentlich auf eventuelle verf\u00fcgbare, f\u00fcr Sie anwendbare \u00dcberarbeitungen der Software.<\/p>\n<p><span style=\"text-decoration: underline;\">Sicherheitskopie<\/span><\/p>\n<p>Eine Kopie Ihrer Software darf ausschlie\u00dflich zur Sicherung oder Archivierung angelegt werden. Dabei m\u00fcssen die Gesch\u00e4ftsbedingungen dieser Lizenzvereinbarung eingehalten werden.<\/p>\n<p><span style=\"text-decoration: underline;\">Speicherung und Nutzung in einem Netzwerk<\/span><\/p>\n<p>Sie d\u00fcrfen eine Kopie der Software auf einem Speichermedium, etwa auf einem Netzwerk-Server, speichern oder installieren, sofern Sie die Software nur mittels eines internen Netzwerks auf Ihrem Ger\u00e4t verwenden. Jedoch m\u00fcssen Sie f\u00fcr jedes separate Ger\u00e4t, auf dem Sie die Software ausgehend vom Speichermedium betreiben, ausdr\u00fccklich eine eigene Lizenz erwerben. Sie d\u00fcrfen die Lizenz dieser Software nicht Dritten zur gemeinsamen Nutzung zur Verf\u00fcgung stellen oder gleichzeitig auf mehreren Ger\u00e4ten betreiben.<\/p>\n<p><span style=\"text-decoration: underline;\">Copyright (Urheberrecht)<\/span><\/p>\n<p>Diese Software ist durch Urheberrechtsgesetze, internationale Vereinbarungen \u00fcber das Urheberrecht und sonstige Gesetze und Abkommen \u00fcber geistiges Eigentum gesch\u00fctzt. INEDIT beh\u00e4lt sich alle Rechte an dieser Software vor. Hiermit erkennen Sie an, dass diese Software Eigentum von INEDIT ist und durch die geltenden Gesetze \u00fcber Copyright (Urheberrecht), Handelsmarken, Gesch\u00e4ftsgeheimnisse, Patente und durch sonstige Gesetze \u00fcber geistiges Eigentum gesch\u00fctzt ist. Dar\u00fcber hinaus erkennen Sie an und erkl\u00e4ren sich damit einverstanden, dass \u2013 zwischen INEDIT und Ihnen \u2013 INEDIT der gegenw\u00e4rtige und zuk\u00fcnftige Eigent\u00fcmer aller Rechte, Titel und Interessen an der Software ist. Das gilt auch f\u00fcr die Rechte am diesbez\u00fcglichen geistigen Eigentum gem\u00e4\u00df den hierf\u00fcr geltenden Gesetzen. Die vorliegende Vereinbarung gew\u00e4hrt Ihnen keinerlei Anspruch auf diese Software oder an ihr, sondern sie stellt ein begrenztes Nutzungsrecht dar, das gem\u00e4\u00df dieser Vereinbarung widerrufbar ist.<\/p>\n<p>&nbsp;<\/p>\n<p><strong> RECHTE UND EINSCHR\u00c4NKUNGEN<\/strong><\/p>\n<p><span style=\"text-decoration: underline;\">Kein Weiterverkauf\u00a0<\/span><\/p>\n<p>Sie d\u00fcrfen diese Software nicht verbreiten, vertreiben, weiterverkaufen oder \u00fcbertragen.<\/p>\n<p><span style=\"text-decoration: underline;\">Einschr\u00e4nkungen bez\u00fcglich <em>Reverse-Engineering<\/em> (Nachkonstruktion), Dekompilierung und Disassemblierung<\/span><\/p>\n<p>Hiermit erkennen Sie an, dass der Quellcode der Software ein vertrauliches Gesch\u00e4ftsgeheimnis von INEDIT darstellt und bleibt. Somit sind Sie damit einverstanden, diese Software weder selbst noch mittels einer Drittpartei zu dekompilieren oder mithilfe von <em>Reverse-Engineering<\/em> oder einem <em>Disassembler<\/em> zu bearbeiten noch irgendwelche anderen Versuche zur Gewinnung ihres Quellcodes zu unternehmen. Ausgenommen sind nur Aktivit\u00e4ten im ausdr\u00fccklich gesetzlich zugestandenen Rahmen, unbeschadet dieser Einschr\u00e4nkung.<\/p>\n<p><span style=\"text-decoration: underline;\">Einschr\u00e4nkungen der Komponententrennung<\/span><\/p>\n<p>Die Lizenz f\u00fcr die Software gilt f\u00fcr ein einziges Produkt. Deshalb d\u00fcrfen ihre Komponenten und Teile nicht zur Nutzung auf mehreren Ger\u00e4ten getrennt werden.<\/p>\n<p><span style=\"text-decoration: underline;\">Exportbeschr\u00e4nkungen<\/span><\/p>\n<p>Sie erkennen an, dass der Export der Software in diverse L\u00e4nder Einschr\u00e4nkungen unterliegt. In diesem Sinne sind Sie damit einverstanden, alle f\u00fcr die Software geltenden nationalen und internationalen Gesetze zu befolgen, einschlie\u00dflich den Gesetzen und Regelungen \u00fcber Exportbeschr\u00e4nkungen.<\/p>\n<p><span style=\"text-decoration: underline;\">Kundendienst<\/span><\/p>\n<p>INEDIT kann Ihnen einen technischen Kundendienst (<em>Support Service<\/em>) f\u00fcr die Software bereitstellen. Die Nutzung des Kundendienstes erfolgt gem\u00e4\u00df den INEDIT-Prinzipien, den auf der Nutzer-Webseite, online oder in der elektronischen Dokumentation beschriebenen Programmen und\/oder gem\u00e4\u00df sonstigen von INEDIT bereitgestellten Materialien. Jegliche Ihnen im Rahmen des Kundendienstes zur Verf\u00fcgung gestellten zus\u00e4tzlichen Software-Codes sind als Teil der Software zu erachten und unterliegen somit den Gesch\u00e4ftsbedingungen dieser Software-Lizenz. Sie erkl\u00e4ren sich einverstanden, dass s\u00e4mtliche von Ihnen im Rahmen des Kundendiensts an INEDIT \u00fcbermittelten technischen Daten von INEDIT f\u00fcr gesch\u00e4ftliche Zwecke einschlie\u00dflich der Produktbetreuung und Produktentwicklung verwendet werden k\u00f6nnen. INEDIT wird derartige Fachinformationen auf keinerlei Weise einsetzen, die es gestattet, Ihre pers\u00f6nliche Identit\u00e4t zu bestimmen.<\/p>\n<p><span style=\"text-decoration: underline;\">Einhaltung von Gesetzen<\/span><\/p>\n<p>Alle f\u00fcr die Nutzung dieser Software geltenden Gesetze m\u00fcssen eingehalten werden.<\/p>\n<p>&nbsp;<\/p>\n<p><strong>BEENDIGUNG<\/strong><\/p>\n<p>Diese Lizenzvereinbarung tritt mit Ihrem Zugriff auf die Software in Kraft und gibt kein Enddatum vor. Somit verl\u00e4ngert sich die Lizenz, bis entweder INEDIT oder Sie selbst dieselbe mittels Benachrichtigung der anderen Seite beenden oder bis die Lizenz auf eine andere Weise gem\u00e4\u00df den hier aufgef\u00fchrten Bedingungen beendet wird. Falls Sie gegen irgendeine Vorgabe der vorliegenden Lizenzvereinbarung versto\u00dfen oder falls INEDIT vern\u00fcnftigerweise den Verdacht eines solchen Versto\u00dfes Ihrerseits hegt, kann INEDIT nach seinem alleinigen Ermessen und ohne vorherige Ank\u00fcndigung Ihren Zugriff auf die Software unterbinden und diese Lizenzvereinbarung beenden. Dieser Sachverhalt wirkt nicht einschr\u00e4nkend auf die sonstigen Rechte und Rechtsmittel, \u00fcber die INEDIT verf\u00fcgt; diese sind allesamt ausdr\u00fccklich INEDIT vorbehalten. Nach Beendigung oder Widerruf dieser Lizenzvereinbarung m\u00fcssen Sie alle Kopien der Software und alle Komponenten und Teile, die sich in Ihrem Besitz befinden, zerst\u00f6ren (einschlie\u00dflich Medienmaterialien und gedruckten Materialien, jeglicher Vorversionen und dieser Vereinbarung selbst). Die Bestimmungen dieses Abschnitts gelten \u00fcber die Beendigung der Lizenzvereinbarung hinaus. INEDIT beh\u00e4lt sich das Recht vor, die Software jederzeit mit oder ohne vorherige Ank\u00fcndigung ganz oder teilweise zu ver\u00e4ndern, zu sperren oder zu unterbrechen bzw. abzuk\u00fcndigen. In diesem Fall haftet INEDIT weder Ihnen gegen\u00fcber noch gegen\u00fcber einer Drittpartei, sofern sie das betreffende Recht nach ihrem alleinigen Ermessen wahrnimmt.<\/p>\n<p>&nbsp;<\/p>\n<p><strong> HANDELSMARKE<\/strong><\/p>\n<p>Die vorliegende Lizenzvereinbarung gew\u00e4hrt Ihnen keinerlei Rechte bez\u00fcglich der Handelsmarken oder Service-Handelsmarken von INEDIT. Sie d\u00fcrfen keinerlei zur Software geh\u00f6rigen Handelsmarken, Handelsnamen, Produktnamen, Logotypen, Urheberrechte oder Urheberrechts-Benachrichtigungen, Marken, Symbole oder Etiketten entfernen oder ver\u00e4ndern. Die vorliegende Lizenzvereinbarung gew\u00e4hrt Ihnen keinerlei Rechte zur Verwendung von Namen oder Handelsmarken von INEDIT. Obschon die Wiedergabe von Handelsmarken zum Drucken von Erzeugnissen der Software gestattet sein kann, umfasst diese Erlaubnis keinerlei Eigentumsrecht an diesen Handelsmarken. Wie oben beschrieben, gew\u00e4hrt Ihnen diese Lizenzvereinbarung keinerlei Urheberrecht an der Software.<\/p>\n<p><strong>\u00a0<\/strong><\/p>\n<p><strong> EINGESCHR\u00c4NKTE GARANTIE, HAFTUNGSBESCHR\u00c4NKUNG UND HAFTUNGSAUSCHLUSS<\/strong><\/p>\n<p>INEDIT gew\u00e4hrt eine Garantie auf die Software f\u00fcr neunzig (90) Tage ab dem Datum des Ersterwerbs einer Software-Lizenz bei einem zugelassenen H\u00e4ndler oder direkt bei INEDIT. Alternativ gilt die Garantie f\u00fcr die vom geltenden Gesetz am Ort des Software-Erwerbs vorgegebene Mindestanzahl von Tagen ab dem Ersterwerb. Es gilt der jeweils l\u00e4ngere der beiden Zeitr\u00e4ume. INEDIT haftet f\u00fcr keinerlei Folgen, die aufgrund Ihrer Fahrl\u00e4ssigkeit entstehen. Die in diesem Abschnitt beschriebenen Garantien und Haftungsbeschr\u00e4nkungen werden insgesamt als \u201eeingeschr\u00e4nkte Garantie\u201c bezeichnet. INEDIT garantiert Ihnen (und nur Ihnen), dass die Software neunzig (90) Tage lang ab dem Datum des Ersterwerbs (\u201edas Erwerbsdatum\u201c) einer Software-Lizenz bei einem zugelassenen H\u00e4ndler oder direkt bei INEDIT im Wesentlichen gem\u00e4\u00df der begleitenden Dokumentation (falls vorhanden) funktioniert. Implizit inbegriffene Garantien auf die Software sind, gem\u00e4\u00df dem durch geltendes Gesetz erforderlichen Rahmen, auf (90) Tage ab Erwerbsdatum beschr\u00e4nkt. Einige L\u00e4nder erlauben keine zeitlichen Beschr\u00e4nkungen impliziter Garantien. Daher gilt die eben genannte Einschr\u00e4nkung m\u00f6glicherweise nicht f\u00fcr Sie.<\/p>\n<p>Im maximalen rechtlich zul\u00e4ssigen Umfang wird diese Software wie gesehen gem\u00e4\u00df der Verf\u00fcgbarkeit und ohne jegliche Garantie zur Verf\u00fcgung gestellt. INEDIT r\u00e4umt keine Zusicherungen, Gew\u00e4hrleistungen oder Garantien irgendwelcher Art bez\u00fcglich der Software ein, weder ausdr\u00fccklich noch implizit, und lehnt insbesondere alle derartigen Gew\u00e4hrleistungen ausdr\u00fccklich ab. Das umfasst ohne Einschr\u00e4nkungen jede implizite Garantie f\u00fcr Marktg\u00e4ngigkeit, zufriedenstellende Qualit\u00e4t, Eignung f\u00fcr bestimmte Zwecke und Nichtverletzung der Rechte Dritter. Ohne die eben ausgef\u00fchrten Haftungsbeschr\u00e4nkungen einzuschr\u00e4nken, garantiert oder gew\u00e4hrleistet INEDIT folgende Sachverhalte <strong>nicht <\/strong>und sichert diese nicht zu:<\/p>\n<p>Dass die Verwendung der Software keinerlei Sch\u00e4den, einschlie\u00dflich Datenverlusten, an Ihrem Computer, sonstigen Ger\u00e4ten oder an von denselben genutzten Serviceleistungen oder Software oder an sonstigen, auf diesen Ger\u00e4ten vorhandenen Anwendungen oder Inhalten verursacht.<\/p>\n<p>Dass die Software (i) auf ununterbrochene, fristgerechte, sichere oder schadensfreie Weise funktioniert, (ii) immer verf\u00fcgbar bzw. frei von jeglichen sch\u00e4dlichen Komponenten und Fehlern ist und (iii) gegen unbefugten Zugriff (auch bez\u00fcglich von Ihnen \u00fcbermittelter Inhalte) gesch\u00fctzt ist.<\/p>\n<p><span style=\"text-decoration: underline;\">Sie sind damit einverstanden, die Software auf Ihre eigene Gefahr zu verwenden.<\/span><\/p>\n<p>Die eingeschr\u00e4nkte Garantie ist in folgenden F\u00e4llen ung\u00fcltig: wenn die Software aufgrund eines Unfalls, Missbrauchs, einer Fehlanwendung oder in einer Verwendung versagt, die nicht mit den Beschreibungen in der INEDIT-Dokumentation \u00fcbereinstimmt; falls die Software gemeinsam mit anderer Software verwendet wird, die in der INEDIT-Dokumentation nicht als kompatibel beschrieben ist; wenn Sie die Bestimmungen dieser Lizenzvereinbarung verletzen. Diese Garantie gesteht Ihnen spezifische Rechte zu. Abh\u00e4ngig von der jeweiligen Rechtsprechung verf\u00fcgen Sie m\u00f6glicherweise dar\u00fcber hinaus \u00fcber weitere Rechte. Keine Einzelperson (ausgenommen ein ordnungsgem\u00e4\u00df befugter INEDIT-Angestellter) und kein H\u00e4ndler oder Wiederverk\u00e4ufer besitzt das Recht, die oben erw\u00e4hnten Zusicherungen und Haftungsbeschr\u00e4nkungen nachzubessern oder etwas hinzuzuf\u00fcgen.<\/p>\n<p><span style=\"text-decoration: underline;\">Haftungsbeschr\u00e4nkung<\/span><\/p>\n<p>Im maximalen rechtlich zul\u00e4ssigen Umfang haftet INEDIT unter keinen Umst\u00e4nden f\u00fcr jegliche besonderen, indirekten oder zuf\u00e4llig bzw. folgerichtig auftretenden Sch\u00e4den (einschlie\u00dflich aber nicht beschr\u00e4nkt auf Sch\u00e4den durch Einkommenseinbu\u00dfen, Gesch\u00e4ftsunterbrechungen, Verluste gesch\u00e4ftlicher Informationen oder jegliche sonstige monet\u00e4re Verluste), die sich infolge der Verwendung oder aus der nicht m\u00f6glichen Verwendung der Software ergeben. Das gilt auch dann, wenn INEDIT auf m\u00f6gliche derartige Sch\u00e4den hingewiesen wurde. In jedem Fall ersch\u00f6pft sich die gesamte Haftung von INEDIT unter jeglicher Klausel dieser Lizenzvereinbarung auf die tats\u00e4chlich von Ihnen f\u00fcr die INEDIT-Software gezahlte Summe. Einige L\u00e4nder erlauben keinen Ausschluss und keine Beschr\u00e4nkung zuf\u00e4llig oder folgerichtig aufgetretener Sch\u00e4den. Daher gilt der eben genannte Ausschluss bzw. die genannte Einschr\u00e4nkung m\u00f6glicherweise nicht f\u00fcr Sie.<\/p>\n<p>&nbsp;<\/p>\n<p><strong> ZUSTIMMUNG ZUR VERWENDUNG IHRER DATEN<\/strong><\/p>\n<p>Sie sind damit einverstanden, dass INEDIT Informationen von Ihrem Ger\u00e4t erfasst, wie etwa Ger\u00e4tekennung(en), Modellnamen, Kundencodes, Codes und Arten von Netzwerken, Aufzeichnungen von Zugriffen, IP-Adresse, Registrierdatum Ihres Ger\u00e4tes am Server, Art und Version der Software, einschlie\u00dflich des von Ihnen verwendeten Betriebssystems, dessen lokale Einstellungen und Sprachvorwahl sowie Protokolldateien (Logdateien) \u00fcber die Installation, Entfernung bzw. Aktualisierung von Software und Server-Anfragen, um zu pr\u00fcfen, welche Software f\u00fcr die betreffende Software verf\u00fcgbar ist. Die auf diese Weise erfassten Informationen werden m\u00f6glicherweise aus dem Land Ihres Wohnsitzes hinaus \u00fcbermittelt und der Zugriff auf dieselben kann von dort aus erfolgen. Somit unterliegen sie m\u00f6glicherweise anderen Gesetzen und Rechtsprechungen.<\/p>\n<p>Sie sind damit einverstanden, dass die Firma INEDIT diese Informationen gegebenenfalls \u00fcbereinstimmend mit ihrer Datenschutzpolitik einsetzt und eventuell als Teil einer Gesamtheit verwendet, die keine Feststellung Ihrer Identit\u00e4t erm\u00f6glicht. Das geschieht mit der Absicht, die Serviceleistungen f\u00fcr die Software an Ihrem Nutzungsort individuell anzupassen (sofern angemessen), Aktualisierungen automatisch zu installieren, die Leistungen des Service-Servers zu verbessern und Produkte und Serviceleistungen gem\u00e4\u00df den demografischen Eigenschaften ihrer Nutzer weiterzuentwickeln. INEDIT darf die Daten nur so lange aufbewahren, wie dies f\u00fcr die oben beschriebenen Zwecke erforderlich ist, oder aber so lange wie notwendig, um gesetzliche Vorschriften zu erf\u00fcllen.<\/p>\n<p><strong>\u00a0<\/strong><\/p>\n<p><strong> ANWENDUNGEN VON DRITTEN<\/strong><\/p>\n<p>M\u00f6glicherweise k\u00f6nnen Sie bestimmte Anwendungen oder Serviceleistungen von Dritten in Ihr INEDIT-Ger\u00e4t einbinden oder auf diese Einheit herunterladen. Derartige Anwendungen oder Serviceleistungen von Dritten k\u00f6nnen Inhalte, Daten, Informationen, Anwendungen oder Materialien von Dritten umfassen, anzeigen, zug\u00e4nglich machen oder Links zu bestimmten Webseiten Dritter enthalten. Mit der Verwendung dieser Software erkennen Sie an und sind damit einverstanden, dass INEDIT f\u00fcr die Verf\u00fcgbarkeit solcher Anwendungen nicht verantwortlich ist und au\u00dferdem f\u00fcr keinerlei dort vorhandene oder verf\u00fcgbare Inhalte, Werbeinhalte, Produkte, Serviceleistungen oder sonstige Materialien verantwortlich oder haftbar ist.<\/p>\n<p>INEDIT weist jegliche Verantwortung f\u00fcr die Offenlegung von Informationen und sonstige Praktiken von Drittanbietern von Anwendungen zur\u00fcck. INEDIT lehnt ausdr\u00fccklich jede Garantie ab, die sich auf die Speicherung Ihrer Personaldaten durch irgendeine Anwendung Dritter oder auf die Verwendung derartiger Daten durch die Anbieter solcher Anwendungen beziehen.<\/p>\n<p>&nbsp;<\/p>\n<p><strong> GELTENDES RECHT UND BEILEGUNG VON RECHTSSTREITS<\/strong><\/p>\n<p>Diese Lizenzvereinbarung unterliegt den Gesetzen Spaniens und der Stadt Barcelona und wird demgem\u00e4\u00df ausgelegt.<\/p>\n<p>&nbsp;<\/p>\n<p><strong>ALLGEMEINES<\/strong><\/p>\n<p>Diese Lizenzvereinbarung stellt die vollst\u00e4ndige Vereinbarung zwischen INEDIT und Ihnen bez\u00fcglich der Software dar. Keinerlei Bestimmungen in Bestellformularen, scheinbare \u00c4nderungen oder Zus\u00e4tzen und keine Dokumente oder Mitteilungen ersetzen, ver\u00e4ndern, berichtigen oder erweitern diese Lizenzvereinbarung oder setzen sie au\u00dfer Kraft. Hiervon ausgenommen sind nur ausdr\u00fccklich und schriftlich durch einen ordnungsgem\u00e4\u00df autorisierten INEDIT-Angestellten aufgenommene Vereinbarungen. Sofern irgendeine Klausel dieser Lizenzvereinbarung, aus welchem Grund auch immer, als nicht vollziehbar erachtet wird, ist die betreffende Klausel nur insoweit abzu\u00e4ndern, dass sie vollstreckbar wird. Eine derartige Entscheidung darf weder die Vollziehbarkeit dieser Klausel unter anderen Gegebenheiten noch die Vollziehbarkeit aller weiteren Klauseln unter beliebigen Gegebenheiten beeintr\u00e4chtigen. Ein Verzicht seitens INEDIT, eine Verletzung irgendeiner Klausel oder Bestimmung dieser Lizenzvereinbarung rechtlich zu verfolgen, ist auf keinen Fall als Verzicht auszulegen, jegliche vorherigen oder nachfolgenden Verletzungen derselben oder anderer Bestimmungen rechtlich zu verfolgen. Unsere hier ausgef\u00fchrten diversen Rechte und Rechtsmittel sind insofern als kumulativ aufzufassen, als keiner dieser Punkte irgendeine andere Klausel oder irgendein gesetzlich oder gem\u00e4\u00df der Fairness gegebenes Recht oder Rechtsmittel ausschlie\u00dft.<\/p>\n<p>&nbsp;<\/p>\n","protected":false},"excerpt":{"rendered":"<p>SOFTWARE-PRODUKTLIZENZ Diese Software ist durch Urheberrechtsgesetze \u00fcber Computerprogramme, sonstige Urheberrechtsgesetze, internationale Urheberrechts-Vereinbarungen und sonstige Gesetze und Abkommen \u00fcber geistiges Eigentum gesch\u00fctzt. F\u00fcr diese Software gibt es eine Lizenz; die Eigentumsrechte an diesem Produkt werden nicht auf Sie \u00fcbertragen. Jegliches Ihnen nicht ausdr\u00fccklich in dieser Lizenzvereinbarung zugestandene Recht ist INEDIT SOFTWARE. S.L. vorbehalten. &nbsp; GEW\u00c4HRUNG EINER [&hellip;]<\/p>\n","protected":false},"author":2,"featured_media":0,"parent":0,"menu_order":0,"comment_status":"closed","ping_status":"closed","template":"","meta":{"_acf_changed":false,"_monsterinsights_skip_tracking":false,"_monsterinsights_sitenote_active":false,"_monsterinsights_sitenote_note":"","_monsterinsights_sitenote_category":0,"footnotes":""},"class_list":["post-5172","page","type-page","status-publish","hentry"],"acf":[],"_links":{"self":[{"href":"https:\/\/www.inedit.com\/es\/wp-json\/wp\/v2\/pages\/5172","targetHints":{"allow":["GET"]}}],"collection":[{"href":"https:\/\/www.inedit.com\/es\/wp-json\/wp\/v2\/pages"}],"about":[{"href":"https:\/\/www.inedit.com\/es\/wp-json\/wp\/v2\/types\/page"}],"author":[{"embeddable":true,"href":"https:\/\/www.inedit.com\/es\/wp-json\/wp\/v2\/users\/2"}],"replies":[{"embeddable":true,"href":"https:\/\/www.inedit.com\/es\/wp-json\/wp\/v2\/comments?post=5172"}],"version-history":[{"count":1,"href":"https:\/\/www.inedit.com\/es\/wp-json\/wp\/v2\/pages\/5172\/revisions"}],"predecessor-version":[{"id":5173,"href":"https:\/\/www.inedit.com\/es\/wp-json\/wp\/v2\/pages\/5172\/revisions\/5173"}],"wp:attachment":[{"href":"https:\/\/www.inedit.com\/es\/wp-json\/wp\/v2\/media?parent=5172"}],"curies":[{"name":"wp","href":"https:\/\/api.w.org\/{rel}","templated":true}]}}