{"id":52,"date":"2018-04-12T07:43:42","date_gmt":"2018-04-12T07:43:42","guid":{"rendered":"https:\/\/mmktpro.com\/inedit\/?page_id=52"},"modified":"2019-07-11T10:12:43","modified_gmt":"2019-07-11T10:12:43","slug":"software-diseno-textil-equipo","status":"publish","type":"page","link":"https:\/\/www.inedit.com\/es\/nuestros-productos\/software-diseno-textil-equipo\/","title":{"rendered":"Trabajo en equipo"},"content":{"rendered":"<div class=\"wpb-content-wrapper\"><p>[vc_row full_width=\u00bbstretch_row\u00bb el_class=\u00bbtitle-page over-map\u00bb][vc_column]<div class=\"porto-u-heading  wpb_custom_95aa9a11c17ad45cfabaf210d84ee7cc porto-u-ad87e2eaf3f9c495180fe0156ddf3eb0 \"><div class=\"porto-u-main-heading\"><h1  >Software de organizaci\u00f3n de dise\u00f1o<\/h1><\/div><style>.porto-u-ad87e2eaf3f9c495180fe0156ddf3eb0.porto-u-heading{text-align:left}<\/style><\/div>[\/vc_column][\/vc_row][vc_row full_width=\u00bbstretch_row\u00bb gap=\u00bb30&#8243; equal_height=\u00bbyes\u00bb content_placement=\u00bbmiddle\u00bb css=\u00bb.vc_custom_1530801474360{margin-top: 0px !important;margin-bottom: 0px !important;padding-top: 60px !important;padding-bottom: 40px !important;background-color: #ffffff !important;}\u00bb el_class=\u00bbrow-products\u00bb][vc_column width=\u00bb1\/2&#8243;][vc_single_image image=\u00bb1430&#8243; img_size=\u00bbfull\u00bb][\/vc_column][vc_column width=\u00bb1\/2&#8243;]<div class=\"porto-container container col-half-section col-half-section-left \">[vc_column_text]<\/p>\n<h2><em>neoCatalog<\/em><\/h2>\n<h3 class=\"subtitle\">\u00bfEst\u00e1s listo para compartir?<\/h3>\n<p>[\/vc_column_text][vc_column_text el_class=\u00bbtext-intro\u00bb]neoCatalog\u00a0 es el Software de organizaci\u00f3n de dise\u00f1o que\u00a0 permite organizar y compartir tus dise\u00f1os en linea, crear m\u00faltiples variantes de color y generar impactantes simulaciones para visualizar tus creaciones en cualquier modelo u objeto antes de compartirlas o enviarlas a producci\u00f3n en s\u00f3lo unos pocos clicks.<\/p>\n<p>Centraliza los archivos originales de tus dise\u00f1os en neoCatalog y comparte versiones optimizadas en tama\u00f1o y\u00a0peso. Olv\u00eddate as\u00ed de inc\u00f3modos procesos de transferencia de archivos y sorprende a clientes y colaboradores con atractivas galer\u00edas en l\u00ednea independientemente de su ubicaci\u00f3n geogr\u00e1fica.<\/p>\n<p>Definitivamente, el software de gesti\u00f3n m\u00e1s completo para los profesionales de la industria textil.[\/vc_column_text]<div class=\"porto-btn-ctn-left \"><a class=\"porto-btn porto-adjust-bottom-margin porto-btn-normal porto-btn-center-dg-bg   wpb_custom_fa51088c2567b780100c1edcf8821d3b  porto-btn-left \"  rel='' href = \"\/es\/productos\/neocatalog\/\"  data-hover=\"#ffffff\" data-border-color=\"#636569\" data-bg=\"rgba(255,255,255,0.01)\" data-hover-bg=\"#636569\" data-border-hover=\"#ffffff\" data-shadow-click=\"none\" data-shadow=\"\" style=\"font-size:13px;border-width:2px;border-color:#636569;border-style:solid;background: rgba(255,255,255,0.01);color: #636569;\"><span class=\"porto-btn-hover\" style=\"background-color:#636569\"><\/span><span class=\"porto-btn-data porto-btn-text \" >Leer m\u00e1s<\/span><\/a><\/div><\/div>[\/vc_column][\/vc_row]<\/p>\n<\/div>","protected":false},"excerpt":{"rendered":"<p>[vc_row full_width=\u00bbstretch_row\u00bb el_class=\u00bbtitle-page over-map\u00bb][vc_column][\/vc_column][\/vc_row][vc_row full_width=\u00bbstretch_row\u00bb gap=\u00bb30&#8243; equal_height=\u00bbyes\u00bb content_placement=\u00bbmiddle\u00bb css=\u00bb.vc_custom_1530801474360{margin-top: 0px !important;margin-bottom: 0px !important;padding-top: 60px !important;padding-bottom: 40px !important;background-color: #ffffff !important;}\u00bb el_class=\u00bbrow-products\u00bb][vc_column width=\u00bb1\/2&#8243;][vc_single_image image=\u00bb1430&#8243; img_size=\u00bbfull\u00bb][\/vc_column][vc_column width=\u00bb1\/2&#8243;][\/vc_column][\/vc_row]<\/p>\n","protected":false},"author":1,"featured_media":0,"parent":27,"menu_order":0,"comment_status":"closed","ping_status":"closed","template":"","meta":{"_acf_changed":false,"_monsterinsights_skip_tracking":false,"_monsterinsights_sitenote_active":false,"_monsterinsights_sitenote_note":"","_monsterinsights_sitenote_category":0,"footnotes":""},"class_list":["post-52","page","type-page","status-publish","hentry"],"acf":[],"_links":{"self":[{"href":"https:\/\/www.inedit.com\/es\/wp-json\/wp\/v2\/pages\/52","targetHints":{"allow":["GET"]}}],"collection":[{"href":"https:\/\/www.inedit.com\/es\/wp-json\/wp\/v2\/pages"}],"about":[{"href":"https:\/\/www.inedit.com\/es\/wp-json\/wp\/v2\/types\/page"}],"author":[{"embeddable":true,"href":"https:\/\/www.inedit.com\/es\/wp-json\/wp\/v2\/users\/1"}],"replies":[{"embeddable":true,"href":"https:\/\/www.inedit.com\/es\/wp-json\/wp\/v2\/comments?post=52"}],"version-history":[{"count":3,"href":"https:\/\/www.inedit.com\/es\/wp-json\/wp\/v2\/pages\/52\/revisions"}],"predecessor-version":[{"id":8142,"href":"https:\/\/www.inedit.com\/es\/wp-json\/wp\/v2\/pages\/52\/revisions\/8142"}],"up":[{"embeddable":true,"href":"https:\/\/www.inedit.com\/es\/wp-json\/wp\/v2\/pages\/27"}],"wp:attachment":[{"href":"https:\/\/www.inedit.com\/es\/wp-json\/wp\/v2\/media?parent=52"}],"curies":[{"name":"wp","href":"https:\/\/api.w.org\/{rel}","templated":true}]}}