{"id":531,"date":"2018-04-23T15:26:59","date_gmt":"2018-04-23T15:26:59","guid":{"rendered":"https:\/\/mmktpro.com\/inedit\/?page_id=531"},"modified":"2022-02-02T15:40:50","modified_gmt":"2022-02-02T15:40:50","slug":"trabaja-con-nosotros","status":"publish","type":"page","link":"https:\/\/www.inedit.com\/es\/empresa-desarrollo-software-diseno\/trabaja-con-nosotros\/","title":{"rendered":"Trabaja con nosotros"},"content":{"rendered":"<div class=\"wpb-content-wrapper\"><p>[vc_row full_width=\u00bbstretch_row\u00bb el_class=\u00bbtitle-page over-map\u00bb][vc_column]<div class=\"porto-u-heading  wpb_custom_95aa9a11c17ad45cfabaf210d84ee7cc porto-u-ad87e2eaf3f9c495180fe0156ddf3eb0 \"><div class=\"porto-u-main-heading\"><h1  >TRABAJA CON NOSOTROS<\/h1><\/div><style>.porto-u-ad87e2eaf3f9c495180fe0156ddf3eb0.porto-u-heading{text-align:left}<\/style><\/div>[\/vc_column][\/vc_row][vc_row full_width=\u00bbstretch_row\u00bb css=\u00bb.vc_custom_1528971261536{padding-top: 60px !important;padding-bottom: 30px !important;background-color: #ededec !important;}\u00bb][vc_column][vc_custom_heading text=\u00bb\u00bfQuieres formar parte de una empresa din\u00e1mica y l\u00edder en su sector?\u00bb font_container=\u00bbtag:h3|text_align:left|color:%23636569&#8243; use_theme_fonts=\u00bbyes\u00bb][vc_column_text el_class=\u00bbtext-standard\u00bb css=\u00bb.vc_custom_1528971116762{margin-bottom: 60px !important;}\u00bb]<span style=\"font-size: 16px;\">Estamos en continuo crecimiento y regularmente buscamos personas inteligentes y creativas que quieran unirse a nuestro equipo. Nuestros empleados disfrutan de la estabilidad de un proyecto empresarial s\u00f3lido y de la emocionante oportunidad de trabajar en el desarrollo de innovadoras soluciones de software para una industria en plena expansi\u00f3n.<\/span><\/p>\n<p><span style=\"font-size: 16px;\">In\u00e8dit est\u00e1 formada por ingenieros de software, t\u00e9cnicos expertos en gesti\u00f3n de color, comerciales especialistas en la industria digital textil y decorativa y profesionales del marketing y las finanzas.<\/span><\/p>\n<p><span style=\"font-size: 16px;\">Nos encanta lo que hacemos y nos motiva innovar con nuestros productos e invertir en nuestra gente.<\/span>[\/vc_column_text][\/vc_column][\/vc_row][vc_row full_width=\u00bbstretch_row\u00bb css=\u00bb.vc_custom_1528971444995{padding-top: 60px !important;background-color: #ffffff !important;}\u00bb][vc_column css=\u00bb.vc_custom_1528971525969{margin-bottom: 0px !important;}\u00bb][vc_custom_heading text=\u00bbVacantes actuales\u00bb font_container=\u00bbtag:h3|text_align:left|color:%23636569&#8243; use_theme_fonts=\u00bbyes\u00bb][\/vc_column][\/vc_row][vc_row full_width=\u00bbstretch_row\u00bb content_placement=\u00bbmiddle\u00bb remove_margin_top=\u00bbyes\u00bb remove_margin_bottom=\u00bbyes\u00bb css=\u00bb.vc_custom_1530089673723{background: #ff5100 url(https:\/\/neocatalog.inedit.com\/wp-content\/uploads\/2018\/06\/bg-cta-trabaja.jpg?id=1361) !important;background-position: center !important;background-repeat: no-repeat !important;background-size: cover !important;}\u00bb el_class=\u00bbrow-slogan\u00bb][vc_column]<div class=\"porto-u-heading title-medium  wpb_custom_95aa9a11c17ad45cfabaf210d84ee7cc porto-u-ad87e2eaf3f9c495180fe0156ddf3eb0 \"><div class=\"porto-u-main-heading\"><h2   style=\"color:#ffffff;font-size:52px;line-height:72px;\">\u00bfTe gustar\u00eda trabajar con nosotros?<\/h2><\/div><div class=\"porto-u-sub-heading\" style=\"font-weight:400;color: #ffffff;font-size:36px;line-height:46px;\">\n<p class=\"p1\"><span class=\"s1\">Env\u00edanos tu CV y si necesitamos incorporar a alguien con tu perfil nos pondremos en contacto contigo.<\/span><\/p>\n<p><\/div><style>.porto-u-ad87e2eaf3f9c495180fe0156ddf3eb0.porto-u-heading{text-align:left}<\/style><\/div>[\/vc_column][\/vc_row][vc_row full_width=\u00bbstretch_row\u00bb remove_margin_top=\u00bbyes\u00bb remove_margin_bottom=\u00bbyes\u00bb css=\u00bb.vc_custom_1530715499553{padding-top: 50px !important;padding-bottom: 30px !important;background-color: #ededec !important;}\u00bb][vc_column width=\u00bb1\/6&#8243;][\/vc_column][vc_column width=\u00bb2\/3&#8243;][vc_custom_heading text=\u00bb\u00a1\u00danete a nuestro Talent Pool y te contactaremos si abrimos alguna vacante que se ajuste a tu perfil!\u00bb font_container=\u00bbtag:h4|text_align:left|color:%2354565a\u00bb use_theme_fonts=\u00bbyes\u00bb css=\u00bb.vc_custom_1530715457615{margin-bottom: 40px !important;}\u00bb][vc_column_text el_id=\u00bbformulario\u00bb]<div class=\"frm_forms  with_frm_style frm_style_formidable-style\" id=\"frm_form_8_container\" >\n<form enctype=\"multipart\/form-data\" method=\"post\" class=\"frm-show-form  frm_js_validate  frm_ajax_submit  frm_pro_form \" id=\"form_contact-form22\" >\n<div class=\"frm_form_fields \">\n<fieldset>\n<legend class=\"frm_screen_reader\">Curriculum Vitae<\/legend>\r\n\r\n<div class=\"frm_fields_container\">\n<input type=\"hidden\" name=\"frm_action\" value=\"create\" \/>\n<input type=\"hidden\" name=\"form_id\" value=\"8\" \/>\n<input type=\"hidden\" name=\"frm_hide_fields_8\" id=\"frm_hide_fields_8\" value=\"\" \/>\n<input type=\"hidden\" name=\"form_key\" value=\"contact-form22\" \/>\n<input type=\"hidden\" name=\"item_meta[0]\" value=\"\" \/>\n<input type=\"hidden\" id=\"frm_submit_entry_8\" name=\"frm_submit_entry_8\" value=\"02bff71934\" \/><input type=\"hidden\" name=\"_wp_http_referer\" value=\"\/es\/wp-json\/wp\/v2\/pages\/531\" \/><div id=\"frm_field_80_container\" class=\"frm_form_field form-field  frm_required_field frm_top_container frm_full\">\r\n    <label for=\"field_qh4icy32\" class=\"frm_primary_label\">Nombre\r\n        <span class=\"frm_required\"><\/span>\r\n    <\/label>\r\n    <input  type=\"text\" id=\"field_qh4icy32\" name=\"item_meta[80]\" value=\"\"  data-reqmsg=\"Este campo no puede estar en blanco.\" aria-required=\"true\" data-invmsg=\"Name no es v\u00e1lido\" aria-invalid=\"false\"   \/>\r\n    \r\n    \r\n<\/div>\n<div id=\"frm_field_81_container\" class=\"frm_form_field form-field  frm_required_field frm_top_container frm_full\">\r\n    <label for=\"field_hgqf72\" class=\"frm_primary_label\">Apellidos\r\n        <span class=\"frm_required\"><\/span>\r\n    <\/label>\r\n    <input  type=\"text\" id=\"field_hgqf72\" name=\"item_meta[81]\" value=\"\"  data-reqmsg=\"Este campo no puede estar en blanco.\" aria-required=\"true\" data-invmsg=\"Name no es v\u00e1lido\" aria-invalid=\"false\"   \/>\r\n    \r\n    \r\n<\/div>\n<div id=\"frm_field_85_container\" class=\"frm_form_field form-field  frm_top_container frm_full\">\r\n    <label for=\"field_3wutc2\" class=\"frm_primary_label\">Tel\u00e9fono\r\n        <span class=\"frm_required\"><\/span>\r\n    <\/label>\r\n    <input  type=\"text\" id=\"field_3wutc2\" name=\"item_meta[85]\" value=\"\"  data-invmsg=\"Subject no es v\u00e1lido\" aria-invalid=\"false\"   \/>\r\n    \r\n    \r\n<\/div>\n<div id=\"frm_field_86_container\" class=\"frm_form_field form-field  frm_required_field frm_top_container frm_full\">\r\n    <label for=\"field_29yf4d32\" class=\"frm_primary_label\">Correo electr\u00f3nico\r\n        <span class=\"frm_required\"><\/span>\r\n    <\/label>\r\n    <input type=\"email\" id=\"field_29yf4d32\" name=\"item_meta[86]\" value=\"\"  data-reqmsg=\"Este campo no puede estar en blanco.\" aria-required=\"true\" data-invmsg=\"Please enter a valid email address\" aria-invalid=\"false\"  \/>\r\n    \r\n    \r\n<\/div>\n<div id=\"frm_field_95_container\" class=\"frm_form_field form-field  frm_required_field frm_top_container\">\r\n    <label for=\"field_8e817a\" class=\"frm_primary_label\">\u00c1mbito de inter\u00e9s\r\n        <span class=\"frm_required\">*<\/span>\r\n    <\/label>\r\n    \t\t<select name=\"item_meta[95]\" id=\"field_8e817a\"  data-frmval=\"(Escoger opci\u00f3n)\" data-reqmsg=\"Este campo no puede estar en blanco.\" aria-required=\"true\" data-invmsg=\"\u00c1mbito de inter\u00e9s no es v\u00e1lido\" aria-invalid=\"false\"  >\n\t\t<option  value=\"(Escoger opci\u00f3n)\" selected='selected'>(Escoger opci\u00f3n)<\/option><option  value=\"Comercial y ventas\">Comercial y ventas<\/option><option  value=\"Programaci\u00f3n y desarrollo de software\">Programaci\u00f3n y desarrollo de software<\/option><option  value=\"Administracio\u0301n\">Administracio\u0301n<\/option><option  value=\"Comunicaci\u00f3n y marketing\">Comunicaci\u00f3n y marketing<\/option><option  value=\"Servicio te\u0301cnico\">Servicio te\u0301cnico<\/option><option  value=\"Vacantes actuales\">Vacantes actuales<\/option>\t<\/select>\n\t\r\n    \r\n    \r\n<\/div>\n<div id=\"frm_field_88_container\" class=\"frm_form_field form-field  frm_required_field frm_top_container frm_full\">\r\n    <label for=\"field_jc10j\" class=\"frm_primary_label\">Curr\u00edculum Vitae\r\n        <span class=\"frm_required\">*<\/span>\r\n    <\/label>\r\n    <input type=\"hidden\"  data-reqmsg=\"Este campo no puede estar en blanco.\" data-invmsg=\"Carga de Archivo no es v\u00e1lido\" class=\"auto_width\" aria-invalid=\"false\"   name=\"item_meta[88]\"  data-reqmsg=\"Este campo no puede estar en blanco.\"  value=\"\" data-frmfile=\"88\" \/>\n\n<div class=\"frm_dropzone frm_single_upload frm_clearfix\" id=\"file88_dropzone\" role=\"group\" >\n\t<div class=\"fallback\">\n\t\t<input type=\"file\" name=\"file88\" id=\"field_jc10j\"\n\t\t\t data-reqmsg=\"Este campo no puede estar en blanco.\" data-invmsg=\"Carga de Archivo no es v\u00e1lido\" class=\"auto_width\" aria-invalid=\"false\"  \t\t\t\/>\n\t\t\t\t<div class=\"frm_clearfix \"><\/div>\n\t<\/div>\n\t<div class=\"dz-message needsclick\">\n\t\t\t\t<svg  viewBox=\"0 0 18 18\" class=\"frmsvg frm-svg-icon\">\n\t<path viewBox=\"0 0 18 18\" fill-rule=\"evenodd\" clip-rule=\"evenodd\" d=\"M8.2 4v8a.8.8 0 001.5 0V4l2.1 2.2A.7.7 0 1013 5L9.5 1.7a.7.7 0 00-1.1 0L5.1 5.2a.8.8 0 001 1l2.1-2zm7.6 4.3c.4 0 .7.3.7.7v6.8c0 .4-.3.7-.8.7H2.3a.8.8 0 01-.8-.8V9A.8.8 0 013 9v6h12V9c0-.4.3-.8.8-.8z\"><\/path>\n<\/svg>\t\t<span class=\"frm_upload_text\"><button type=\"button\" aria-label=\"Curr\u00edculum Vitae. Arrastra un archivo aqu\u00ed o haz clic para cargar. Tama\u00f1o m\u00e1ximo del archivo: 8MB\">Arrastra un archivo aqu\u00ed o haz clic para cargar<\/button><\/span>\n\t\t<span class=\"frm_compact_text\"><button type=\"button\" aria-label=\"Curr\u00edculum Vitae. Seleccionar Archivo. Tama\u00f1o m\u00e1ximo del archivo: 8MB\">Seleccionar Archivo<\/button><\/span>\n\t\t<div class=\"frm_small_text\">\n\t\t\t<p>Tama\u00f1o m\u00e1ximo del archivo: 8MB<\/p>\n\t\t<\/div>\n\t<\/div>\n<\/div>\n\t\r\n    \r\n    \r\n<\/div>\n<div id=\"frm_field_90_container\" class=\"frm_form_field form-field  frm_required_field frm_none_container frm_full vertical_radio\">\r\n    <label for=\"field_96d3l\" class=\"frm_primary_label\">Privacidad\r\n        <span class=\"frm_required\">*<\/span>\r\n    <\/label>\r\n    <div class=\"frm_opt_container\">\t\t<div class=\"frm_checkbox\" id=\"frm_checkbox_90-0\">\t\t\t<label  for=\"field_96d3l-0\">\n\t\t\t<input type=\"checkbox\" name=\"item_meta[90][]\" id=\"field_96d3l-0\" value=\"Confirmo que mis datos son correctos y acepto la pol\u00edtica de &lt;a href=&quot;\/politica-de-privacidad\/&quot; target=&quot;_blank&quot; rel=&quot;noopener&quot;&gt;protecci\u00f3n de datos&lt;\/a&gt; de In\u00e8dit Software S.L.\"  data-reqmsg=\"Este campo no puede estar en blanco.\" data-invmsg=\"Privacidad no es v\u00e1lido\"   aria-required=\"true\"  \/> Confirmo que mis datos son correctos y acepto la pol\u00edtica de <a href=\"\/politica-de-privacidad\/\" target=\"_blank\" rel=\"noopener\">protecci\u00f3n de datos<\/a> de In\u00e8dit Software S.L.<\/label><\/div>\n<\/div>\r\n    \r\n    \r\n<\/div>\n<div id=\"frm_field_340_container\" class=\"frm_form_field form-field \">\n\t<div class=\"frm_submit\">\r\n\r\n<button class=\"frm_button_submit frm_final_submit\" type=\"submit\"   formnovalidate=\"formnovalidate\">Enviar<\/button>\r\n\r\n<\/div>\n<\/div>\n\t<input type=\"hidden\" name=\"item_key\" value=\"\" \/>\n\t\t\t<div id=\"frm_field_341_container\">\n\t\t\t<label for=\"field_1itaq\" >\n\t\t\t\tSi eres humano, deja este campo en blanco.\t\t\t<\/label>\n\t\t\t<input  id=\"field_1itaq\" type=\"text\" class=\"frm_form_field form-field frm_verify\" name=\"item_meta[341]\" value=\"\"  \/>\n\t\t<\/div>\n\t\t<input name=\"frm_state\" type=\"hidden\" value=\"GGYTCTsKYGzz0e1RT9Ch9QN3YSYV6fiHhr0Vp1wgGBgNIbQ\/5F5JhFy1\/rHF4hGA\" \/><\/div>\n<\/fieldset>\n<\/div>\n\n<\/form>\n<\/div>\n[\/vc_column_text][\/vc_column][vc_column width=\u00bb1\/6&#8243;][\/vc_column][\/vc_row]<\/p>\n<\/div>","protected":false},"excerpt":{"rendered":"<p>[vc_row full_width=\u00bbstretch_row\u00bb el_class=\u00bbtitle-page over-map\u00bb][vc_column][\/vc_column][\/vc_row][vc_row full_width=\u00bbstretch_row\u00bb css=\u00bb.vc_custom_1528971261536{padding-top: 60px !important;padding-bottom: 30px !important;background-color: #ededec !important;}\u00bb][vc_column][vc_custom_heading text=\u00bb\u00bfQuieres formar parte de una empresa din\u00e1mica y l\u00edder en su sector?\u00bb font_container=\u00bbtag:h3|text_align:left|color:%23636569&#8243; use_theme_fonts=\u00bbyes\u00bb][vc_column_text el_class=\u00bbtext-standard\u00bb css=\u00bb.vc_custom_1528971116762{margin-bottom: 60px !important;}\u00bb]Estamos en continuo crecimiento y regularmente buscamos personas inteligentes y creativas que quieran unirse a nuestro equipo. Nuestros empleados disfrutan de la estabilidad de un proyecto [&hellip;]<\/p>\n","protected":false},"author":1,"featured_media":0,"parent":29,"menu_order":0,"comment_status":"closed","ping_status":"closed","template":"","meta":{"_acf_changed":false,"_monsterinsights_skip_tracking":false,"_monsterinsights_sitenote_active":false,"_monsterinsights_sitenote_note":"","_monsterinsights_sitenote_category":0,"footnotes":""},"class_list":["post-531","page","type-page","status-publish","hentry"],"acf":[],"_links":{"self":[{"href":"https:\/\/www.inedit.com\/es\/wp-json\/wp\/v2\/pages\/531","targetHints":{"allow":["GET"]}}],"collection":[{"href":"https:\/\/www.inedit.com\/es\/wp-json\/wp\/v2\/pages"}],"about":[{"href":"https:\/\/www.inedit.com\/es\/wp-json\/wp\/v2\/types\/page"}],"author":[{"embeddable":true,"href":"https:\/\/www.inedit.com\/es\/wp-json\/wp\/v2\/users\/1"}],"replies":[{"embeddable":true,"href":"https:\/\/www.inedit.com\/es\/wp-json\/wp\/v2\/comments?post=531"}],"version-history":[{"count":4,"href":"https:\/\/www.inedit.com\/es\/wp-json\/wp\/v2\/pages\/531\/revisions"}],"predecessor-version":[{"id":15303,"href":"https:\/\/www.inedit.com\/es\/wp-json\/wp\/v2\/pages\/531\/revisions\/15303"}],"up":[{"embeddable":true,"href":"https:\/\/www.inedit.com\/es\/wp-json\/wp\/v2\/pages\/29"}],"wp:attachment":[{"href":"https:\/\/www.inedit.com\/es\/wp-json\/wp\/v2\/media?parent=531"}],"curies":[{"name":"wp","href":"https:\/\/api.w.org\/{rel}","templated":true}]}}