{"id":720,"date":"2018-04-27T15:20:34","date_gmt":"2018-04-27T15:20:34","guid":{"rendered":"https:\/\/mmktpro.com\/inedit\/?page_id=720"},"modified":"2022-02-22T12:11:23","modified_gmt":"2022-02-22T12:11:23","slug":"politica-de-privacidad","status":"publish","type":"page","link":"https:\/\/www.inedit.com\/es\/politica-de-privacidad\/","title":{"rendered":"Privacidad y protecci\u00f3n de datos"},"content":{"rendered":"<div class=\"wpb-content-wrapper\"><p>[vc_row full_width=\u00bbstretch_row\u00bb el_class=\u00bbtitle-page over-map\u00bb][vc_column]<div class=\"porto-u-heading  wpb_custom_95aa9a11c17ad45cfabaf210d84ee7cc porto-u-ad87e2eaf3f9c495180fe0156ddf3eb0 \"><div class=\"porto-u-main-heading\"><h2  >Privacidad y protecci\u00f3n de datos<\/h2><\/div><style>.porto-u-ad87e2eaf3f9c495180fe0156ddf3eb0.porto-u-heading{text-align:left}<\/style><\/div>[\/vc_column][\/vc_row][vc_row][vc_column][vc_column_text]<\/p>\n<p class=\"p1\"><b>Datos<\/b><b> <\/b><b>del<\/b><b> <\/b><b>propietario<\/b><b> <\/b><b>de<\/b><b> <\/b><b>la<\/b><b> <\/b><b>web:<\/b><\/p>\n<table class=\"t1\" cellspacing=\"0\" cellpadding=\"0\">\n<tbody>\n<tr>\n<td class=\"td1\" valign=\"top\">\n<p class=\"p2\"><b>RAZ\u00d3N<\/b><b> <\/b><b>SOCIAL<\/b><\/p>\n<\/td>\n<td class=\"td2\" valign=\"top\">\n<p class=\"p3\">INEDIT SOFTWARE SL<\/p>\n<\/td>\n<\/tr>\n<tr>\n<td class=\"td3\" valign=\"top\">\n<p class=\"p4\"><b>NIF<\/b><\/p>\n<\/td>\n<td class=\"td4\" valign=\"top\">\n<p class=\"p5\">B60167244<\/p>\n<\/td>\n<\/tr>\n<tr>\n<td class=\"td3\" valign=\"top\">\n<p class=\"p6\"><b>DIRECCI\u00d3N<\/b><\/p>\n<p class=\"p7\"><b>POSTAL<\/b><\/p>\n<\/td>\n<td class=\"td4\" valign=\"top\">\n<p class=\"p5\">C\/ DEL ROCA 6 08394, SANT VICEN\u00c7 DE MONTALT (BARCELONA)<\/p>\n<\/td>\n<\/tr>\n<tr>\n<td class=\"td3\" valign=\"top\">\n<p class=\"p6\"><b>DIRECCI\u00d3N<\/b><\/p>\n<p class=\"p7\"><b>ELECTR\u00d3NICA<\/b><\/p>\n<\/td>\n<td class=\"td4\" valign=\"top\">\n<p class=\"p8\"><a href=\"mailto:info@inedit.com\">info@inedit.com<\/a><\/p>\n<\/td>\n<\/tr>\n<tr>\n<td class=\"td3\" valign=\"top\">\n<p class=\"p4\"><b>TEL\u00c9FONOS<\/b><\/p>\n<\/td>\n<td class=\"td4\" valign=\"top\">\n<p class=\"p9\">937912821<\/p>\n<\/td>\n<\/tr>\n<tr>\n<td class=\"td3\" valign=\"top\">\n<p class=\"p10\"><b>REGISTRO<\/b><\/p>\n<p class=\"p11\"><b>MERCANTIL<\/b><\/p>\n<\/td>\n<td class=\"td4\" valign=\"top\">\n<p class=\"p9\">tomo 24310, folio 145, hoja B67545 e inscripci\u00f3n 1\u00aa<\/p>\n<\/td>\n<\/tr>\n<tr>\n<td class=\"td3\" valign=\"top\">\n<p class=\"p6\"><b>OBJETO<\/b><\/p>\n<p class=\"p7\"><b>PRINCIPAL<\/b><\/p>\n<\/td>\n<td class=\"td4\" valign=\"top\">\n<p class=\"p12\">Venta de software de impresi\u00f3n y dise\u00f1o textil<\/p>\n<\/td>\n<\/tr>\n<\/tbody>\n<\/table>\n<p class=\"p14\"><b>Protecci\u00f3n de<\/b><b> <\/b><b>datos<\/b><\/p>\n<p class=\"p15\">De conformidad con la normativa vigente y aplicable en protecci\u00f3n de datos de car\u00e1cter personal, le informamos que sus datos ser\u00e1n incorporados al sistema de tratamiento titularidad de INEDIT SOFTWARE SL con NIF B60167244 y domicilio social sito en C\/ DEL ROCA 6 08394, SANT VICEN\u00c7 DE MONTALT (BARCELONA), y que a continuaci\u00f3n se relacionan sus respectivas finalidades, plazos de conservaci\u00f3n y bases legitimadoras. Para aquellos tratamientos que lo requieran, se informa tambi\u00e9n de la posible elaboraci\u00f3n de perfiles y decisiones automatizadas, as\u00ed como las posibles cesiones y las transferencias internacionales que INEDIT SOFTWARE SL tiene previsto realizar:<\/p>\n<table class=\"t1\" cellspacing=\"0\" cellpadding=\"0\">\n<tbody>\n<tr>\n<td class=\"td5\" valign=\"top\">\n<p class=\"p17\"><b>TRATAMIENTOS<\/b><b> <\/b><b>REALIZADOS<\/b><\/p>\n<\/td>\n<\/tr>\n<tr>\n<td class=\"td5\" valign=\"top\">\n<p class=\"p18\"><b>Gesti\u00f3n de la<\/b><b> <\/b><b>p\u00e1gina<\/b><b> <\/b><b>web<\/b><\/p>\n<\/td>\n<td class=\"td4\" valign=\"top\">\n<p class=\"p20\"><b>Finalidad<\/b>: Tratamiento y gesti\u00f3n de los datos necesarios para la funcionalidad de la p\u00e1gina web<\/p>\n<p class=\"p21\"><b>Plazo<\/b><b> <\/b><b>de conservaci\u00f3n<\/b>: mientras perdure el consentimiento prestado<\/p>\n<p class=\"p20\"><b>Base leg\u00edtima<\/b>: El consentimiento del interesado <b>Tipolog\u00eda de Datos<\/b>: Datos meramente identificativos <b>Cesiones<\/b>: No se prev\u00e9n<\/p>\n<p class=\"p22\"><b>Transferencias<\/b><b> <\/b><b>internacionales<\/b>: No se prev\u00e9n<\/p>\n<p class=\"p20\"><b>Elaboraciones<\/b><b> <\/b><b>de perfiles<\/b>: No se prev\u00e9n<\/p>\n<\/td>\n<\/tr>\n<tr>\n<td class=\"td6\" valign=\"top\">\n<p class=\"p23\"><b>Formulario<\/b><b> <\/b><b>web<\/b><\/p>\n<\/td>\n<td class=\"td7\" valign=\"top\">\n<p class=\"p25\"><b>Finalidad<\/b>: Atender sus consultas y\/o solicitudes<\/p>\n<p class=\"p22\"><b>Plazo<\/b><b> <\/b><b>de conservaci\u00f3n<\/b>: mientras se mantenga el consentimiento prestado.<\/p>\n<p class=\"p26\"><b>Base leg\u00edtima<\/b>: El consentimiento del interesado <b>Tipolog\u00eda<\/b><b> <\/b><b>de<\/b><b> <\/b><b>Datos:<\/b><b> <\/b>Datos meramente identificativos <b>Cesiones<\/b>: Ninguna<\/p>\n<p class=\"p27\"><b>Transferencias<\/b><b> <\/b><b>internacionales<\/b>: No se prev\u00e9n<\/p>\n<p class=\"p26\"><b>Elaboraciones<\/b><b> <\/b><b>de perfiles<\/b>: No se prev\u00e9n<\/p>\n<\/td>\n<\/tr>\n<\/tbody>\n<\/table>\n<table class=\"t1\" cellspacing=\"0\" cellpadding=\"0\">\n<tbody>\n<tr>\n<td class=\"td1\" valign=\"top\">\n<p class=\"p3\"><b>Gesti\u00f3n del<\/b><b> <\/b><b>cumplimiento<\/b><b> <\/b><b>normativo.\u00a0 \u00a0 \u00a0 \u00a0 \u00a0 \u00a0 \u00a0 \u00a0 \u00a0 \u00a0 \u00a0 \u00a0 \u00a0 \u00a0 \u00a0 \u00a0 \u00a0 \u00a0\u00a0<\/b><\/p>\n<\/td>\n<td class=\"td1\" valign=\"top\">\n<p class=\"p5\"><b>Finalidad<\/b>: Gesti\u00f3n y tramitaci\u00f3n de las obligaciones y deberes que se deriven del cumplimiento de la normativa a la cual est\u00e1 sujeta la entidad<\/p>\n<p class=\"p6\"><b>Plazo<\/b><b> <\/b><b>de<\/b><b> <\/b><b>conservaci\u00f3n<\/b>: conservaci\u00f3n de las copias de los documentos hasta que prescriban las acciones para reclamarle una posible responsabilidad<\/p>\n<p class=\"p7\"><b>Base<\/b><b> <\/b><b>leg\u00edtima<\/b>: El cumplimiento de una ley<\/p>\n<p class=\"p8\"><b>Tipolog\u00eda<\/b><b> <\/b><b>de<\/b><b> <\/b><b>Datos: <\/b>Datos meramente identificativos<\/p>\n<p class=\"p9\"><b>Cesiones<\/b>: sus datos ser\u00e1n comunicados en caso de ser necesario a Organismos y\/o administraci\u00f3n p\u00fablica con competencia en la materia con la finalidad de cumplir con las obligaciones establecidas en la normativa aplicable. Adem\u00e1s, se informa que la base legitimadora de la cesi\u00f3n es cumplir con las obligaciones establecidas en la normativa aplicable<\/p>\n<p class=\"p9\"><b>Transferencias<\/b><b> <\/b><b>internacionales<\/b>: No se prev\u00e9n<\/p>\n<p class=\"p9\"><b>Elaboraciones<\/b><b> <\/b><b>de perfiles<\/b>: No se prev\u00e9n<\/p>\n<\/td>\n<\/tr>\n<tr>\n<td class=\"td1\" valign=\"top\">\n<p class=\"p10\"><b>Newsletters<\/b><\/p>\n<\/td>\n<td class=\"td1\" valign=\"top\">\n<p class=\"p12\"><b>Finalidad<\/b>: Captaci\u00f3n, registro y tratamiento de datos con finalidades de marketing para realizar el env\u00edo correspondiente a la Newsletter a la cual se ha subscrito<\/p>\n<p class=\"p13\"><b>Plazo<\/b><b> <\/b><b>de conservaci\u00f3n<\/b>: mientras se mantenga el consentimiento prestado<\/p>\n<p class=\"p14\"><b>Base leg\u00edtima<\/b>: El consentimiento del interesado <b>Tipolog\u00eda de Datos: <\/b>Datos meramente identificativos <b>Cesiones<\/b>: Ninguna<\/p>\n<p class=\"p15\"><b>Transferencias<\/b><b> <\/b><b>internacionales<\/b>: No se prev\u00e9n<\/p>\n<p class=\"p15\"><b>Elaboraciones<\/b><b> <\/b><b>de perfiles<\/b>: No se prev\u00e9n<\/p>\n<\/td>\n<\/tr>\n<tr>\n<td class=\"td1\" valign=\"top\">\n<p class=\"p16\"><b>Acciones<\/b><b> <\/b><b>Comerciales<\/b><\/p>\n<\/td>\n<td class=\"td1\" valign=\"top\">\n<p class=\"p14\"><b>Finalidad<\/b>: Captaci\u00f3n, registro y tratamiento de datos con finalidades de publicidad y prospecci\u00f3n comercial de nuestros productos y\/o servicios<\/p>\n<p class=\"p18\"><b>Plazo<\/b><b> <\/b><b>de conservaci\u00f3n<\/b>: mientras se mantenga el consentimiento prestado<\/p>\n<p class=\"p14\"><b>Base leg\u00edtima<\/b>: El consentimiento del interesado <b>Tipolog\u00eda de Datos: <\/b>Datos meramente identificativos <b>Cesiones<\/b>: Ninguna<\/p>\n<p class=\"p15\"><b>Transferencias<\/b><b> <\/b><b>internacionales<\/b>: No se prev\u00e9n<\/p>\n<p class=\"p15\"><b>Elaboraciones<\/b><b> <\/b><b>de perfiles<\/b>: No se prev\u00e9n<\/p>\n<\/td>\n<\/tr>\n<tr>\n<td class=\"td1\" valign=\"top\">\n<p class=\"p19\"><span class=\"s2\"><b>Gesti\u00f3n <\/b><\/span><b>Bolsa<\/b><b> <\/b><b>de<\/b><b> <\/b><b>empleo<\/b><\/p>\n<\/td>\n<td class=\"td1\" valign=\"top\">\n<p class=\"p9\"><b>Finalidad<\/b>: Registro y tratamiento de datos de candidatos para finalidades de selecci\u00f3n de personal referentes a puestos de trabajo vacantes de las entidades colaboradoras y gesti\u00f3n de la bolsa de empleo<\/p>\n<p class=\"p13\"><b>Plazo<\/b><b> <\/b><b>de conservaci\u00f3n<\/b>: mientras se mantenga el consentimiento prestado<\/p>\n<p class=\"p15\"><b>Base<\/b><b> <\/b><b>leg\u00edtima<\/b>: El consentimiento del interesado<\/p>\n<p class=\"p13\"><b>Tipolog\u00eda<\/b><b> <\/b><b>de<\/b><b> <\/b><b>Datos: <\/b>Datos meramente identificativos<\/p>\n<p class=\"p9\"><b>Cesiones<\/b>: sus datos ser\u00e1n comunicados en caso de ser necesario a Entidades Colaboradoras con la finalidad de gestionar la bolsa de empleo y trasladar la candidatura a la empresa colaboradora. Adem\u00e1s, se informa que la base legitimadora de la cesi\u00f3n es su consentimiento<\/p>\n<p class=\"p9\"><b>Transferencias<\/b><b> <\/b><b>internacionales<\/b>: No se prev\u00e9n<\/p>\n<p class=\"p9\"><b>Elaboraciones<\/b><b> <\/b><b>de perfiles<\/b>: No se prev\u00e9n<\/p>\n<\/td>\n<\/tr>\n<\/tbody>\n<\/table>\n<p class=\"p2\"><b>Derechos<\/b><b> <\/b><b>de<\/b><b> <\/b><b>los<\/b><b> <\/b><b>interesados<\/b><\/p>\n<p class=\"p4\">INEDIT SOFTWARE SL informa a los Usuarios que, podr\u00e1 ejercer los derechos de acceso, rectificaci\u00f3n, limitaci\u00f3n, supresi\u00f3n, portabilidad y oposici\u00f3n al tratamiento de sus datos de car\u00e1cter personal ante el<\/p>\n<p class=\"p4\">Responsable del Tratamiento, as\u00ed como a la retirada del consentimiento prestado.<\/p>\n<ul class=\"ul1\">\n<li class=\"li1\"><span class=\"s1\"><b>Derecho<\/b><\/span><b> <\/b><span class=\"s1\"><b>de<\/b><\/span><b> <\/b><span class=\"s1\"><b>Acceso<\/b><\/span>: Es el derecho del usuario a obtener informaci\u00f3n sobre sus datos concretos de car\u00e1cter personal y del tratamiento que se haya realizado o realice, as\u00ed como de la informaci\u00f3n disponible sobre el origen de dichos datos y las comunicaciones realizadas o previstas de los mismos.<\/li>\n<li class=\"li2\"><span class=\"s1\"><b>Derecho<\/b><\/span><b> <\/b><span class=\"s1\"><b>de<\/b><\/span><b> <\/b><span class=\"s1\"><b>Rectificaci\u00f3n<\/b><\/span>: Es el derecho del afectado a que se modifiquen los datos que resulten ser inexactos o incompletos. S\u00f3lo podr\u00e1 satisfacerse en relaci\u00f3n a aquella informaci\u00f3n que se encuentre bajo el control de INEDIT SOFTWARE SL, por ejemplo, eliminar comentarios publicados en la propia p\u00e1gina, im\u00e1genes o contenidos web donde consten datos de car\u00e1cter personal del usuario.<\/li>\n<li class=\"li2\"><span class=\"s1\"><b>Derecho<\/b><\/span><b> <\/b><span class=\"s1\"><b>a<\/b><\/span><b> <\/b><span class=\"s1\"><b>la<\/b><\/span><b> <\/b><span class=\"s1\"><b>Limitaci\u00f3n<\/b><\/span><b> <\/b><span class=\"s1\"><b>de<\/b><\/span><b> <\/b><span class=\"s1\"><b>tratamiento<\/b><\/span>: Es el derecho a que se limiten los fines del tratamiento previstos de forma original por el responsable del tratamiento.<\/li>\n<li class=\"li3\"><span class=\"s1\"><b>Derecho<\/b><\/span><b> <\/b><span class=\"s1\"><b>de<\/b><\/span><b> <\/b><span class=\"s1\"><b>Supresi\u00f3n<\/b><\/span>: Es el derecho a suprimir los datos de car\u00e1cter personal del usuario, a excepci\u00f3n de lo previsto en el propio RGPD o en otras normativas aplicables que determinen la obligatoriedad de la conservaci\u00f3n de los mismos, en tiempo y forma.<\/li>\n<li class=\"li2\"><span class=\"s1\"><b>Derecho<\/b><\/span><b> <\/b><span class=\"s1\"><b>de<\/b><\/span><b> <\/b><span class=\"s1\"><b>portabilidad<\/b><\/span>: El derecho a recibir los datos personales que el usuario, haya facilitado, en un formato estructurado, de uso com\u00fan y lectura mec\u00e1nica, y a transmitirlos a otro responsable.<\/li>\n<li class=\"li3\"><span class=\"s1\"><b>Derecho<\/b><\/span><b> <\/b><span class=\"s1\"><b>de<\/b><\/span><b> <\/b><span class=\"s1\"><b>Oposici\u00f3n<\/b><\/span>: Es el derecho del usuario a que no se lleve a cabo el tratamiento de sus datos de car\u00e1cter personal o se cese el tratamiento de los mismos por parte de INEDIT SOFTWARE SL.<\/li>\n<\/ul>\n<p class=\"p5\">Para poder ejercer cualquiera de los derechos descritos anteriormente deber\u00e1 cumplir con los siguientes requisitos:<\/p>\n<ul class=\"ul1\">\n<li class=\"li7\">Presentaci\u00f3n de un escrito a la direcci\u00f3n C\/ DEL ROCA 6 08394, SANT VICEN\u00c7 DE MONTALT (BARCELONA) (a la atenci\u00f3n de INEDIT SOFTWARE SL) o bien a trav\u00e9s de correo electr\u00f3nico a <a href=\"mailto:info@inedit.com\"><span class=\"s30\">info@inedit.com<\/span>.<\/a><\/li>\n<li class=\"li8\">El escrito remitido por el titular de los datos que solicite el ejercicio deber\u00e1 de cumplir los siguientes requisitos legales:\n<ul class=\"ul1\">\n<li class=\"li9\">Nombre, apellidos del interesado y copia del DNI\/NIE o cualquier documento identificativo. En los excepcionales casos en que se admita la representaci\u00f3n, ser\u00e1 tambi\u00e9n necesaria la identificaci\u00f3n por el mismo medio de la persona que le representa, as\u00ed como el documento acreditativo de la representaci\u00f3n. La fotocopia del DNI podr\u00e1 ser sustituida siempre que se acredite la identidad por cualquier otro medio v\u00e1lido en derecho.<\/li>\n<li class=\"li10\">Petici\u00f3n en que se concreta la solicitud. (Ejercicio en el que se solicita la informaci\u00f3n a la que se quiere acceder). Si no hace referencia a un fichero concreto se le facilitar\u00e1 toda la informaci\u00f3n que se tenga con sus datos de car\u00e1cter personal. Si solicita informaci\u00f3n de un fichero en concreto, s\u00f3lo la informaci\u00f3n de este fichero. Si solicita informaci\u00f3n relativa a un tercero nunca se podr\u00e1 facilitar. Si lo solicita por tel\u00e9fono se le indicar\u00e1 que lo haga por escrito y se le informar\u00e1 de c\u00f3mo lo puede hacer y la direcci\u00f3n a la que tiene que enviarlo. Nunca se le dar\u00e1 informaci\u00f3n por tel\u00e9fono.<\/li>\n<li class=\"li11\">Domicilio a efectos de notificaciones.<\/li>\n<li class=\"li12\">Fecha y firma del solicitante.<\/li>\n<li class=\"li13\">Documentos acreditativos de la petici\u00f3n que formula.<\/li>\n<li class=\"li13\">El interesado debe utilizar cualquier medio que permita acreditar el env\u00edo y la recepci\u00f3n de la solicitud.<\/li>\n<\/ul>\n<\/li>\n<\/ul>\n<p class=\"p5\">Por \u00faltimo, le informamos que Usted tiene derecho a presentar una reclamaci\u00f3n ante la Agencia Espa\u00f1ola de Protecci\u00f3n de Datos en caso de que tenga conocimiento o considere que un hecho pueda suponer un incumplimiento de la normativa aplicable en materia de protecci\u00f3n de datos.<\/p>\n<p class=\"p5\">INEDIT SOFTWARE SL se compromete a adoptar las medidas t\u00e9cnicas y organizativas necesarias, acorde al nivel de riesgos que acompa\u00f1an los tratamientos realizados por \u00e9stas e indicados en el apartado de los t\u00e9rminos<\/p>\n<p class=\"p16\">de uso, de forma que garanticen su integridad, confidencialidad y disponibilidad.<\/p>\n<p>[\/vc_column_text][\/vc_column][\/vc_row]<\/p>\n<\/div>","protected":false},"excerpt":{"rendered":"<p>[vc_row full_width=\u00bbstretch_row\u00bb el_class=\u00bbtitle-page over-map\u00bb][vc_column][\/vc_column][\/vc_row][vc_row][vc_column][vc_column_text] Datos del propietario de la web: RAZ\u00d3N SOCIAL INEDIT SOFTWARE SL NIF B60167244 DIRECCI\u00d3N POSTAL C\/ DEL ROCA 6 08394, SANT VICEN\u00c7 DE MONTALT (BARCELONA) DIRECCI\u00d3N ELECTR\u00d3NICA info@inedit.com TEL\u00c9FONOS 937912821 REGISTRO MERCANTIL tomo 24310, folio 145, hoja B67545 e inscripci\u00f3n 1\u00aa OBJETO PRINCIPAL Venta de software de impresi\u00f3n y dise\u00f1o textil [&hellip;]<\/p>\n","protected":false},"author":1,"featured_media":0,"parent":0,"menu_order":0,"comment_status":"closed","ping_status":"closed","template":"","meta":{"_acf_changed":false,"_monsterinsights_skip_tracking":false,"_monsterinsights_sitenote_active":false,"_monsterinsights_sitenote_note":"","_monsterinsights_sitenote_category":0,"footnotes":""},"class_list":["post-720","page","type-page","status-publish","hentry"],"acf":[],"_links":{"self":[{"href":"https:\/\/www.inedit.com\/es\/wp-json\/wp\/v2\/pages\/720","targetHints":{"allow":["GET"]}}],"collection":[{"href":"https:\/\/www.inedit.com\/es\/wp-json\/wp\/v2\/pages"}],"about":[{"href":"https:\/\/www.inedit.com\/es\/wp-json\/wp\/v2\/types\/page"}],"author":[{"embeddable":true,"href":"https:\/\/www.inedit.com\/es\/wp-json\/wp\/v2\/users\/1"}],"replies":[{"embeddable":true,"href":"https:\/\/www.inedit.com\/es\/wp-json\/wp\/v2\/comments?post=720"}],"version-history":[{"count":14,"href":"https:\/\/www.inedit.com\/es\/wp-json\/wp\/v2\/pages\/720\/revisions"}],"predecessor-version":[{"id":15484,"href":"https:\/\/www.inedit.com\/es\/wp-json\/wp\/v2\/pages\/720\/revisions\/15484"}],"wp:attachment":[{"href":"https:\/\/www.inedit.com\/es\/wp-json\/wp\/v2\/media?parent=720"}],"curies":[{"name":"wp","href":"https:\/\/api.w.org\/{rel}","templated":true}]}}