{"id":792,"date":"2018-05-09T12:17:01","date_gmt":"2018-05-09T12:17:01","guid":{"rendered":"https:\/\/mmktpro.com\/inedit\/?page_id=792"},"modified":"2025-05-05T08:19:34","modified_gmt":"2025-05-05T08:19:34","slug":"registrarme","status":"publish","type":"page","link":"https:\/\/www.inedit.com\/es\/registrarme\/","title":{"rendered":"Registrarme"},"content":{"rendered":"<div class=\"wpb-content-wrapper\"><p>[vc_row equal_height=\u00bbyes\u00bb content_placement=\u00bbmiddle\u00bb css=\u00bb.vc_custom_1746433171877{padding-top: 80px !important;padding-bottom: 80px !important;}\u00bb conditional_render=\u00bb%5B%7B%22value_role%22%3A%22administrator%22%7D%5D\u00bb css_params=\u00bb\u00bb][vc_column width=\u00bb1\/2&#8243;]<div class=\"porto-u-heading  wpb_custom_95aa9a11c17ad45cfabaf210d84ee7cc porto-u-ad87e2eaf3f9c495180fe0156ddf3eb0 \"><div class=\"porto-u-main-heading\"><h2  >\u00bfNo est\u00e1s registrado?<\/h2><\/div><style>.porto-u-ad87e2eaf3f9c495180fe0156ddf3eb0.porto-u-heading{text-align:left}<\/style><\/div>[vc_column_text]Reg\u00edstrate ahora y accede a\u00a0nuestra zona privada de descargas[\/vc_column_text][\/vc_column][vc_column width=\u00bb1\/2&#8243;]<div class=\"pc_aligned_form pc_falign_left\"><form id=\"pc_rf_69d574fc30f6c\" class=\"pvtcont_form pc_registration_form pc_one_col_form \" data-pc_cc=\"10\"  data-form-pag=\"1\" data-form-id=\"==QOxIzN2kzMwQTN\" novalidate><fieldset class=\"pc_form_flist pc_f_pag_1  \">                    <section class=\"pc_form_field pc_text_ftype pc_f_username\" data-fname=\"username\">                        <label for=\"69d574fc30fa6_username\">Usuario <sup class=\"pc_req_field\">&#10033;<\/sup><\/label>                        <div class=\"pc_field_container\">                                                        <input type=\"text\" name=\"username\" value=\"\" maxlength=\"150\" required=\"required\"  id=\"69d574fc30fa6_username\" autocomplete=\"off\"  \/>                                                    <\/div>                    <\/section>                    <section class=\"pc_form_field pc_text_ftype pc_f_email pc_email_subtype\" data-fname=\"email\">                        <label for=\"69d574fc30fa6_email\">Email <sup class=\"pc_req_field\">&#10033;<\/sup><\/label>                        <div class=\"pc_field_container\">                                                        <input type=\"email\" name=\"email\" value=\"\" maxlength=\"255\" required=\"required\"  id=\"69d574fc30fa6_email\" autocomplete=\"off\"  \/>                                                    <\/div>                    <\/section>                    <section class=\"pc_form_field pc_password_ftype pc_f_psw\" data-fname=\"psw\">                        <label for=\"69d574fc30fa6_psw\">                            Contrase\u00f1a <sup class=\"pc_req_field\">&#10033;<\/sup>                        <\/label>                        <div class=\"pc_field_container\">                                                        <input type=\"password\" name=\"psw\"  value=\"\" minlength=\"4\" maxlength=\"50\" autocapitalize=\"off\" autocomplete=\"new-password\" autocorrect=\"off\" required=\"required\" id=\"69d574fc30fa6_psw\" \/>                                                    <\/div>                    <\/section>                        <section class=\"pc_form_field pc_password_ftype pc_f_psw pc_psw_confirm \" data-fname=\"psw\">                            <label for=\"69d574fc30fa6_psw_repeat\">Repetir contrase\u00f1a  <sup class=\"pc_req_field\">&#10033;<\/sup><\/label>                            <div class=\"pc_field_container\">                                                                <input type=\"password\" name=\"check_psw\" value=\"\" minlength=\"4\" maxlength=\"50\" autocapitalize=\"off\" autocomplete=\"new-password\" autocorrect=\"off\" required=\"required\" id=\"69d574fc30fa6_psw_repeat\" placeholder=\"\" \/>                            <\/div>                        <\/section>                    <section class=\"pc_form_field pc_text_ftype pc_f_name\" data-fname=\"name\">                        <label for=\"69d574fc30fa6_name\">Nombre <sup class=\"pc_req_field\">&#10033;<\/sup><\/label>                        <div class=\"pc_field_container\">                                                        <input type=\"text\" name=\"name\" value=\"\" maxlength=\"150\" required=\"required\"  id=\"69d574fc30fa6_name\" autocomplete=\"off\"  \/>                                                    <\/div>                    <\/section>                    <section class=\"pc_form_field pc_text_ftype pc_f_surname\" data-fname=\"surname\">                        <label for=\"69d574fc30fa6_surname\">Apellido <sup class=\"pc_req_field\">&#10033;<\/sup><\/label>                        <div class=\"pc_field_container\">                                                        <input type=\"text\" name=\"surname\" value=\"\" maxlength=\"150\" required=\"required\"  id=\"69d574fc30fa6_surname\" autocomplete=\"off\"  \/>                                                    <\/div>                    <\/section>                    <section class=\"pc_form_field pc_text_ftype pc_f_company\" data-fname=\"company\">                        <label for=\"69d574fc30fa6_company\">Company <sup class=\"pc_req_field\">&#10033;<\/sup><\/label>                        <div class=\"pc_field_container\">                                                        <input type=\"text\" name=\"company\" value=\"\" maxlength=\"255\" required=\"required\"  id=\"69d574fc30fa6_company\" autocomplete=\"off\"  \/>                                                    <\/div>                    <\/section>                    <section class=\"pc_form_field pc_text_ftype pc_f_cargo\" data-fname=\"cargo\">                        <label for=\"69d574fc30fa6_cargo\">Position <sup class=\"pc_req_field\">&#10033;<\/sup><\/label>                        <div class=\"pc_field_container\">                                                        <input type=\"text\" name=\"cargo\" value=\"\" maxlength=\"255\" required=\"required\"  id=\"69d574fc30fa6_cargo\" autocomplete=\"off\"  \/>                                                    <\/div>                    <\/section>                    <section class=\"pc_form_field pc_select_ftype pc_f_pais pc_singleselect\" data-fname=\"pais\">                        <label for=\"69d574fc30fa6_pais\">Country <sup class=\"pc_req_field\">&#10033;<\/sup><\/label>                        <div class=\"pc_field_container\">                                                        <select name=\"pais\"  required=\"required\" data-placeholder=\"\" id=\"69d574fc30fa6_pais\" autocomplete=\"off\"><option value=\"Choose a country\" >Choose a country<\/option><option value=\"Afghanistan\" >Afghanistan<\/option><option value=\"Albania\" >Albania<\/option><option value=\"Algeria\" >Algeria<\/option><option value=\"American Samoa\" >American Samoa<\/option><option value=\"Andorra\" >Andorra<\/option><option value=\"Angola\" >Angola<\/option><option value=\"Antarctica\" >Antarctica<\/option><option value=\"Anguilla\" >Anguilla<\/option><option value=\"Antigua and Barbuda\" >Antigua and Barbuda<\/option><option value=\"Argentina\" >Argentina<\/option><option value=\"Armenia\" >Armenia<\/option><option value=\"Aruba\" >Aruba<\/option><option value=\"Australia\" >Australia<\/option><option value=\"Austria\" >Austria<\/option><option value=\"Azerbaijan\" >Azerbaijan<\/option><option value=\"Bahamas\" >Bahamas<\/option><option value=\"Bahrain\" >Bahrain<\/option><option value=\"Bangladesh\" >Bangladesh<\/option><option value=\"Barbados\" >Barbados<\/option><option value=\"Belarus\" >Belarus<\/option><option value=\"Belgium\" >Belgium<\/option><option value=\"Belize\" >Belize<\/option><option value=\"Benin\" >Benin<\/option><option value=\"Bermuda\" >Bermuda<\/option><option value=\"Bhutan\" >Bhutan<\/option><option value=\"Bolivia\" >Bolivia<\/option><option value=\"Bosnia and Herzegovina\" >Bosnia and Herzegovina<\/option><option value=\"Botswana\" >Botswana<\/option><option value=\"Brazil\" >Brazil<\/option><option value=\"Brunei\" >Brunei<\/option><option value=\"Bulgaria\" >Bulgaria<\/option><option value=\"Burkina Faso\" >Burkina Faso<\/option><option value=\"Burundi\" >Burundi<\/option><option value=\"Cambodia\" >Cambodia<\/option><option value=\"Cameroon\" >Cameroon<\/option><option value=\"Canada\" >Canada<\/option><option value=\"Cape Verde\" >Cape Verde<\/option><option value=\"Cayman Islands\" >Cayman Islands<\/option><option value=\"Central African Republic\" >Central African Republic<\/option><option value=\"Chad\" >Chad<\/option><option value=\"Chile\" >Chile<\/option><option value=\"China\" >China<\/option><option value=\"Colombia\" >Colombia<\/option><option value=\"Comoros\" >Comoros<\/option><option value=\"Congo\" >Congo<\/option><option value=\"Costa Rica\" >Costa Rica<\/option><option value=\"Cote d&#039;Ivoire\" >Cote d&#039;Ivoire<\/option><option value=\"Croatia\" >Croatia<\/option><option value=\"Cuba\" >Cuba<\/option><option value=\"Cyprus\" >Cyprus<\/option><option value=\"Czech Republic\" >Czech Republic<\/option><option value=\"Denmark\" >Denmark<\/option><option value=\"Djibouti\" >Djibouti<\/option><option value=\"Dominica\" >Dominica<\/option><option value=\"Dominican Republic\" >Dominican Republic<\/option><option value=\"East Timor\" >East Timor<\/option><option value=\"Ecuador\" >Ecuador<\/option><option value=\"Egypt\" >Egypt<\/option><option value=\"El Salvador\" >El Salvador<\/option><option value=\"The Emirates\" >The Emirates<\/option><option value=\"Equatorial Guinea\" >Equatorial Guinea<\/option><option value=\"Eritrea\" >Eritrea<\/option><option value=\"Estonia\" >Estonia<\/option><option value=\"Ethiopia\" >Ethiopia<\/option><option value=\"Fiji\" >Fiji<\/option><option value=\"Finland\" >Finland<\/option><option value=\"France\" >France<\/option><option value=\"Guyana\" >Guyana<\/option><option value=\"French Polynesia\" >French Polynesia<\/option><option value=\"Gabon\" >Gabon<\/option><option value=\"The Gambia\" >The Gambia<\/option><option value=\"Georgia\" >Georgia<\/option><option value=\"Germany\" >Germany<\/option><option value=\"Ghana\" >Ghana<\/option><option value=\"Gibraltar\" >Gibraltar<\/option><option value=\"Greece\" >Greece<\/option><option value=\"Greenland\" >Greenland<\/option><option value=\"Grenada\" >Grenada<\/option><option value=\"Guam\" >Guam<\/option><option value=\"Guatemala\" >Guatemala<\/option><option value=\"Guinea\" >Guinea<\/option><option value=\"Guinea-Bissau\" >Guinea-Bissau<\/option><option value=\"Haiti\" >Haiti<\/option><option value=\"Honduras\" >Honduras<\/option><option value=\"Hong Kong\" >Hong Kong<\/option><option value=\"Hungary\" >Hungary<\/option><option value=\"Iceland\" >Iceland<\/option><option value=\"India\" >India<\/option><option value=\"Indonesia\" >Indonesia<\/option><option value=\"Iran\" >Iran<\/option><option value=\"Iraq\" >Iraq<\/option><option value=\"Ireland\" >Ireland<\/option><option value=\"Israel\" >Israel<\/option><option value=\"Italy\" >Italy<\/option><option value=\"Jamaica\" >Jamaica<\/option><option value=\"Japan\" >Japan<\/option><option value=\"Jordan\" >Jordan<\/option><option value=\"Kazakstan\" >Kazakstan<\/option><option value=\"Kenya\" >Kenya<\/option><option value=\"Kiribati\" >Kiribati<\/option><option value=\"North Korea\" >North Korea<\/option><option value=\"South Korea\" >South Korea<\/option><option value=\"Kuwait\" >Kuwait<\/option><option value=\"Kyrgyz Stan\" >Kyrgyz Stan<\/option><option value=\"Laos\" >Laos<\/option><option value=\"Latvia\" >Latvia<\/option><option value=\"Lebanon\" >Lebanon<\/option><option value=\"Lesotho\" >Lesotho<\/option><option value=\"Liberia\" >Liberia<\/option><option value=\"Libya\" >Libya<\/option><option value=\"Liechtenstein\" >Liechtenstein<\/option><option value=\"Lithuania\" >Lithuania<\/option><option value=\"Luxembourg\" >Luxembourg<\/option><option value=\"Macedonia\" >Macedonia<\/option><option value=\"Madagascar\" >Madagascar<\/option><option value=\"Malawi\" >Malawi<\/option><option value=\"Malaysia\" >Malaysia<\/option><option value=\"Maldives\" >Maldives<\/option><option value=\"Mali\" >Mali<\/option><option value=\"Malta\" >Malta<\/option><option value=\"Marshall Islands\" >Marshall Islands<\/option><option value=\"Mauritania\" >Mauritania<\/option><option value=\"Mexico\" >Mexico<\/option><option value=\"Micronesia\" >Micronesia<\/option><option value=\"Vltava\" >Vltava<\/option><option value=\"Monaco\" >Monaco<\/option><option value=\"Mongolia\" >Mongolia<\/option><option value=\"Montenegro\" >Montenegro<\/option><option value=\"Montserrat\" >Montserrat<\/option><option value=\"Morocco\" >Morocco<\/option><option value=\"Mozambique\" >Mozambique<\/option><option value=\"Myanmar\" >Myanmar<\/option><option value=\"Namibia\" >Namibia<\/option><option value=\"Nauru\" >Nauru<\/option><option value=\"Nepal\" >Nepal<\/option><option value=\"Holland\" >Holland<\/option><option value=\"New Zealand\" >New Zealand<\/option><option value=\"Nicaragua\" >Nicaragua<\/option><option value=\"Niger\" >Niger<\/option><option value=\"Nigeria\" >Nigeria<\/option><option value=\"Norway\" >Norway<\/option><option value=\"Northern Mariana Islands\" >Northern Mariana Islands<\/option><option value=\"Oman\" >Oman<\/option><option value=\"Pakistan\" >Pakistan<\/option><option value=\"Palau\" >Palau<\/option><option value=\"Palestine\" >Palestine<\/option><option value=\"Panama\" >Panama<\/option><option value=\"Papua New Guinea\" >Papua New Guinea<\/option><option value=\"Paraguay\" >Paraguay<\/option><option value=\"Peru\" >Peru<\/option><option value=\"Philippines\" >Philippines<\/option><option value=\"Poland\" >Poland<\/option><option value=\"Portugal\" >Portugal<\/option><option value=\"Puerto Rico\" >Puerto Rico<\/option><option value=\"Qatar\" >Qatar<\/option><option value=\"Romania\" >Romania<\/option><option value=\"Russia\" >Russia<\/option><option value=\"Rwanda\" >Rwanda<\/option><option value=\"Saint Kitts and Nevis\" >Saint Kitts and Nevis<\/option><option value=\"Saint Lucia\" >Saint Lucia<\/option><option value=\"Saint Vincent and the Grenadines\" >Saint Vincent and the Grenadines<\/option><option value=\"Samoa\" >Samoa<\/option><option value=\"San Marino\" >San Marino<\/option><option value=\"S\u00e3o Tom\u00e9 and Pr\u00edncipe\" >S\u00e3o Tom\u00e9 and Pr\u00edncipe<\/option><option value=\"Saudi Arabia\" >Saudi Arabia<\/option><option value=\"Senegal\" >Senegal<\/option><option value=\"Serbia and Montenegro\" >Serbia and Montenegro<\/option><option value=\"Seychelles\" >Seychelles<\/option><option value=\"Sierra Leone\" >Sierra Leone<\/option><option value=\"Singapore\" >Singapore<\/option><option value=\"Slovakia\" >Slovakia<\/option><option value=\"Slovenia\" >Slovenia<\/option><option value=\"Solomon Islands\" >Solomon Islands<\/option><option value=\"Somalia\" >Somalia<\/option><option value=\"South Africa\" >South Africa<\/option><option value=\"South Sudan\" >South Sudan<\/option><option value=\"Spain\" >Spain<\/option><option value=\"Sri Lanka\" >Sri Lanka<\/option><option value=\"Sudan\" >Sudan<\/option><option value=\"Suriname\" >Suriname<\/option><option value=\"Swaziland\" >Swaziland<\/option><option value=\"Sweden\" >Sweden<\/option><option value=\"Switzerland\" >Switzerland<\/option><option value=\"Syria\" >Syria<\/option><option value=\"Taiwan\" >Taiwan<\/option><option value=\"Tajikistan\" >Tajikistan<\/option><option value=\"Tanzania\" >Tanzania<\/option><option value=\"Thailand\" >Thailand<\/option><option value=\"Togo\" >Togo<\/option><option value=\"Tonga\" >Tonga<\/option><option value=\"Trinidad and Tobago\" >Trinidad and Tobago<\/option><option value=\"Tunisia\" >Tunisia<\/option><option value=\"Turkey\" >Turkey<\/option><option value=\"Turkmenistan\" >Turkmenistan<\/option><option value=\"Tuvalu\" >Tuvalu<\/option><option value=\"Uganda\" >Uganda<\/option><option value=\"Ukraine\" >Ukraine<\/option><option value=\"United Arab Emirates\" >United Arab Emirates<\/option><option value=\"United Kingdom\" >United Kingdom<\/option><option value=\"United States\" >United States<\/option><option value=\"Uruguay\" >Uruguay<\/option><option value=\"Uzbek istan\" >Uzbek istan<\/option><option value=\"Vanuatu\" >Vanuatu<\/option><option value=\"Vatican City\" >Vatican City<\/option><option value=\"Venezuela\" >Venezuela<\/option><option value=\"Vietnam\" >Vietnam<\/option><option value=\"British Virgin Islands\" >British Virgin Islands<\/option><option value=\"US Virgin Islands\" >US Virgin Islands<\/option><option value=\"Yemen\" >Yemen<\/option><option value=\"Zambia\" >Zambia<\/option><option value=\"Zimbabwe\" >Zimbabwe<\/option>                            <\/select>                                                    <\/div>                    <\/section>                    <section class=\"pc_form_field pc_select_ftype pc_f_eligue-un-producto pc_multiselect\" data-fname=\"eligue-un-producto\">                        <label for=\"69d574fc30fa6_eligue-un-producto\">Product <sup class=\"pc_req_field\">&#10033;<\/sup><\/label>                        <div class=\"pc_field_container\">                                                        <select name=\"eligue-un-producto[]\" multiple=\"multiple\" required=\"required\" data-placeholder=\"\" id=\"69d574fc30fa6_eligue-un-producto\" autocomplete=\"off\"><option value=\"Select one or more products\" >Select one or more products<\/option><option value=\"neoStampa\" >neoStampa<\/option><option value=\"neoMatch\" >neoMatch<\/option><option value=\"neoTextil\" >neoTextil<\/option><option value=\"neoCatalog\" >neoCatalog<\/option>                            <\/select>                                                    <\/div>                    <\/section><div class=\"pc_hnpt_code\" aria-hidden=\"true\">            <label for=\"849651_pc_hnpt_1\">hpt 849651 1<\/label><input type=\"text\" name=\"pc_hnpt_1\" value=\"\" id=\"849651_pc_hnpt_1\" autocomplete=\"off\" \/>                        <label for=\"849651_pc_hnpt_2\">hpt 849651 2<\/label><input type=\"text\" name=\"pc_hnpt_2\" value=\"849651\" id=\"849651_pc_hnpt_2\" autocomplete=\"off\" required \/>                        <label for=\"849651_pc_hnpt_3\">hpt 849651 3<\/label><input type=\"text\" name=\"pc_hnpt_3\" value=\"6962458211\" id=\"849651_pc_hnpt_3\" autocomplete=\"off\" required \/><\/div><section class=\"pc_disclaimer_f_sep pc_fullw_field\"><\/section>                        <section class=\"pc_disclaimer_f pc_fullw_field pc_form_field pc_single_checkbox_ftype pc_f_pc_disclaimer\" data-fname=\"pc_disclaimer\">                            <input type=\"checkbox\" name=\"pc_disclaimer\" value=\"1\"  required=\"required\" id=\"69d574fc30fa6_pc_disclaimer\" autocomplete=\"off\" \/>                            <label class=\"pc_disclaimer_ftxt\" for=\"69d574fc30fa6_pc_disclaimer\" role=\"button\" tabindex=\"0\">Confirmo que mis datos son correctos y acepto la pol\u00edtica de <a style=\"color: #000000;\" href=\"https:\/\/www.inedit.com\/es\/aviso-legal\/\" target=\"_blank\" rel=\"noopener\">protecci\u00f3n de datos<\/a> de In\u00e8dit Software S.L.<\/label>                        <\/section><\/fieldset>        <script type='text\/javascript'>        (function() {            'use strict';              const intval = setInterval(() => {                if(typeof(pcud_vars) == 'undefined' || typeof(window.pcud_live_combo_opts) == 'undefined') {                    return true;                }                else {                    clearTimeout(intval);                        pcud_vars.form_cond['==QOxIzN2kzMwQTN'] = JSON.parse(`{\"username\":0,\"email\":0,\"psw\":0,\"name\":0,\"surname\":0,\"company\":0,\"cargo\":0,\"pais\":0,\"eligue-un-producto\":0}`);                }            }, 50);        })();            <\/script><div class=\"pc_form_response pc_reg_message\"><\/div><button class=\"pc_reg_btn  \" type=\"submit\">                <span class=\"pc_inner_btn\">Registrarme<\/span>            <\/button><\/form><\/div>[\/vc_column][\/vc_row]<\/p>\n<\/div>","protected":false},"excerpt":{"rendered":"<p>[vc_row equal_height=\u00bbyes\u00bb content_placement=\u00bbmiddle\u00bb css=\u00bb.vc_custom_1746433171877{padding-top: 80px !important;padding-bottom: 80px !important;}\u00bb conditional_render=\u00bb%5B%7B%22value_role%22%3A%22administrator%22%7D%5D\u00bb css_params=\u00bb\u00bb][vc_column width=\u00bb1\/2&#8243;][vc_column_text]Reg\u00edstrate ahora y accede a\u00a0nuestra zona privada de descargas[\/vc_column_text][\/vc_column][vc_column width=\u00bb1\/2&#8243;][\/vc_column][\/vc_row]<\/p>\n","protected":false},"author":1,"featured_media":0,"parent":0,"menu_order":0,"comment_status":"closed","ping_status":"closed","template":"","meta":{"_acf_changed":false,"_monsterinsights_skip_tracking":false,"_monsterinsights_sitenote_active":false,"_monsterinsights_sitenote_note":"","_monsterinsights_sitenote_category":0,"footnotes":""},"class_list":["post-792","page","type-page","status-publish","hentry"],"acf":[],"_links":{"self":[{"href":"https:\/\/www.inedit.com\/es\/wp-json\/wp\/v2\/pages\/792","targetHints":{"allow":["GET"]}}],"collection":[{"href":"https:\/\/www.inedit.com\/es\/wp-json\/wp\/v2\/pages"}],"about":[{"href":"https:\/\/www.inedit.com\/es\/wp-json\/wp\/v2\/types\/page"}],"author":[{"embeddable":true,"href":"https:\/\/www.inedit.com\/es\/wp-json\/wp\/v2\/users\/1"}],"replies":[{"embeddable":true,"href":"https:\/\/www.inedit.com\/es\/wp-json\/wp\/v2\/comments?post=792"}],"version-history":[{"count":2,"href":"https:\/\/www.inedit.com\/es\/wp-json\/wp\/v2\/pages\/792\/revisions"}],"predecessor-version":[{"id":25710,"href":"https:\/\/www.inedit.com\/es\/wp-json\/wp\/v2\/pages\/792\/revisions\/25710"}],"wp:attachment":[{"href":"https:\/\/www.inedit.com\/es\/wp-json\/wp\/v2\/media?parent=792"}],"curies":[{"name":"wp","href":"https:\/\/api.w.org\/{rel}","templated":true}]}}